{"id":112,"date":"2022-03-10T15:33:45","date_gmt":"2022-03-10T14:33:45","guid":{"rendered":"https:\/\/serres-lab.com\/?page_id=112"},"modified":"2022-11-09T18:54:33","modified_gmt":"2022-11-09T17:54:33","slug":"projets-de-recherche-actuels","status":"publish","type":"page","link":"https:\/\/serres-lab.com\/fr\/recherche\/projets-de-recherche-actuels\/","title":{"rendered":"Projets actuels"},"content":{"rendered":"\n<h2 class=\"wp-block-heading\" id=\"projets-de-recherche-actuels\"><strong>Projets de recherche<\/strong> actuels<\/h2>\n\n\n<div class=\"listOfPages\"><div class=\"pageInList \">\n\n    \n\n\t<a class=\"pageThumbnailLink\" href=\"https:\/\/serres-lab.com\/fr\/recherche\/projets-de-recherche-actuels\/ecopol\/\">\n\n            <div class=\"pageInListHeader\">\n                <h4 class=\"pageInListTitle\">ECOPOL<\/h4>\n                <div class=\"postExcerpt\"><p>L&rsquo;objectif du projet ECOPOL est de d\u00e9velopper un compas optique pour garantir la d\u00e9tection du cap lors de la navigation de robots mobiles autonomes dans des environnements d\u00e9pourvus de GNSS.<\/p>\n<\/div>\n                <span class=\"fakeBtn\">En savoir plus <i class=\"fas fa-arrow-right\"><\/i><\/span>\n            <\/div>\n            \n            \n           \n            \n                         <div class=\"pageThumbnailWrapper\">\n                                <img loading=\"lazy\" decoding=\"async\" src=\"https:\/\/serres-lab.com\/wp-content\/uploads\/2025\/05\/01-logo-ecopol-RVB.png\" width=\"1572\" height=\"556\" alt=\"\" class=\"lazyload\" \/>\n            <\/div>\n                        \n        <\/a>\n\n<\/div><!-- pageInList -->\n<div class=\"pageInList \">\n\n    \n\n\t<a class=\"pageThumbnailLink\" href=\"https:\/\/serres-lab.com\/fr\/recherche\/projets-de-recherche-actuels\/hexapod-robotics\/\">\n\n            <div class=\"pageInListHeader\">\n                <h4 class=\"pageInListTitle\">Robotique hexapode<\/h4>\n                <div class=\"postExcerpt\"><p>L\u2019objectif de nos travaux en robotique hexapode est de concevoir de nouvelles pattes de robot biomim\u00e9tique et \u00e9conome en \u00e9nergie pour des robots hexapodes enti\u00e8rement imprim\u00e9s en 3D.<\/p>\n<\/div>\n                <span class=\"fakeBtn\">En savoir plus <i class=\"fas fa-arrow-right\"><\/i><\/span>\n            <\/div>\n            \n            \n           \n            \n                         <div class=\"pageThumbnailWrapper\">\n                                <img loading=\"lazy\" decoding=\"async\" src=\"https:\/\/serres-lab.com\/wp-content\/uploads\/2022\/09\/Pohod11-1.png\" width=\"1087\" height=\"685\" alt=\"\" class=\"lazyload\" \/>\n            <\/div>\n                        \n        <\/a>\n\n<\/div><!-- pageInList -->\n<div class=\"pageInList \">\n\n    \n\n\t<a class=\"pageThumbnailLink\" href=\"https:\/\/serres-lab.com\/fr\/recherche\/projets-de-recherche-actuels\/bio-inspired-localization\/\">\n\n            <div class=\"pageInListHeader\">\n                <h4 class=\"pageInListTitle\">Localisation bio-inspir\u00e9e<\/h4>\n                <div class=\"postExcerpt\"><p>Aujourd\u2019hui, s\u2019affranchir de toute infrastructure terrestre ou satellitaire pour naviguer repr\u00e9sente un enjeu majeur en robotique civile et militaire<\/p>\n<\/div>\n                <span class=\"fakeBtn\">En savoir plus <i class=\"fas fa-arrow-right\"><\/i><\/span>\n            <\/div>\n            \n            \n           \n            \n                         <div class=\"pageThumbnailWrapper\">\n                                <img loading=\"lazy\" decoding=\"async\" src=\"https:\/\/serres-lab.com\/wp-content\/uploads\/2022\/10\/location.png\" width=\"630\" height=\"318\" alt=\"\" class=\"lazyload\" \/>\n            <\/div>\n                        \n        <\/a>\n\n<\/div><!-- pageInList -->\n<div class=\"pageInList \">\n\n    \n\n\t<a class=\"pageThumbnailLink\" href=\"https:\/\/serres-lab.com\/fr\/recherche\/projets-de-recherche-actuels\/arts-et-science\/\">\n\n            <div class=\"pageInListHeader\">\n                <h4 class=\"pageInListTitle\">Arts et Science<\/h4>\n                <div class=\"postExcerpt\"><p>NOVABOT est un projet de th\u00e9\u00e2tre exp\u00e9rimental, original et innovant qui propose l\u2019exp\u00e9rience d\u2019une interaction entre un com\u00e9dien, un mini-dirigeable robotis\u00e9, des fragments de l\u2019\u0153uvre de Val\u00e8re Novarina (auteur de th\u00e9\u00e2tre contemporain). Une projection en temps r\u00e9el de ces images accompagnera l\u2019\u00e9nonciation de l\u2019acteur<\/p>\n<\/div>\n                <span class=\"fakeBtn\">En savoir plus <i class=\"fas fa-arrow-right\"><\/i><\/span>\n            <\/div>\n            \n            \n           \n            \n                         <div class=\"pageThumbnailWrapper\">\n                                <img loading=\"lazy\" decoding=\"async\" src=\"https:\/\/serres-lab.com\/wp-content\/uploads\/2022\/09\/Projet-NOVABOT-Matteo-Duluc-Turbulence-Mars-2022-2200x1333.jpg\" width=\"2200\" height=\"1333\" alt=\"\" class=\"lazyload\" \/>\n            <\/div>\n                        \n        <\/a>\n\n<\/div><!-- pageInList -->\n<div class=\"pageInList \">\n\n    \n\n\t<a class=\"pageThumbnailLink\" href=\"https:\/\/serres-lab.com\/fr\/recherche\/projets-de-recherche-actuels\/vol-dinsecte\/\">\n\n            <div class=\"pageInListHeader\">\n                <h4 class=\"pageInListTitle\">Vol d&rsquo;insecte<\/h4>\n                <div class=\"postExcerpt\"><p>Ces travaux de recherche exploratoires visent \u00e0 \u00e9tudier le contr\u00f4le du vol des abeilles mellif\u00e8res dans diff\u00e9rentes t\u00e2ches de navigation spatiale comme le suivi de terrain ou l&rsquo;atterrissage.<\/p>\n<\/div>\n                <span class=\"fakeBtn\">En savoir plus <i class=\"fas fa-arrow-right\"><\/i><\/span>\n            <\/div>\n            \n            \n           \n            \n                         <div class=\"pageThumbnailWrapper\">\n                                <img loading=\"lazy\" decoding=\"async\" src=\"https:\/\/serres-lab.com\/wp-content\/uploads\/2022\/04\/Abeilles-en-vol-duo.png\" width=\"700\" height=\"698\" alt=\"\" class=\"lazyload\" \/>\n            <\/div>\n                        \n        <\/a>\n\n<\/div><!-- pageInList -->\n<\/div>\n\n\n\n<div class=\"wp-block-buttons is-content-justification-center is-layout-flex wp-container-core-buttons-is-layout-a89b3969 wp-block-buttons-is-layout-flex\">\n<div class=\"wp-block-button\"><a class=\"wp-block-button__link wp-element-button\" href=\"https:\/\/serres-lab.com\/fr\/recherche\/projets-de-recherche-acheves\/\">Nos projets <strong>achev\u00e9s<\/strong><\/a><\/div>\n\n\n\n<div class=\"wp-block-button is-style-outline is-style-outline--1\"><a class=\"wp-block-button__link wp-element-button\" href=\"https:\/\/serres-lab.com\/fr\/recherche\/transfert-de-technologie\/\"><strong>Transfert de technologie<\/strong><\/a><\/div>\n<\/div>\n","protected":false},"excerpt":{"rendered":"<p>Projets de recherche actuels<\/p>\n","protected":false},"author":1,"featured_media":0,"parent":35,"menu_order":1,"comment_status":"closed","ping_status":"closed","template":"","meta":{"footnotes":""},"class_list":["post-112","page","type-page","status-publish","hentry","entry"],"_links":{"self":[{"href":"https:\/\/serres-lab.com\/fr\/wp-json\/wp\/v2\/pages\/112","targetHints":{"allow":["GET"]}}],"collection":[{"href":"https:\/\/serres-lab.com\/fr\/wp-json\/wp\/v2\/pages"}],"about":[{"href":"https:\/\/serres-lab.com\/fr\/wp-json\/wp\/v2\/types\/page"}],"author":[{"embeddable":true,"href":"https:\/\/serres-lab.com\/fr\/wp-json\/wp\/v2\/users\/1"}],"replies":[{"embeddable":true,"href":"https:\/\/serres-lab.com\/fr\/wp-json\/wp\/v2\/comments?post=112"}],"version-history":[{"count":13,"href":"https:\/\/serres-lab.com\/fr\/wp-json\/wp\/v2\/pages\/112\/revisions"}],"predecessor-version":[{"id":1884,"href":"https:\/\/serres-lab.com\/fr\/wp-json\/wp\/v2\/pages\/112\/revisions\/1884"}],"up":[{"embeddable":true,"href":"https:\/\/serres-lab.com\/fr\/wp-json\/wp\/v2\/pages\/35"}],"wp:attachment":[{"href":"https:\/\/serres-lab.com\/fr\/wp-json\/wp\/v2\/media?parent=112"}],"curies":[{"name":"wp","href":"https:\/\/api.w.org\/{rel}","templated":true}]}}