{"id":116,"date":"2022-03-10T15:49:33","date_gmt":"2022-03-10T14:49:33","guid":{"rendered":"https:\/\/serres-lab.com\/?page_id=116"},"modified":"2023-02-04T09:25:41","modified_gmt":"2023-02-04T08:25:41","slug":"flying-arena","status":"publish","type":"page","link":"https:\/\/serres-lab.com\/fr\/equipement\/flying-arena\/","title":{"rendered":"Ar\u00e8ne de Vol de la M\u00e9diterran\u00e9e (AVM)"},"content":{"rendered":"\n<h2 class=\"wp-block-heading\"><strong>Ar\u00e8ne de Vol de la M\u00e9diterran\u00e9e (AVM)<\/strong><\/h2>\n\n\n\n<figure class=\"wp-block-image size-full\"><img loading=\"lazy\" decoding=\"async\" width=\"800\" height=\"233\" src=\"https:\/\/serres-lab.com\/wp-content\/uploads\/2022\/09\/FlyingMachineArena_v2.png\" alt=\"\" class=\"wp-image-778\" srcset=\"https:\/\/serres-lab.com\/wp-content\/uploads\/2022\/09\/FlyingMachineArena_v2.png 800w, https:\/\/serres-lab.com\/wp-content\/uploads\/2022\/09\/FlyingMachineArena_v2-768x224.png 768w\" sizes=\"auto, (max-width: 800px) 100vw, 800px\" \/><figcaption class=\"wp-element-caption\">(a) CAO de l&rsquo;Ar\u00e8ne de Vol de la M\u00e9diterran\u00e9e  offrant la possibilit\u00e9 de reconfigurer l&rsquo;espace de vol couvert par 19 cam\u00e9ras VICON. (b) Ar\u00e8ne de vol en phase de calibration (Photo S. Viollet et&nbsp;F.&nbsp;Ruffier).<\/figcaption><\/figure>\n\n\n\n<div style=\"height:60px\" aria-hidden=\"true\" class=\"wp-block-spacer\"><\/div>\n\n\n\n<div class=\"wp-block-columns is-layout-flex wp-container-core-columns-is-layout-28f84493 wp-block-columns-is-layout-flex\">\n<div class=\"wp-block-column is-layout-flow wp-block-column-is-layout-flow\">\n<p>L&rsquo;AVM consiste en une chambre de vol de 8 m de long par 6 m de large et 6 m de haut d\u00e9di\u00e9e \u00e0 l&rsquo;exp\u00e9rimentation robotique (terrestre et a\u00e9rienne). Son volume est film\u00e9 par 19 cam\u00e9ras VICON (T40S), elle offre une pr\u00e9cision millim\u00e9trique en mati\u00e8re de positionnement avec une r\u00e9solution temporelle de 4 ms.<br><br>La structure tubulaire du plafond est motoris\u00e9e et offre ainsi la possibilit\u00e9 de reconfigurer le volume de la chambre de vol.<\/p>\n\n\n\n<p>La plateforme de recherche AVM est actuellement sous la responsabilit\u00e9 de <a href=\"http:\/\/www.ism.univ-amu.fr\/ruffier\/\">Franck Ruffier<\/a> (Directeur de Recherche CNRS).<\/p>\n\n\n\n<p><strong>Courriel : <\/strong><a href=\"mailto:franck.ruffier(at)univ-amu.fr\">franck.ruffier(at)univ-amu.fr<\/a><br><strong>T\u00e9l :<\/strong> +33 (0) 4 13 94 60 96<\/p>\n<\/div>\n\n\n\n<div class=\"wp-block-column is-layout-flow wp-block-column-is-layout-flow\">\n<figure class=\"wp-block-embed is-type-video is-provider-youtube wp-block-embed-youtube wp-embed-aspect-16-9 wp-has-aspect-ratio\"><div class=\"wp-block-embed__wrapper\">\n<iframe loading=\"lazy\" title=\"Ar\u00e8ne de Vol\" width=\"640\" height=\"360\" src=\"https:\/\/www.youtube.com\/embed\/k0QyUrWZwrA?feature=oembed\" frameborder=\"0\" allow=\"accelerometer; autoplay; clipboard-write; encrypted-media; gyroscope; picture-in-picture; web-share\" referrerpolicy=\"strict-origin-when-cross-origin\" allowfullscreen><\/iframe>\n<\/div><\/figure>\n<\/div>\n<\/div>\n","protected":false},"excerpt":{"rendered":"<p>L&rsquo;AVM consiste en une chambre de vol de 8 m de long par 6 m de large et 6 m de haut d\u00e9di\u00e9e \u00e0 l&rsquo;exp\u00e9rimentation robotique (terrestre et a\u00e9rienne). <\/p>\n","protected":false},"author":1,"featured_media":765,"parent":31,"menu_order":1,"comment_status":"closed","ping_status":"closed","template":"","meta":{"footnotes":""},"class_list":["post-116","page","type-page","status-publish","has-post-thumbnail","hentry","entry"],"_links":{"self":[{"href":"https:\/\/serres-lab.com\/fr\/wp-json\/wp\/v2\/pages\/116","targetHints":{"allow":["GET"]}}],"collection":[{"href":"https:\/\/serres-lab.com\/fr\/wp-json\/wp\/v2\/pages"}],"about":[{"href":"https:\/\/serres-lab.com\/fr\/wp-json\/wp\/v2\/types\/page"}],"author":[{"embeddable":true,"href":"https:\/\/serres-lab.com\/fr\/wp-json\/wp\/v2\/users\/1"}],"replies":[{"embeddable":true,"href":"https:\/\/serres-lab.com\/fr\/wp-json\/wp\/v2\/comments?post=116"}],"version-history":[{"count":19,"href":"https:\/\/serres-lab.com\/fr\/wp-json\/wp\/v2\/pages\/116\/revisions"}],"predecessor-version":[{"id":2187,"href":"https:\/\/serres-lab.com\/fr\/wp-json\/wp\/v2\/pages\/116\/revisions\/2187"}],"up":[{"embeddable":true,"href":"https:\/\/serres-lab.com\/fr\/wp-json\/wp\/v2\/pages\/31"}],"wp:featuredmedia":[{"embeddable":true,"href":"https:\/\/serres-lab.com\/fr\/wp-json\/wp\/v2\/media\/765"}],"wp:attachment":[{"href":"https:\/\/serres-lab.com\/fr\/wp-json\/wp\/v2\/media?parent=116"}],"curies":[{"name":"wp","href":"https:\/\/api.w.org\/{rel}","templated":true}]}}