{"id":118,"date":"2022-03-10T15:49:59","date_gmt":"2022-03-10T14:49:59","guid":{"rendered":"https:\/\/serres-lab.com\/?page_id=118"},"modified":"2022-10-14T17:37:52","modified_gmt":"2022-10-14T15:37:52","slug":"atelier-electronique","status":"publish","type":"page","link":"https:\/\/serres-lab.com\/fr\/equipement\/atelier-electronique\/","title":{"rendered":"Atelier \u00e9lectronique"},"content":{"rendered":"\n<h2 class=\"wp-block-heading\"><strong>Atelier \u00e9lectronique<\/strong><\/h2>\n\n\n\n<div class=\"wp-block-columns alignwide is-layout-flex wp-container-core-columns-is-layout-28f84493 wp-block-columns-is-layout-flex\">\n<div class=\"wp-block-column is-layout-flow wp-block-column-is-layout-flow\">\n<p>Notre \u00e9quipe dispose d&rsquo;un atelier d&rsquo;\u00e9lectronique \u00e9quip\u00e9 d&rsquo;une machine \u00e0 commande num\u00e9rique pour la r\u00e9alisation de cartes \u00e9lectroniques prototyp\u00e9es.<\/p>\n\n\n\n<p>L&rsquo;atelier d&rsquo;\u00e9lectronique est actuellement sous la responsabilit\u00e9 de <a href=\"https:\/\/www.linkedin.com\/in\/jean-marc-ingargiola-588046168\/\" data-type=\"URL\" data-id=\"https:\/\/www.linkedin.com\/in\/jean-marc-ingargiola-588046168\/\">Jean-Marc Ingargiola<\/a>&nbsp;(Ing\u00e9nieur d&rsquo;\u00e9tudes Aix Marseille Universit\u00e9).<\/p>\n\n\n\n<p><strong>Courriel :<\/strong> <a href=\"mailto:jean-marc.ingargiola@univ-amu.fr\" data-type=\"mailto\" data-id=\"mailto:jean-marc.ingargiola@univ-amu.fr\">jean-marc.ingargiola(at)univ-amu.fr<\/a><br><strong>T\u00e9l :<\/strong>&nbsp;+33 (0) 4 13 94 60 90<\/p>\n<\/div>\n\n\n\n<div class=\"wp-block-column is-layout-flow wp-block-column-is-layout-flow\">\n<figure class=\"wp-block-image size-large\"><img loading=\"lazy\" decoding=\"async\" width=\"1024\" height=\"805\" src=\"https:\/\/serres-lab.com\/wp-content\/uploads\/2022\/03\/michael-dziedzic-unsplash-1024x805.jpg\" alt=\"\" class=\"wp-image-193\" srcset=\"https:\/\/serres-lab.com\/wp-content\/uploads\/2022\/03\/michael-dziedzic-unsplash-1024x805.jpg 1024w, https:\/\/serres-lab.com\/wp-content\/uploads\/2022\/03\/michael-dziedzic-unsplash-300x236.jpg 300w, https:\/\/serres-lab.com\/wp-content\/uploads\/2022\/03\/michael-dziedzic-unsplash-768x604.jpg 768w, https:\/\/serres-lab.com\/wp-content\/uploads\/2022\/03\/michael-dziedzic-unsplash-1536x1207.jpg 1536w, https:\/\/serres-lab.com\/wp-content\/uploads\/2022\/03\/michael-dziedzic-unsplash-2048x1610.jpg 2048w\" sizes=\"auto, (max-width: 1024px) 100vw, 1024px\" \/><\/figure>\n<\/div>\n<\/div>\n","protected":false},"excerpt":{"rendered":"<p>Notre \u00e9quipe dispose d&rsquo;un atelier d&rsquo;\u00e9lectronique \u00e9quip\u00e9 d&rsquo;une machine \u00e0 commande num\u00e9rique pour la r\u00e9alisation de cartes \u00e9lectroniques prototyp\u00e9es.<\/p>\n","protected":false},"author":1,"featured_media":1430,"parent":31,"menu_order":2,"comment_status":"closed","ping_status":"closed","template":"","meta":{"footnotes":""},"class_list":["post-118","page","type-page","status-publish","has-post-thumbnail","hentry","entry"],"_links":{"self":[{"href":"https:\/\/serres-lab.com\/fr\/wp-json\/wp\/v2\/pages\/118","targetHints":{"allow":["GET"]}}],"collection":[{"href":"https:\/\/serres-lab.com\/fr\/wp-json\/wp\/v2\/pages"}],"about":[{"href":"https:\/\/serres-lab.com\/fr\/wp-json\/wp\/v2\/types\/page"}],"author":[{"embeddable":true,"href":"https:\/\/serres-lab.com\/fr\/wp-json\/wp\/v2\/users\/1"}],"replies":[{"embeddable":true,"href":"https:\/\/serres-lab.com\/fr\/wp-json\/wp\/v2\/comments?post=118"}],"version-history":[{"count":9,"href":"https:\/\/serres-lab.com\/fr\/wp-json\/wp\/v2\/pages\/118\/revisions"}],"predecessor-version":[{"id":1401,"href":"https:\/\/serres-lab.com\/fr\/wp-json\/wp\/v2\/pages\/118\/revisions\/1401"}],"up":[{"embeddable":true,"href":"https:\/\/serres-lab.com\/fr\/wp-json\/wp\/v2\/pages\/31"}],"wp:featuredmedia":[{"embeddable":true,"href":"https:\/\/serres-lab.com\/fr\/wp-json\/wp\/v2\/media\/1430"}],"wp:attachment":[{"href":"https:\/\/serres-lab.com\/fr\/wp-json\/wp\/v2\/media?parent=118"}],"curies":[{"name":"wp","href":"https:\/\/api.w.org\/{rel}","templated":true}]}}