{"id":1605,"date":"2022-10-24T17:33:39","date_gmt":"2022-10-24T15:33:39","guid":{"rendered":"https:\/\/serres-lab.com\/?page_id=1605"},"modified":"2024-09-18T17:54:15","modified_gmt":"2024-09-18T15:54:15","slug":"experience-professionnelle","status":"publish","type":"page","link":"https:\/\/serres-lab.com\/fr\/cv\/experience-professionnelle\/","title":{"rendered":"Exp\u00e9rience professionnelle"},"content":{"rendered":"\n<h2 class=\"wp-block-heading\"><strong>Exp\u00e9rience <\/strong>professionnelle<\/h2>\n\n\n\n<div class=\"wp-block-columns alignwide formationCols is-layout-flex wp-container-core-columns-is-layout-28f84493 wp-block-columns-is-layout-flex\">\n<div class=\"wp-block-column is-layout-flow wp-block-column-is-layout-flow\" style=\"flex-basis:120px\">\n<p class=\"has-grey-color has-text-color has-medium-font-size\" id=\"2008\"><strong>Depuis 2024<\/strong><\/p>\n<\/div>\n\n\n\n<div class=\"wp-block-column is-layout-flow wp-block-column-is-layout-flow\" style=\"flex-basis:90%\">\n<p class=\"has-large-font-size\"><strong>Professeur des universit\u00e9s, section universitaire 74<\/strong><\/p>\n\n\n\n<p>Enseignements : <a href=\"https:\/\/fss.univ-amu.fr\/fr\" data-type=\"URL\" data-id=\"https:\/\/fss.univ-amu.fr\/fr\">Facult\u00e9 des Sciences du Sport<\/a>, Aix-Marseille Universit\u00e9.<\/p>\n\n\n\n<p class=\"has-medium-font-size\">Recherche : <a href=\"https:\/\/ism.univ-amu.fr\/\" data-type=\"link\" data-id=\"https:\/\/ism.univ-amu.fr\/\">Institut des Sciences du Mouvement (ISM UMR 7287)<\/a>.<br>&#8211; Membre du conseil de direction de l\u2019Institut des Sciences du Mouvement (170 personnels)<br>&#8211; Responsable de l\u2019axe Biorobotique (25 personnels)<br>&#8211; Membre de la cellule \u00ab\u00a0Communication\u00a0\u00bb de l&rsquo;ISM UMR7287<br>&#8211; Membre de la cellule \u00ab\u00a0Gestion de donn\u00e9es\u00a0\u00bb de l&rsquo;ISM UMR7287<\/p>\n\n\n\n<p class=\"has-small-font-size\"><a href=\"https:\/\/www.legifrance.gouv.fr\/jorf\/id\/JORFTEXT000050070739\" data-type=\"link\" data-id=\"https:\/\/www.legifrance.gouv.fr\/jorf\/id\/JORFTEXT000050070739\">Journal Officiel de la R\u00e9publique Fran\u00e7aise n\u00b00185 du 4 ao\u00fbt 2024, texte 35<\/a><\/p>\n<\/div>\n<\/div>\n\n\n\n<div class=\"wp-block-columns alignwide formationCols is-layout-flex wp-container-core-columns-is-layout-28f84493 wp-block-columns-is-layout-flex\">\n<div class=\"wp-block-column is-layout-flow wp-block-column-is-layout-flow\" style=\"flex-basis:120px\">\n<p class=\"has-grey-color has-text-color has-medium-font-size\" id=\"2008\"><strong>2014-2024<\/strong><\/p>\n<\/div>\n\n\n\n<div class=\"wp-block-column is-layout-flow wp-block-column-is-layout-flow\" style=\"flex-basis:90%\">\n<p class=\"has-large-font-size\"><strong>Ma\u00eetre de conf\u00e9rences, section universitaire 74<\/strong><\/p>\n\n\n\n<p>Enseignements : <a href=\"https:\/\/fss.univ-amu.fr\/fr\" data-type=\"URL\" data-id=\"https:\/\/fss.univ-amu.fr\/fr\">Facult\u00e9 des Sciences du Sport<\/a>, Aix-Marseille Universit\u00e9.<\/p>\n\n\n\n<p>Temps plein (~ 250h\/an) aupr\u00e8s d&rsquo;\u00e9tudiants de master ou de licence STAPS.<br>Disciplines : Statistiques avec \u00ab\u00a0R\u00a0\u00bb, Traitement du signal avec \u00ab\u00a0Matlab\u00a0\u00bb, Acquisition de donn\u00e9es, Math\u00e9matiques, Physique, Capteurs, Neuro\u00e9thologie, Biorobotique.<\/p>\n\n\n\n<p>Recherche : <a href=\"https:\/\/ism.univ-amu.fr\/fr\" data-type=\"URL\" data-id=\"https:\/\/ism.univ-amu.fr\/fr\">Institut des Sciences du Mouvement (ISM) &#8211; UMR 7287<\/a>.<\/p>\n<\/div>\n<\/div>\n\n\n\n<div class=\"wp-block-columns alignwide formationCols is-layout-flex wp-container-core-columns-is-layout-28f84493 wp-block-columns-is-layout-flex\">\n<div class=\"wp-block-column is-layout-flow wp-block-column-is-layout-flow\" style=\"flex-basis:120px\">\n<p class=\"has-grey-color has-text-color has-medium-font-size\" id=\"2008\"><strong>2008-2014<\/strong><\/p>\n<\/div>\n\n\n\n<div class=\"wp-block-column is-layout-flow wp-block-column-is-layout-flow\" style=\"flex-basis:90%\">\n<p class=\"has-large-font-size\"><strong>Chercheur Associ\u00e9 &#8211; Institut des Sciences du Mouvement (ISM) &#8211; UMR 7287<\/strong><\/p>\n\n\n\n<p>Projet de recherche : \u00ab&nbsp;<a href=\"https:\/\/hal.archives-ouvertes.fr\/hal-02010550\/\" data-type=\"URL\" data-id=\"https:\/\/hal.archives-ouvertes.fr\/hal-02010550\/\">\u00c9tude du syst\u00e8me de navigation visuelle de l\u2019abeille<\/a>&nbsp;\u00bb avec&nbsp;<a href=\"https:\/\/scholar.google.com\/citations?user=H_yIbpgAAAAJ&amp;hl=fr&amp;oi=ao\" data-type=\"URL\" data-id=\"https:\/\/scholar.google.com\/citations?user=H_yIbpgAAAAJ&amp;hl=fr&amp;oi=ao\">Franck Ruffier<\/a>.<\/p>\n\n\n\n<p>Projet de recherche&nbsp;: \u00ab&nbsp;<a href=\"https:\/\/serres-lab.com\/recherche\/projets-de-recherche-acheves\/lora-hovercraft-robot\/\" data-type=\"URL\" data-id=\"https:\/\/serres-lab.com\/recherche\/projets-de-recherche-acheves\/lora-hovercraft-robot\/\">La r\u00e9gulation du flux optique sur le robot a\u00e9roglisseur LORA<\/a>&nbsp;\u00bb avec <a href=\"https:\/\/scholar.google.com\/citations?user=H_yIbpgAAAAJ&amp;hl=fr&amp;oi=ao\" data-type=\"URL\" data-id=\"https:\/\/scholar.google.com\/citations?user=H_yIbpgAAAAJ&amp;hl=fr&amp;oi=ao\">Franck Ruffier<\/a> et&nbsp;<a href=\"https:\/\/scholar.google.com\/citations?user=iIGoymcAAAAJ&amp;hl=fr\" data-type=\"URL\" data-id=\"https:\/\/scholar.google.com\/citations?user=iIGoymcAAAAJ&amp;hl=fr\">St\u00e9phane Viollet<\/a>.<\/p>\n<\/div>\n<\/div>\n\n\n\n<div class=\"wp-block-columns alignwide formationCols is-layout-flex wp-container-core-columns-is-layout-28f84493 wp-block-columns-is-layout-flex\">\n<div class=\"wp-block-column is-layout-flow wp-block-column-is-layout-flow\" style=\"flex-basis:120px\">\n<p class=\"has-grey-color has-text-color has-medium-font-size\" id=\"2008\"><strong>2007-2014<\/strong><\/p>\n<\/div>\n\n\n\n<div class=\"wp-block-column is-layout-flow wp-block-column-is-layout-flow\" style=\"flex-basis:90%\">\n<p class=\"has-large-font-size\"><strong>Professeur Agr\u00e9g\u00e9 de Physique Appliqu\u00e9e<\/strong><br><strong>Poste Sp\u00e9cifique en secteur industriel \u2013 BTS \u00e9lectrotechnique<\/strong><\/p>\n\n\n\n<p>Lyc\u00e9e Marie Madeleine Fourcade, Gardanne, Acad\u00e9mie d\u2019Aix-Marseille.<br>~ 530h\/an en formation initiale ou en formation par alternance<\/p>\n\n\n\n<p>Formateur au GRETA Provence Arbois de 2009 \u00e0 2014.<\/p>\n\n\n\n<p>P\u00e9dagogies pr\u00e9-bac et post-bac.<\/p>\n<\/div>\n<\/div>\n\n\n\n<div class=\"wp-block-columns alignwide formationCols is-layout-flex wp-container-core-columns-is-layout-28f84493 wp-block-columns-is-layout-flex\">\n<div class=\"wp-block-column is-layout-flow wp-block-column-is-layout-flow\" style=\"flex-basis:120px\">\n<p class=\"has-grey-color has-text-color has-medium-font-size\" id=\"2008\"><strong>2006-2007<\/strong><\/p>\n<\/div>\n\n\n\n<div class=\"wp-block-column is-layout-flow wp-block-column-is-layout-flow\" style=\"flex-basis:90%\">\n<p class=\"has-large-font-size\"><strong>Professeur Stagiaire de Physique Appliqu\u00e9e<\/strong><\/p>\n\n\n\n<p>Formation par alternance au m\u00e9tier d\u2019enseignant.<\/p>\n\n\n\n<p>Lyc\u00e9e \u00c9douard Branly, Lyon, Acad\u00e9mie de Lyon.<br>~ 250h\/an aupr\u00e8s de lyc\u00e9ens et d&rsquo;\u00e9tudiants<\/p>\n\n\n\n<p>P\u00e9dagogie pr\u00e9-bac.<\/p>\n<\/div>\n<\/div>\n\n\n\n<div class=\"wp-block-columns alignwide formationCols is-layout-flex wp-container-core-columns-is-layout-28f84493 wp-block-columns-is-layout-flex\">\n<div class=\"wp-block-column is-layout-flow wp-block-column-is-layout-flow\" style=\"flex-basis:120px\">\n<p class=\"has-grey-color has-text-color has-medium-font-size\" id=\"2008\"><strong>2003-2006<\/strong><\/p>\n<\/div>\n\n\n\n<div class=\"wp-block-column is-layout-flow wp-block-column-is-layout-flow\" style=\"flex-basis:90%\">\n<p class=\"has-large-font-size\"><strong>Doctorant en Biorobotique<\/strong><\/p>\n\n\n\n<p>Contrat \u00e0 Dur\u00e9e D\u00e9termin\u00e9e (CDD CNRS)<\/p>\n\n\n\n<p>Directeur de th\u00e8se : <a href=\"https:\/\/scholar.google.com\/citations?user=Y3fvA_cAAAAJ&amp;hl=fr&amp;oi=ao\">Dr Nicolas FRANCESCHINI<\/a> (DR CNRS)<\/p>\n\n\n\n<p>Campus CNRS Joseph Aiguier, Marseille, France<\/p>\n<\/div>\n<\/div>\n\n\n\n<div class=\"wp-block-columns alignwide formationCols is-layout-flex wp-container-core-columns-is-layout-28f84493 wp-block-columns-is-layout-flex\">\n<div class=\"wp-block-column is-layout-flow wp-block-column-is-layout-flow\" style=\"flex-basis:120px\">\n<p class=\"has-grey-color has-text-color has-medium-font-size\" id=\"2008\"><strong>2003<\/strong><\/p>\n<\/div>\n\n\n\n<div class=\"wp-block-column is-layout-flow wp-block-column-is-layout-flow\" style=\"flex-basis:90%\">\n<p class=\"has-large-font-size\"><strong><span style=\"\"><b>Stage Recherche Dipl\u00f4me d&rsquo;<strong>\u00c9<\/strong>tudes <\/b><\/span>Approfondies (DEA) &#8211; M2 Recherche<strong> <\/strong><\/strong><\/p>\n\n\n\n<p>Titre du m\u00e9moire : Optimisation de paradigmes exp\u00e9rimentaux d\u00e9di\u00e9s \u00e0 l\u2019IRM fonctionnel.<\/p>\n\n\n\n<p>Dur\u00e9e&nbsp;: 5 mois&nbsp;; Tuteur&nbsp;:&nbsp;<a href=\"https:\/\/scholar.google.com\/citations?hl=fr&amp;user=BU7Zdi4AAAAJ&amp;view_op=list_works&amp;sortby=pubdate\">Dr Jean-Baptise POLINE<\/a>&nbsp;(Chercheur CEA).<\/p>\n\n\n\n<p>CEA &#8211; Service Hospitalier Fr\u00e9d\u00e9ric Joliot \u2013 Orsay<\/p>\n<\/div>\n<\/div>\n\n\n\n<div class=\"wp-block-columns alignwide formationCols is-layout-flex wp-container-core-columns-is-layout-28f84493 wp-block-columns-is-layout-flex\">\n<div class=\"wp-block-column is-layout-flow wp-block-column-is-layout-flow\" style=\"flex-basis:120px\">\n<p class=\"has-grey-color has-text-color has-medium-font-size\" id=\"2008\"><strong>2001<\/strong><\/p>\n<\/div>\n\n\n\n<div class=\"wp-block-column is-layout-flow wp-block-column-is-layout-flow\" style=\"flex-basis:90%\">\n<p class=\"has-large-font-size\"><strong><span style=\"\"><b>Stage Recherche <strong>Ma\u00eetrise<\/strong><\/b><\/span> &#8211; M1 Recherche<strong> <\/strong><\/strong><\/p>\n\n\n\n<p>Titre du m\u00e9moire : Calibration d\u2019un ergom\u00e8tre du muscle de la jambe.<\/p>\n\n\n\n<p>Dur\u00e9e&nbsp;: 2 mois&nbsp;; Tuteur&nbsp;:&nbsp;<a href=\"https:\/\/www.researchgate.net\/profile\/David_Bendahan2\">Dr David BENDAHAN<\/a>&nbsp;(CR CNRS).<\/p>\n\n\n\n<p><a href=\"https:\/\/crmbm.univ-amu.fr\/\" data-type=\"URL\" data-id=\"https:\/\/crmbm.univ-amu.fr\/\">CRMBM<\/a> \u2013 Aix-Marseille Universit\u00e9<\/p>\n<\/div>\n<\/div>\n","protected":false},"excerpt":{"rendered":"<p>Exp\u00e9rience professionnelle Depuis 2024 Professeur des universit\u00e9s, section universitaire 74 Enseignements : Facult\u00e9 des Sciences du Sport, Aix-Marseille Universit\u00e9. Recherche [&hellip;]<\/p>\n","protected":false},"author":2,"featured_media":0,"parent":27,"menu_order":1,"comment_status":"closed","ping_status":"closed","template":"","meta":{"footnotes":""},"class_list":["post-1605","page","type-page","status-publish","hentry","entry"],"_links":{"self":[{"href":"https:\/\/serres-lab.com\/fr\/wp-json\/wp\/v2\/pages\/1605","targetHints":{"allow":["GET"]}}],"collection":[{"href":"https:\/\/serres-lab.com\/fr\/wp-json\/wp\/v2\/pages"}],"about":[{"href":"https:\/\/serres-lab.com\/fr\/wp-json\/wp\/v2\/types\/page"}],"author":[{"embeddable":true,"href":"https:\/\/serres-lab.com\/fr\/wp-json\/wp\/v2\/users\/2"}],"replies":[{"embeddable":true,"href":"https:\/\/serres-lab.com\/fr\/wp-json\/wp\/v2\/comments?post=1605"}],"version-history":[{"count":21,"href":"https:\/\/serres-lab.com\/fr\/wp-json\/wp\/v2\/pages\/1605\/revisions"}],"predecessor-version":[{"id":2795,"href":"https:\/\/serres-lab.com\/fr\/wp-json\/wp\/v2\/pages\/1605\/revisions\/2795"}],"up":[{"embeddable":true,"href":"https:\/\/serres-lab.com\/fr\/wp-json\/wp\/v2\/pages\/27"}],"wp:attachment":[{"href":"https:\/\/serres-lab.com\/fr\/wp-json\/wp\/v2\/media?parent=1605"}],"curies":[{"name":"wp","href":"https:\/\/api.w.org\/{rel}","templated":true}]}}