{"id":1750,"date":"2022-10-30T18:07:47","date_gmt":"2022-10-30T17:07:47","guid":{"rendered":"https:\/\/serres-lab.com\/?page_id=1750"},"modified":"2023-01-29T09:52:30","modified_gmt":"2023-01-29T08:52:30","slug":"responsabilites-administratives","status":"publish","type":"page","link":"https:\/\/serres-lab.com\/fr\/cv\/responsabilites-administratives\/","title":{"rendered":"Responsabilit\u00e9s administratives"},"content":{"rendered":"\n<h2 class=\"wp-block-heading\"><strong>Responsabilit\u00e9s<\/strong> administratives et collectives<\/h2>\n\n\n\n<div class=\"wp-block-columns alignwide formationCols is-layout-flex wp-container-core-columns-is-layout-28f84493 wp-block-columns-is-layout-flex\">\n<div class=\"wp-block-column is-layout-flow wp-block-column-is-layout-flow\" style=\"flex-basis:120px\">\n<p class=\"has-grey-color has-text-color has-medium-font-size\" id=\"2008\"><strong>Depuis 2023<\/strong><\/p>\n<\/div>\n\n\n\n<div class=\"wp-block-column is-layout-flow wp-block-column-is-layout-flow\" style=\"flex-basis:90%\">\n<p class=\"has-large-font-size\"><strong>Membre du conseil de direction de l\u2019<a href=\"https:\/\/ism.univ-amu.fr\/\" data-type=\"URL\" data-id=\"https:\/\/ism.univ-amu.fr\/\">Institut des Sciences du Mouvement UMR7287<\/a><\/strong><\/p>\n\n\n\n<p>Responsable de l&rsquo;axe Biorobotique (25 personnels)<\/p>\n<\/div>\n<\/div>\n\n\n\n<div class=\"wp-block-columns alignwide formationCols is-layout-flex wp-container-core-columns-is-layout-28f84493 wp-block-columns-is-layout-flex\">\n<div class=\"wp-block-column is-layout-flow wp-block-column-is-layout-flow\" style=\"flex-basis:120px\">\n<p class=\"has-grey-color has-text-color has-medium-font-size\" id=\"2008\"><strong>Depuis 2018<\/strong><\/p>\n<\/div>\n\n\n\n<div class=\"wp-block-column is-layout-flow wp-block-column-is-layout-flow\" style=\"flex-basis:90%\">\n<p class=\"has-large-font-size\"><strong>Membre du conseil de laboratoire de l\u2019<a href=\"https:\/\/ism.univ-amu.fr\/\" data-type=\"URL\" data-id=\"https:\/\/ism.univ-amu.fr\/\">Institut des Sciences du Mouvement UMR7287<\/a><\/strong><\/p>\n\n\n\n<p>Repr\u00e9sentant du DU, charg\u00e9 de missions aupr\u00e8s du CNRS INS2I depuis 2020.<\/p>\n<\/div>\n<\/div>\n\n\n\n<div class=\"wp-block-columns alignwide formationCols is-layout-flex wp-container-core-columns-is-layout-28f84493 wp-block-columns-is-layout-flex\">\n<div class=\"wp-block-column is-layout-flow wp-block-column-is-layout-flow\" style=\"flex-basis:120px\">\n<p class=\"has-grey-color has-text-color has-medium-font-size\" id=\"2008\"><strong>2020-2022<\/strong><\/p>\n<\/div>\n\n\n\n<div class=\"wp-block-column is-layout-flow wp-block-column-is-layout-flow\" style=\"flex-basis:90%\">\n<p class=\"has-large-font-size\"><strong>Responsable du D\u00e9partement Num\u00e9rique &amp; Langues, <\/strong>UFR STAPS, AMU<\/p>\n\n\n\n<p>Responsable des plateformes de formation \u00e0 distance en <a href=\"https:\/\/www.7speaking.com\/fr\/\" data-type=\"URL\" data-id=\"https:\/\/www.7speaking.com\/fr\/\">7Speaking<\/a> et <a href=\"https:\/\/pix.fr\/\" data-type=\"URL\" data-id=\"https:\/\/pix.fr\/\">PIX<\/a>.<\/p>\n\n\n\n<p>Recrutement et supervision de 12 enseignants non\u2010permanents durant leur mission d\u2019enseignement.<\/p>\n\n\n\n<p><a href=\"https:\/\/fss.univ-amu.fr\/fr\" data-type=\"URL\" data-id=\"https:\/\/fss.univ-amu.fr\/fr\">Facult\u00e9 des Sciences du Sport<\/a>, Campus Luminy, Aix Marseille Universit\u00e9.<br>1800 \u00e9tudiants sur 3 sites : Marseille, Aubagne, et Gap<\/p>\n<\/div>\n<\/div>\n\n\n\n<div class=\"wp-block-columns alignwide formationCols is-layout-flex wp-container-core-columns-is-layout-28f84493 wp-block-columns-is-layout-flex\">\n<div class=\"wp-block-column is-layout-flow wp-block-column-is-layout-flow\" style=\"flex-basis:120px\">\n<p class=\"has-grey-color has-text-color has-medium-font-size\" id=\"2008\"><strong>2021-2022<\/strong><\/p>\n<\/div>\n\n\n\n<div class=\"wp-block-column is-layout-flow wp-block-column-is-layout-flow\" style=\"flex-basis:90%\">\n<p class=\"has-large-font-size\"><strong>Membre du GT Num\u00e9rique \u00e9ducatif et DREAM\u2010U au <a href=\"https:\/\/www.univ-amu.fr\/fr\/public\/le-centre-dinnovation-pedagogique-et-evaluation-cipe\" data-type=\"URL\" data-id=\"https:\/\/www.univ-amu.fr\/fr\/public\/le-centre-dinnovation-pedagogique-et-evaluation-cipe\">CIPE<\/a>, <\/strong>UFR STAPS, AMU<\/p>\n\n\n\n<p>Charg\u00e9 de mission <a href=\"https:\/\/www.univ-amu.fr\/fr\/public\/pia3-projet-dream-u\" data-type=\"URL\" data-id=\"https:\/\/www.univ-amu.fr\/fr\/public\/pia3-projet-dream-u\">DREAM*U<\/a> pour ma composante<\/p>\n\n\n\n<p><a href=\"https:\/\/fss.univ-amu.fr\/fr\" data-type=\"URL\" data-id=\"https:\/\/fss.univ-amu.fr\/fr\">Facult\u00e9 des Sciences du Sport<\/a>, Campus Luminy, Aix Marseille Universit\u00e9.<br>1800 \u00e9tudiants sur 3 sites : Marseille, Aubagne, et Gap<\/p>\n<\/div>\n<\/div>\n\n\n\n<div class=\"wp-block-columns alignwide formationCols is-layout-flex wp-container-core-columns-is-layout-28f84493 wp-block-columns-is-layout-flex\">\n<div class=\"wp-block-column is-layout-flow wp-block-column-is-layout-flow\" style=\"flex-basis:120px\">\n<p class=\"has-grey-color has-text-color has-medium-font-size\" id=\"2008\"><strong>2020-2021<\/strong><\/p>\n<\/div>\n\n\n\n<div class=\"wp-block-column is-layout-flow wp-block-column-is-layout-flow\" style=\"flex-basis:90%\">\n<p class=\"has-large-font-size\"><strong>Groupements Interdisciplinaires de Formations Th\u00e9matiques (GIFT) A\u00e9ronautique<\/strong>, UFR STAPS, AMU<\/p>\n\n\n\n<p>Charg\u00e9 de mission \u00ab\u00a0GIFT AERO\u2010DRONAMU\u00a0\u00bb impliquant 12 composantes<br>Responsable du sous\u2010groupe TRACDRO comprenant 4 composantes<\/p>\n\n\n\n<div class=\"wp-block-group is-layout-flow wp-block-group-is-layout-flow\">\n<div class=\"wp-block-columns is-layout-flex wp-container-core-columns-is-layout-28f84493 wp-block-columns-is-layout-flex\">\n<div class=\"wp-block-column is-layout-flow wp-block-column-is-layout-flow\" style=\"flex-basis:15%\"><\/div>\n\n\n\n<div class=\"wp-block-column is-layout-flow wp-block-column-is-layout-flow\" style=\"flex-basis:70%\">\n<figure class=\"wp-block-embed is-type-video is-provider-youtube wp-block-embed-youtube wp-embed-aspect-16-9 wp-has-aspect-ratio\"><div class=\"wp-block-embed__wrapper\">\n<iframe loading=\"lazy\" title=\"DRONAMU - 2 -TRACDRO : GUIDER et TRACER le DRONE   (31 mars 2021)\" width=\"640\" height=\"360\" src=\"https:\/\/www.youtube.com\/embed\/VRCY1yHtd8Y?feature=oembed\" frameborder=\"0\" allow=\"accelerometer; autoplay; clipboard-write; encrypted-media; gyroscope; picture-in-picture; web-share\" referrerpolicy=\"strict-origin-when-cross-origin\" allowfullscreen><\/iframe>\n<\/div><\/figure>\n<\/div>\n\n\n\n<div class=\"wp-block-column is-layout-flow wp-block-column-is-layout-flow\" style=\"flex-basis:15%\"><\/div>\n<\/div>\n<\/div>\n\n\n\n<p><a href=\"https:\/\/fss.univ-amu.fr\/fr\" data-type=\"URL\" data-id=\"https:\/\/fss.univ-amu.fr\/fr\">Facult\u00e9 des Sciences du Sport<\/a>, Campus Luminy, Aix Marseille Universit\u00e9.<br>1800 \u00e9tudiants sur 3 sites : Marseille, Aubagne, et Gap<\/p>\n<\/div>\n<\/div>\n\n\n\n<div class=\"wp-block-columns alignwide formationCols is-layout-flex wp-container-core-columns-is-layout-28f84493 wp-block-columns-is-layout-flex\">\n<div class=\"wp-block-column is-layout-flow wp-block-column-is-layout-flow\" style=\"flex-basis:120px\">\n<p class=\"has-grey-color has-text-color has-medium-font-size\" id=\"2008\"><strong>2020-2021<\/strong><\/p>\n<\/div>\n\n\n\n<div class=\"wp-block-column is-layout-flow wp-block-column-is-layout-flow\" style=\"flex-basis:90%\">\n<p class=\"has-large-font-size\"><strong>Charg\u00e9 de mission \u00ab\u00a0Langues\u00a0\u00bb<\/strong>, UFR STAPS, AMU<\/p>\n\n\n\n<p>Dans le cadre du plan langues AMU et du groupe de travail DREAM*U GT UE transverse pour la pr\u00e9paration du prochain quinquennal 2023\u20102028.<\/p>\n<\/div>\n<\/div>\n\n\n\n<div class=\"wp-block-columns alignwide formationCols is-layout-flex wp-container-core-columns-is-layout-28f84493 wp-block-columns-is-layout-flex\">\n<div class=\"wp-block-column is-layout-flow wp-block-column-is-layout-flow\" style=\"flex-basis:120px\">\n<p class=\"has-grey-color has-text-color has-medium-font-size\" id=\"2008\"><strong>2015-2019<\/strong><\/p>\n<\/div>\n\n\n\n<div class=\"wp-block-column is-layout-flow wp-block-column-is-layout-flow\" style=\"flex-basis:90%\">\n<p class=\"has-large-font-size\"><strong>Responsable des enseignements du champ outils<\/strong> (OUT), UFR STAPS, AMU<\/p>\n\n\n\n<p>Recrutement et supervision de 11 enseignants non\u2010permanents durant leur mission d\u2019enseignement.<\/p>\n\n\n\n<p><a href=\"https:\/\/fss.univ-amu.fr\/fr\" data-type=\"URL\" data-id=\"https:\/\/fss.univ-amu.fr\/fr\">Facult\u00e9 des Sciences du Sport<\/a>, Campus Luminy, Aix Marseille Universit\u00e9.<br>1800 \u00e9tudiants sur 3 sites : Marseille, Aubagne, et Gap<\/p>\n<\/div>\n<\/div>\n\n\n\n<div class=\"wp-block-columns alignwide formationCols is-layout-flex wp-container-core-columns-is-layout-28f84493 wp-block-columns-is-layout-flex\">\n<div class=\"wp-block-column is-layout-flow wp-block-column-is-layout-flow\" style=\"flex-basis:120px\">\n<p class=\"has-grey-color has-text-color has-medium-font-size\" id=\"2008\"><strong>2015-2018<\/strong><\/p>\n<\/div>\n\n\n\n<div class=\"wp-block-column is-layout-flow wp-block-column-is-layout-flow\" style=\"flex-basis:90%\">\n<p class=\"has-large-font-size\"><strong>Responsable des enseignements d\u2019anglais<\/strong> (ANG), UFR STAPS, AMU<\/p>\n\n\n\n<p>Recrutement et supervision de 13 \u00e0 15 intervenants ext\u00e9rieurs par ann\u00e9e universitaire.<\/p>\n\n\n\n<p><a href=\"https:\/\/fss.univ-amu.fr\/fr\" data-type=\"URL\" data-id=\"https:\/\/fss.univ-amu.fr\/fr\">Facult\u00e9 des Sciences du Sport<\/a>, Campus Luminy, Aix Marseille Universit\u00e9.<br>1800 \u00e9tudiants sur 3 sites : Marseille, Aubagne, et Gap<\/p>\n<\/div>\n<\/div>\n\n\n\n<div class=\"wp-block-columns alignwide formationCols is-layout-flex wp-container-core-columns-is-layout-28f84493 wp-block-columns-is-layout-flex\">\n<div class=\"wp-block-column is-layout-flow wp-block-column-is-layout-flow\" style=\"flex-basis:120px\">\n<p class=\"has-grey-color has-text-color has-medium-font-size\" id=\"2008\"><strong>2015-2018<\/strong><\/p>\n<\/div>\n\n\n\n<div class=\"wp-block-column is-layout-flow wp-block-column-is-layout-flow\" style=\"flex-basis:90%\">\n<p class=\"has-large-font-size\"><strong>Responsable des enseignements d\u2019anglais<\/strong> (ANG), UFR STAPS, AMU<\/p>\n\n\n\n<p>Recrutement et supervision de 13 \u00e0 15 intervenants ext\u00e9rieurs par ann\u00e9e universitaire.<\/p>\n\n\n\n<p><a href=\"https:\/\/fss.univ-amu.fr\/fr\" data-type=\"URL\" data-id=\"https:\/\/fss.univ-amu.fr\/fr\">Facult\u00e9 des Sciences du Sport<\/a>, Campus Luminy, Aix Marseille Universit\u00e9.<br>1800 \u00e9tudiants sur 3 sites : Marseille, Aubagne, et Gap<\/p>\n<\/div>\n<\/div>\n\n\n\n<div class=\"wp-block-columns alignwide formationCols is-layout-flex wp-container-core-columns-is-layout-28f84493 wp-block-columns-is-layout-flex\">\n<div class=\"wp-block-column is-layout-flow wp-block-column-is-layout-flow\" style=\"flex-basis:120px\">\n<p class=\"has-grey-color has-text-color has-medium-font-size\" id=\"2008\"><strong>2010-2022<\/strong><\/p>\n<\/div>\n\n\n\n<div class=\"wp-block-column is-layout-flow wp-block-column-is-layout-flow\" style=\"flex-basis:90%\">\n<p class=\"has-large-font-size\"><strong>Responsable du module Projet Matlab<\/strong>, EMSE, cycle ISMIN<\/p>\n\n\n\n<p><a href=\"https:\/\/www.mines-stetienne.fr\/formation\/ismin\/\" data-type=\"URL\" data-id=\"https:\/\/www.mines-stetienne.fr\/formation\/ismin\/\">\u00c9cole de Mines de Saint\u2010Etienne, cycle ISMIN<\/a> \u00e0 Gardanne (13120)<\/p>\n\n\n\n<p>Conception, coordination avec les charg\u00e9s d&rsquo;enseignement (permanents et doctorants), et \u00e9valuation.<\/p>\n\n\n\n<p>Promotion de 72 \u00e0 96 \u00e9tudiants en premi\u00e8re ann\u00e9e (3 ou 4 groupes, 18 heures\/groupe).<br>600 heures de formation au logiciel Matlab r\u00e9alis\u00e9es en 12 ans dans le cadre de cette responsabilit\u00e9.<\/p>\n<\/div>\n<\/div>\n\n\n\n<div class=\"wp-block-columns alignwide formationCols is-layout-flex wp-container-core-columns-is-layout-28f84493 wp-block-columns-is-layout-flex\">\n<div class=\"wp-block-column is-layout-flow wp-block-column-is-layout-flow\" style=\"flex-basis:120px\">\n<p class=\"has-grey-color has-text-color has-medium-font-size\" id=\"2008\"><strong>2010-2013<\/strong><\/p>\n<\/div>\n\n\n\n<div class=\"wp-block-column is-layout-flow wp-block-column-is-layout-flow\" style=\"flex-basis:90%\">\n<p class=\"has-large-font-size\"><strong>Membre \u00e9lu au conseil d\u2019administration du <a href=\"https:\/\/www.lyc-fourcade.ac-aix-marseille.fr\/spip\/\" data-type=\"URL\" data-id=\"https:\/\/www.lyc-fourcade.ac-aix-marseille.fr\/spip\/\">Lyc\u00e9e Marie Madeleine Fourcade<\/a><\/strong><\/p>\n\n\n\n<p>Gardanne (13120), Acad\u00e9mie d\u2019Aix\u2010Marseille, 1450 lyc\u00e9ens &amp; \u00e9tudiants (BTS).<\/p>\n<\/div>\n<\/div>\n","protected":false},"excerpt":{"rendered":"<p>Responsabilit\u00e9s administratives et collectives Depuis 2023 Membre du conseil de direction de l\u2019Institut des Sciences du Mouvement UMR7287 Responsable de [&hellip;]<\/p>\n","protected":false},"author":2,"featured_media":0,"parent":27,"menu_order":5,"comment_status":"closed","ping_status":"closed","template":"","meta":{"footnotes":""},"class_list":["post-1750","page","type-page","status-publish","hentry","entry"],"_links":{"self":[{"href":"https:\/\/serres-lab.com\/fr\/wp-json\/wp\/v2\/pages\/1750","targetHints":{"allow":["GET"]}}],"collection":[{"href":"https:\/\/serres-lab.com\/fr\/wp-json\/wp\/v2\/pages"}],"about":[{"href":"https:\/\/serres-lab.com\/fr\/wp-json\/wp\/v2\/types\/page"}],"author":[{"embeddable":true,"href":"https:\/\/serres-lab.com\/fr\/wp-json\/wp\/v2\/users\/2"}],"replies":[{"embeddable":true,"href":"https:\/\/serres-lab.com\/fr\/wp-json\/wp\/v2\/comments?post=1750"}],"version-history":[{"count":16,"href":"https:\/\/serres-lab.com\/fr\/wp-json\/wp\/v2\/pages\/1750\/revisions"}],"predecessor-version":[{"id":2165,"href":"https:\/\/serres-lab.com\/fr\/wp-json\/wp\/v2\/pages\/1750\/revisions\/2165"}],"up":[{"embeddable":true,"href":"https:\/\/serres-lab.com\/fr\/wp-json\/wp\/v2\/pages\/27"}],"wp:attachment":[{"href":"https:\/\/serres-lab.com\/fr\/wp-json\/wp\/v2\/media?parent=1750"}],"curies":[{"name":"wp","href":"https:\/\/api.w.org\/{rel}","templated":true}]}}