{"id":177,"date":"2022-03-11T13:24:41","date_gmt":"2022-03-11T12:24:41","guid":{"rendered":"https:\/\/serres-lab.com\/?page_id=177"},"modified":"2025-09-30T12:52:42","modified_gmt":"2025-09-30T10:52:42","slug":"arts-et-science","status":"publish","type":"page","link":"https:\/\/serres-lab.com\/fr\/recherche\/projets-de-recherche-actuels\/arts-et-science\/","title":{"rendered":"Arts et Science"},"content":{"rendered":"\n<div class=\"wp-block-group header is-layout-flow wp-block-group-is-layout-flow\">\n<h2 class=\"wp-block-heading\" id=\"arts-et-science\">Arts et <strong>Science<\/strong><\/h2>\n\n\n\n<div style=\"height:50px\" aria-hidden=\"true\" class=\"wp-block-spacer\"><\/div>\n<\/div>\n\n\n\n<div class=\"wp-block-columns alignwide is-layout-flex wp-container-core-columns-is-layout-28f84493 wp-block-columns-is-layout-flex\">\n<div class=\"wp-block-column is-layout-flow wp-block-column-is-layout-flow\">\n<p><strong><a href=\"https:\/\/www.youtube.com\/channel\/UCJ0kF4HxxwFfFafy_CagGBw\" data-type=\"URL\" data-id=\"https:\/\/www.youtube.com\/channel\/UCJ0kF4HxxwFfFafy_CagGBw\">NOVABOT<\/a><\/strong> est un projet de th\u00e9\u00e2tre exp\u00e9rimental, original et innovant qui propose l\u2019exp\u00e9rience d\u2019une interaction entre un com\u00e9dien, un mini-dirigeable robotis\u00e9 ou un drone quadricopt\u00e8re, des fragments de l\u2019\u0153uvre de <a href=\"https:\/\/fr.wikipedia.org\/wiki\/Val%C3%A8re_Novarina\" data-type=\"URL\" data-id=\"https:\/\/fr.wikipedia.org\/wiki\/Val%C3%A8re_Novarina\">Val\u00e8re Novarina<\/a> (auteur de th\u00e9\u00e2tre contemporain). Une projection en temps r\u00e9el de ces images accompagnera l\u2019\u00e9nonciation de l\u2019acteur.<\/p>\n\n\n\n<p><strong>Mise en sc\u00e8ne : <\/strong><a href=\"https:\/\/www.linkedin.com\/in\/youssra-mansar-b62243179\/\" data-type=\"URL\" data-id=\"https:\/\/www.linkedin.com\/in\/youssra-mansar-b62243179\/\">Youssra Mansar<\/a><br>Courriel : <a href=\"mailto:youssra.man@gmail.com\" data-type=\"mailto\" data-id=\"mailto:youssra.man@gmail.com\">youssra.man(at)gmail.com<\/a><br><strong>Acteur :<\/strong> Matteo Duluc<br>Courriel : <a href=\"mailto:matteoduluc@gmail.com\" data-type=\"mailto\" data-id=\"mailto:matteoduluc@gmail.com\">matteoduluc(at)gmail.com<\/a><br><strong>Charg\u00e9e de production : <\/strong>Lorena Boureille<br>Courriel  : <a href=\"mailto:lorena.boureille@free.fr\" data-type=\"mailto\" data-id=\"mailto:lorena.boureille@free.fr\">lorena.boureille(at)free.fr<\/a><br><strong>Technique : <\/strong>\u00e9quipe technique du <a href=\"https:\/\/theatre-vitez.com\/\" data-type=\"URL\" data-id=\"https:\/\/theatre-vitez.com\/\">th\u00e9\u00e2tre Antoine Vitez<\/a> et \u00e9quipe <a href=\"https:\/\/allsh.univ-amu.fr\/turbulence\" data-type=\"URL\" data-id=\"https:\/\/allsh.univ-amu.fr\/turbulence\">Turbulence<\/a> d&rsquo;Aix Marseille Universit\u00e9. <br><strong>Codirection acad\u00e9mique <\/strong>: <br><a href=\"https:\/\/lesa.univ-amu.fr\/\" data-type=\"URL\" data-id=\"https:\/\/lesa.univ-amu.fr\/\">Laboratoire d\u2019\u00c9tudes en Sciences des Arts &#8211; LESA EA3274<\/a><br><a href=\"https:\/\/ism.univ-amu.fr\/\" data-type=\"URL\" data-id=\"https:\/\/ism.univ-amu.fr\/\">Institut des Sciences du Mouvement &#8211; ISM UMR7287<\/a>  <br><strong>Partenaire acad\u00e9mique : <\/strong><a href=\"https:\/\/www.mines-stetienne.fr\/recherche\/plateformes\/id-fab\/\" data-type=\"URL\" data-id=\"https:\/\/www.mines-stetienne.fr\/recherche\/plateformes\/id-fab\/\">Plateforme ID-Fab &#8211; \u00c9cole des Mines de Saint-\u00c9tienne<\/a>, campus de Gardanne.<br><strong>Partenaire culturel principal :<\/strong> Th\u00e9\u00e2tre Antoine Vitez \u00e0 Aix-en-Provence<br><strong>Partenaire culturel : <\/strong><a href=\"https:\/\/velotheatre.com\/\" data-type=\"URL\" data-id=\"https:\/\/velotheatre.com\/\">V\u00e9lo Th\u00e9\u00e2tre<\/a>, sc\u00e8ne conventionn\u00e9e pour le th\u00e9\u00e2tre d\u2019objet et le croisement des arts et des sciences \u00e0 Apt.<\/p>\n<\/div>\n\n\n\n<div class=\"wp-block-column is-layout-flow wp-block-column-is-layout-flow\">\n<figure class=\"wp-block-image size-large is-resized\"><img loading=\"lazy\" decoding=\"async\" width=\"1800\" height=\"1350\" src=\"https:\/\/serres-lab.com\/wp-content\/uploads\/2022\/09\/Projet-NOVABOT-Matteo-Duluc-Turbulence-Mars-2022-1800x1350.jpg\" alt=\"\" class=\"wp-image-768\" style=\"width:476px;height:357px\" srcset=\"https:\/\/serres-lab.com\/wp-content\/uploads\/2022\/09\/Projet-NOVABOT-Matteo-Duluc-Turbulence-Mars-2022-1800x1350.jpg 1800w, https:\/\/serres-lab.com\/wp-content\/uploads\/2022\/09\/Projet-NOVABOT-Matteo-Duluc-Turbulence-Mars-2022-800x600.jpg 800w, https:\/\/serres-lab.com\/wp-content\/uploads\/2022\/09\/Projet-NOVABOT-Matteo-Duluc-Turbulence-Mars-2022-768x576.jpg 768w, https:\/\/serres-lab.com\/wp-content\/uploads\/2022\/09\/Projet-NOVABOT-Matteo-Duluc-Turbulence-Mars-2022-1536x1152.jpg 1536w, https:\/\/serres-lab.com\/wp-content\/uploads\/2022\/09\/Projet-NOVABOT-Matteo-Duluc-Turbulence-Mars-2022-2048x1536.jpg 2048w\" sizes=\"auto, (max-width: 1800px) 100vw, 1800px\" \/><figcaption class=\"wp-element-caption\">Matt\u00e9o Duluc confront\u00e9 au regard d&rsquo;un drone<\/figcaption><\/figure>\n\n\n\n<figure class=\"wp-block-embed is-type-video is-provider-youtube wp-block-embed-youtube wp-embed-aspect-16-9 wp-has-aspect-ratio\"><div class=\"wp-block-embed__wrapper\">\n<iframe loading=\"lazy\" title=\"NovaBot\" width=\"640\" height=\"360\" src=\"https:\/\/www.youtube.com\/embed\/hZFCpOm5lHM?feature=oembed\" frameborder=\"0\" allow=\"accelerometer; autoplay; clipboard-write; encrypted-media; gyroscope; picture-in-picture; web-share\" referrerpolicy=\"strict-origin-when-cross-origin\" allowfullscreen><\/iframe>\n<\/div><figcaption class=\"wp-element-caption\">Sortie de r\u00e9sidence au th\u00e9\u00e2tre Antoine Vitez, 15 avril 2022<\/figcaption><\/figure>\n<\/div>\n<\/div>\n\n\n\n<div class=\"wp-block-group has-light-background-color has-background is-layout-flow wp-block-group-is-layout-flow\">\n<p class=\"has-grey-color has-text-color\"><strong>Critique d&rsquo;arts de la sc\u00e8ne contemporaine  et presse r\u00e9gionale :<\/strong><\/p>\n\n\n\n<ul class=\"wp-block-list\">\n<li>Arnaud Ma\u00efsetti, le 8 mars 2023, <span style=\"font-size: revert; color: var(--wp--preset--color--foreground); font-family: var(--wp--preset--font-family--system-font);\">L&rsquo;!NSENS\u00c9 <\/span><em style=\"font-size: revert; color: var(--wp--preset--color--foreground); font-family: var(--wp--preset--font-family--system-font);\">EN SC\u00c8NES<\/em>.<br><a href=\"https:\/\/www.insense-scenes.net\/article\/youssra-mansar-novabot-saisie-du-corps-glorieux-lacteur-par-le-drone\/\" data-type=\"URL\" data-id=\"https:\/\/www.insense-scenes.net\/article\/youssra-mansar-novabot-saisie-du-corps-glorieux-lacteur-par-le-drone\/\">Youssra Mansar, NovaBot | Saisie du corps glorieux de l\u2019acteur par le drone<\/a>.<\/li>\n\n\n\n<li>Malik Teffahi-Richard, le 31 janvier 2024, <a href=\"https:\/\/serres-lab.com\/fr\/theatre-vitez-quand-la-scene-rencontre-la-robotique-et-les-neurosciences-novabot-ou-le-corps-ausculte-par-les-drones\/\" data-type=\"link\" data-id=\"https:\/\/serres-lab.com\/fr\/theatre-vitez-quand-la-scene-rencontre-la-robotique-et-les-neurosciences-novabot-ou-le-corps-ausculte-par-les-drones\/\">\u00ab\u00a0Novabot\u00a0\u00bb ou le corps auscult\u00e9 par les drones\u00a0\u00bb<\/a>, page 7, La Provence, \u00e9dition Aix \u2013 Pays d\u2019Aix.<\/li>\n\n\n\n<li>Th\u00e9\u00e2tre Vitez quand la sc\u00e8ne rencontre la robotique et les neurosciences, La Lettre d\u2019AMU, page n\u00b0104, page 5, mars 2024.<\/li>\n<\/ul>\n<\/div>\n\n\n\n<div class=\"wp-block-columns is-layout-flex wp-container-core-columns-is-layout-28f84493 wp-block-columns-is-layout-flex\">\n<div class=\"wp-block-column is-layout-flow wp-block-column-is-layout-flow\"><\/div>\n<\/div>\n\n\n\n<p><\/p>\n\n\n\n<div class=\"wp-block-group has-light-background-color has-background is-layout-flow wp-block-group-is-layout-flow\">\n<p class=\"has-grey-color has-text-color\"><strong>Publications :<\/strong><\/p>\n\n\n\n<ul class=\"wp-block-list\">\n<li>Mansar, Y., Bernier, F., Blayac, S.,&nbsp;<strong>Serres, J.R.<\/strong>, &amp; Dieuzayde, L. (2023).&nbsp;<a href=\"https:\/\/hal.science\/hal-04101507\/\">NOVABOT: Acteur et drone. Dialectique du corps en sc\u00e8ne et de son image fragment\u00e9e<\/a>.&nbsp;<em>Dr\u00f4les d\u2019objets-Un nouvel art de faire<\/em>.<br>15-17 May 2023, Nancy, France<br>HAL : <a href=\"https:\/\/hal.science\/hal-04101507\/\">hal-04101507<\/a><\/li>\n\n\n\n<li>Mansar, Y., Bernier, F., Blayac, S., Dieuzayde, L., &amp; <strong>Serres, J. R<\/strong>. (2025). <a href=\"https:\/\/hal.science\/hal-05191700\/\" data-type=\"link\" data-id=\"https:\/\/hal.science\/hal-05191700\/\">The NOVABOT play: a mini airship dedicated to capturing video of an actor on stage<\/a>. <em>50\u1d49 Congr\u00e8s de la Soci\u00e9t\u00e9 de Biom\u00e9canique<\/em>.<br>27-29 October 2025, Marseille, France<br>HAL : <a href=\"https:\/\/hal.science\/hal-05191700\/\">hal-05191700<\/a><\/li>\n<\/ul>\n<\/div>\n\n\n\n<p><\/p>\n\n\n\n<figure class=\"wp-block-embed is-type-video is-provider-youtube wp-block-embed-youtube wp-embed-aspect-16-9 wp-has-aspect-ratio\"><div class=\"wp-block-embed__wrapper\">\n<iframe loading=\"lazy\" title=\"S\u00e9minaire IMPEC 2024 - Youssra Mansar : Novabot : une exp\u00e9rimentation interdisciplinaire\" width=\"640\" height=\"360\" src=\"https:\/\/www.youtube.com\/embed\/6oQWL0_f5uc?feature=oembed\" frameborder=\"0\" allow=\"accelerometer; autoplay; clipboard-write; encrypted-media; gyroscope; picture-in-picture; web-share\" referrerpolicy=\"strict-origin-when-cross-origin\" allowfullscreen><\/iframe>\n<\/div><figcaption class=\"wp-element-caption\">S\u00e9minaire Youssra Mansar, Laboratoire ICAR, Lyon, France, le 8 novembre 2024<br>Novabot : une exp\u00e9rimentation interdisciplinaire<\/figcaption><\/figure>\n\n\n\n<p><\/p>\n","protected":false},"excerpt":{"rendered":"<p>NOVABOT est un projet de th\u00e9\u00e2tre exp\u00e9rimental, original et innovant qui propose l\u2019exp\u00e9rience d\u2019une interaction entre un com\u00e9dien, un mini-dirigeable robotis\u00e9, des fragments de l\u2019\u0153uvre de Val\u00e8re Novarina (auteur de th\u00e9\u00e2tre contemporain). Une projection en temps r\u00e9el de ces images accompagnera l\u2019\u00e9nonciation de l\u2019acteur<\/p>\n","protected":false},"author":1,"featured_media":768,"parent":112,"menu_order":3,"comment_status":"closed","ping_status":"closed","template":"","meta":{"footnotes":""},"class_list":["post-177","page","type-page","status-publish","has-post-thumbnail","hentry","entry"],"_links":{"self":[{"href":"https:\/\/serres-lab.com\/fr\/wp-json\/wp\/v2\/pages\/177","targetHints":{"allow":["GET"]}}],"collection":[{"href":"https:\/\/serres-lab.com\/fr\/wp-json\/wp\/v2\/pages"}],"about":[{"href":"https:\/\/serres-lab.com\/fr\/wp-json\/wp\/v2\/types\/page"}],"author":[{"embeddable":true,"href":"https:\/\/serres-lab.com\/fr\/wp-json\/wp\/v2\/users\/1"}],"replies":[{"embeddable":true,"href":"https:\/\/serres-lab.com\/fr\/wp-json\/wp\/v2\/comments?post=177"}],"version-history":[{"count":20,"href":"https:\/\/serres-lab.com\/fr\/wp-json\/wp\/v2\/pages\/177\/revisions"}],"predecessor-version":[{"id":3160,"href":"https:\/\/serres-lab.com\/fr\/wp-json\/wp\/v2\/pages\/177\/revisions\/3160"}],"up":[{"embeddable":true,"href":"https:\/\/serres-lab.com\/fr\/wp-json\/wp\/v2\/pages\/112"}],"wp:featuredmedia":[{"embeddable":true,"href":"https:\/\/serres-lab.com\/fr\/wp-json\/wp\/v2\/media\/768"}],"wp:attachment":[{"href":"https:\/\/serres-lab.com\/fr\/wp-json\/wp\/v2\/media?parent=177"}],"curies":[{"name":"wp","href":"https:\/\/api.w.org\/{rel}","templated":true}]}}