{"id":184,"date":"2022-03-11T13:29:12","date_gmt":"2022-03-11T12:29:12","guid":{"rendered":"https:\/\/serres-lab.com\/?page_id=184"},"modified":"2023-09-24T10:01:56","modified_gmt":"2023-09-24T08:01:56","slug":"vol-dinsecte","status":"publish","type":"page","link":"https:\/\/serres-lab.com\/fr\/recherche\/projets-de-recherche-actuels\/vol-dinsecte\/","title":{"rendered":"Vol d&rsquo;insecte"},"content":{"rendered":"\n<div class=\"wp-block-group header is-layout-flow wp-block-group-is-layout-flow\">\n<h2 class=\"wp-block-heading\" id=\"vol-d-insecte\"><strong>Vol d&rsquo;insecte<\/strong><\/h2>\n<\/div>\n\n\n\n<div class=\"wp-block-columns alignwide is-layout-flex wp-container-core-columns-is-layout-28f84493 wp-block-columns-is-layout-flex\">\n<div class=\"wp-block-column is-layout-flow wp-block-column-is-layout-flow\">\n<p>Ces travaux de recherche exploratoires visent \u00e0 \u00e9tudier le contr\u00f4le du vol des abeilles mellif\u00e8res dans diff\u00e9rentes t\u00e2ches de navigation spatiale comme le suivi de terrain ou l&rsquo;atterrissage. Ces t\u00e2ches fond potentiellement appel \u00e0 plusieurs invariants optiques impliqu\u00e9s dans le contr\u00f4le d\u2019altitude ou la prise de d\u00e9cision de l\u2019abeille, ce qui participera \u00e0 terme d&rsquo;unifier, ou pas en fonction des particularit\u00e9s intrins\u00e8ques des agents, la th\u00e9orie optimotrice de <a href=\"https:\/\/fr.wikipedia.org\/wiki\/John_Stodart_Kennedy\" data-type=\"URL\" data-id=\"https:\/\/fr.wikipedia.org\/wiki\/John_Stodart_Kennedy\">John Stodart Kennedy<\/a>, d\u00e9velopp\u00e9e chez les insectes durant les ann\u00e9es 1940, avec l\u2019approche \u00e9cologique de la perception visuelle de <a href=\"https:\/\/fr.wikipedia.org\/wiki\/James_J._Gibson\" data-type=\"URL\" data-id=\"https:\/\/fr.wikipedia.org\/wiki\/James_J._Gibson\">James Jerome Gibson<\/a>, d\u00e9velopp\u00e9e chez les humains durant les ann\u00e9es 1950.<\/p>\n\n\n\n<p>Ces diff\u00e9rents invariants optiques sont disponibles dans le <a href=\"https:\/\/fr.wikipedia.org\/wiki\/Flux_optique\" data-type=\"URL\" data-id=\"https:\/\/fr.wikipedia.org\/wiki\/Flux_optique\">flux optique<\/a>, ils peuvent th\u00e9oriquement \u00eatre d\u00e9tect\u00e9s et utilis\u00e9s \u00e0 des fins de r\u00e9gulation du mouvement, pour peu que l\u2019agent (e.g., humain, animal, robot) dispose de capteurs \u00e0 m\u00eame de les d\u00e9tecter. L\u2019objectif de ces recherches sera pr\u00e9cis\u00e9ment de tester l\u2019hypoth\u00e8se selon laquelle un m\u00eame invariant du flux optique peut \u00eatre utilis\u00e9 par diff\u00e9rents agents afin de r\u00e9aliser une t\u00e2che de navigation spatiale.<\/p>\n<\/div>\n\n\n\n<div class=\"wp-block-column is-layout-flow wp-block-column-is-layout-flow\">\n<figure class=\"wp-block-image size-full is-resized\"><img loading=\"lazy\" decoding=\"async\" src=\"https:\/\/serres-lab.com\/wp-content\/uploads\/2022\/04\/Abeilles-en-vol.png\" alt=\"\" class=\"wp-image-273\" style=\"width:475px;height:473px\" width=\"475\" height=\"473\" srcset=\"https:\/\/serres-lab.com\/wp-content\/uploads\/2022\/04\/Abeilles-en-vol.png 800w, https:\/\/serres-lab.com\/wp-content\/uploads\/2022\/04\/Abeilles-en-vol-300x300.png 300w, https:\/\/serres-lab.com\/wp-content\/uploads\/2022\/04\/Abeilles-en-vol-150x150.png 150w, https:\/\/serres-lab.com\/wp-content\/uploads\/2022\/04\/Abeilles-en-vol-768x765.png 768w\" sizes=\"auto, (max-width: 475px) 100vw, 475px\" \/><figcaption class=\"wp-element-caption\">Abeille mellif\u00e8re entrant dans le tunnel (\u00a9 Julien Serres, Juillet 2018)<\/figcaption><\/figure>\n<\/div>\n<\/div>\n\n\n\n<div class=\"wp-block-columns alignwide is-layout-flex wp-container-core-columns-is-layout-28f84493 wp-block-columns-is-layout-flex\">\n<div class=\"wp-block-column is-layout-flow wp-block-column-is-layout-flow\" style=\"flex-basis:70%\">\n<div style=\"height:20px\" aria-hidden=\"true\" class=\"wp-block-spacer\"><\/div>\n\n\n\n<figure class=\"wp-block-embed is-type-video is-provider-youtube wp-block-embed-youtube wp-embed-aspect-16-9 wp-has-aspect-ratio\"><div class=\"wp-block-embed__wrapper\">\n<iframe loading=\"lazy\" title=\"Honeybees&#039; training step (\u00a9 Constance Blary, July 2018)\" width=\"640\" height=\"360\" src=\"https:\/\/www.youtube.com\/embed\/8WDcC-LmM9k?feature=oembed\" frameborder=\"0\" allow=\"accelerometer; autoplay; clipboard-write; encrypted-media; gyroscope; picture-in-picture; web-share\" referrerpolicy=\"strict-origin-when-cross-origin\" allowfullscreen><\/iframe>\n<\/div><figcaption class=\"wp-element-caption\">L&rsquo;\u00e9tape d&rsquo;entra\u00eenement des abeilles dans le tunnel (\u00a9 Constance Blary, Juillet 2018)<\/figcaption><\/figure>\n\n\n\n<div style=\"height:20px\" aria-hidden=\"true\" class=\"wp-block-spacer\"><\/div>\n\n\n\n<h3 class=\"wp-block-heading ma\">Publications<\/h3>\n\n\n\n<ul class=\"wp-block-list\">\n<li>Berger Daux\u00e8re, A., Montagne, G., &amp; <strong>Serres, J. R.<\/strong> (2023). <a href=\"https:\/\/www.mdpi.com\/2075-4450\/14\/4\/313\">Honeybees Use Multiple Invariants to Control Their Altitude<\/a>.\u00a0<em>Insects<\/em>,\u00a0<em>14<\/em>(4), 313.<br>DOI: <a href=\"https:\/\/doi.org\/10.3390\/insects14040313\">10.3390\/insects14040313<\/a><br>HAL: <a href=\"https:\/\/hal.science\/hal-04046581\">hal-04046581<\/a><br><\/li>\n\n\n\n<li><strong>Serres, J. R.<\/strong>, Morice, A. H., Blary, C., Miot, R., Montagne, G., &amp; Ruffier, F. (2022).\u00a0<a href=\"https:\/\/hal.archives-ouvertes.fr\/hal-03614115\/\">Floor and ceiling mirror configurations to study altitude control in honeybees<\/a>.\u00a0<em>Biology Letters<\/em>,\u00a0<em>18<\/em>(3), 20210534.<br>DOI:\u00a0<a href=\"https:\/\/doi.org\/10.1098\/rsbl.2021.0534\">10.1098\/rsbl.2021.0534<\/a><br>HAL: <a href=\"https:\/\/hal.science\/hal-03614115\" data-type=\"link\" data-id=\"https:\/\/hal.science\/hal-03614115\">hal-03614115<\/a><\/li>\n<\/ul>\n\n\n\n<ul class=\"wp-block-list\">\n<li>Berger Daux\u00e8re, A., Montagne, G., &amp; <strong>Serres, J. R.<\/strong> (2022). <a href=\"https:\/\/hal.archives-ouvertes.fr\/hal-03838826\" data-type=\"URL\" data-id=\"https:\/\/hal.archives-ouvertes.fr\/hal-03838826\">An experimental setup for decoupling optical invariants in honeybees\u2019 altitude control<\/a>.&nbsp;<em>Journal of Insect Physiology<\/em>, 143, 104451.<br>DOI: <a rel=\"noreferrer noopener\" href=\"https:\/\/doi.org\/10.1016\/j.jinsphys.2022.104451\" target=\"_blank\">10.1016\/j.jinsphys.2022.104451<\/a><br>HAL: <a rel=\"noreferrer noopener\" href=\"https:\/\/hal.archives-ouvertes.fr\/hal-03838826\" target=\"_blank\">hal-03838826<\/a><br><\/li>\n\n\n\n<li>Berger Daux\u00e8re, A.,&nbsp;<strong>Serres, J. R.<\/strong>, &amp; Montagne, G. (2021).&nbsp;<a href=\"https:\/\/hal.archives-ouvertes.fr\/hal-03457099\/\">Ecological entomology: how is Gibson\u2019s framework useful?<\/a>.&nbsp;<em>Insects<\/em>,&nbsp;<em>12<\/em>(12), 1075.<br>DOI:&nbsp;<a href=\"https:\/\/doi.org\/10.3390\/insects12121075\">10.3390\/insects12121075<\/a><br><\/li>\n\n\n\n<li><strong>Serres, J. R.<\/strong>, &amp; Ruffier, F.&nbsp;(2017).&nbsp;<a href=\"https:\/\/hal.archives-ouvertes.fr\/hal-01644523\/\">Optic flow-based collision-free strategies: From insects to robots<\/a>.&nbsp;<em>Arthropod structure &amp; development<\/em>, 46(5), 703-717.<br>DOI:&nbsp;<a href=\"https:\/\/doi.org\/10.1016\/j.asd.2017.06.003\">10.1016\/j.asd.2017.06.003<\/a><\/li>\n<\/ul>\n<\/div>\n\n\n\n<div class=\"wp-block-column is-layout-flow wp-block-column-is-layout-flow\"><\/div>\n<\/div>\n","protected":false},"excerpt":{"rendered":"<p>Ces travaux de recherche exploratoires visent \u00e0 \u00e9tudier le contr\u00f4le du vol des abeilles mellif\u00e8res dans diff\u00e9rentes t\u00e2ches de navigation spatiale comme le suivi de terrain ou l&rsquo;atterrissage.<\/p>\n","protected":false},"author":1,"featured_media":275,"parent":112,"menu_order":4,"comment_status":"closed","ping_status":"closed","template":"","meta":{"footnotes":""},"class_list":["post-184","page","type-page","status-publish","has-post-thumbnail","hentry","entry"],"_links":{"self":[{"href":"https:\/\/serres-lab.com\/fr\/wp-json\/wp\/v2\/pages\/184","targetHints":{"allow":["GET"]}}],"collection":[{"href":"https:\/\/serres-lab.com\/fr\/wp-json\/wp\/v2\/pages"}],"about":[{"href":"https:\/\/serres-lab.com\/fr\/wp-json\/wp\/v2\/types\/page"}],"author":[{"embeddable":true,"href":"https:\/\/serres-lab.com\/fr\/wp-json\/wp\/v2\/users\/1"}],"replies":[{"embeddable":true,"href":"https:\/\/serres-lab.com\/fr\/wp-json\/wp\/v2\/comments?post=184"}],"version-history":[{"count":21,"href":"https:\/\/serres-lab.com\/fr\/wp-json\/wp\/v2\/pages\/184\/revisions"}],"predecessor-version":[{"id":2457,"href":"https:\/\/serres-lab.com\/fr\/wp-json\/wp\/v2\/pages\/184\/revisions\/2457"}],"up":[{"embeddable":true,"href":"https:\/\/serres-lab.com\/fr\/wp-json\/wp\/v2\/pages\/112"}],"wp:featuredmedia":[{"embeddable":true,"href":"https:\/\/serres-lab.com\/fr\/wp-json\/wp\/v2\/media\/275"}],"wp:attachment":[{"href":"https:\/\/serres-lab.com\/fr\/wp-json\/wp\/v2\/media?parent=184"}],"curies":[{"name":"wp","href":"https:\/\/api.w.org\/{rel}","templated":true}]}}