{"id":192,"date":"2022-03-11T13:35:29","date_gmt":"2022-03-11T12:35:29","guid":{"rendered":"https:\/\/serres-lab.com\/?page_id=192"},"modified":"2023-12-06T14:24:33","modified_gmt":"2023-12-06T13:24:33","slug":"transfert-de-technologie","status":"publish","type":"page","link":"https:\/\/serres-lab.com\/fr\/recherche\/transfert-de-technologie\/","title":{"rendered":"Transfert de technologie"},"content":{"rendered":"\n<div class=\"wp-block-group header is-layout-flow wp-block-group-is-layout-flow\">\n<h2 class=\"wp-block-heading\" id=\"transfert-de-technologie\"><strong>Transfert de technologie<\/strong><\/h2>\n<\/div>\n\n\n\n<div class=\"wp-block-columns alignwide is-layout-flex wp-container-core-columns-is-layout-28f84493 wp-block-columns-is-layout-flex\">\n<div class=\"wp-block-column is-layout-flow wp-block-column-is-layout-flow\">\n<h3 class=\"wp-block-heading\">Automotive Motion Lab<\/h3>\n\n\n\n<p><a href=\"https:\/\/www.stellantis.com\/fr\" data-type=\"URL\" data-id=\"https:\/\/www.stellantis.com\/fr\">STELLANTIS<\/a> et l&rsquo;<a href=\"https:\/\/ism.univ-amu.fr\/\" data-type=\"URL\" data-id=\"https:\/\/ism.univ-amu.fr\/\">Institut des Sciences du Mouvement &#8211; Etienne-Jules Marey (CNRS \/ Aix Marseille Universit\u00e9, UMR7287)<\/a> ont cr\u00e9\u00e9 un laboratoire de recherche en commun <strong>OpenLab Automotive Motion Lab<\/strong> depuis 2011.<br><br>Le CNRS, Aix-Marseille Universit\u00e9 (AMU) et STELLANTIS ont reconduit leur collaboration ax\u00e9e sur les facteurs humains en automobile, la probl\u00e9matique des nouveaux habitacles int\u00e9rieurs, l\u2019usage de la r\u00e9alit\u00e9 virtuelle pour la simulation, et l&rsquo;utilisation de la lumi\u00e8re pour l&rsquo;automobile.<br><br>La recherche partenariale entre STELLANTIS et l&rsquo;\u00e9quipe a d\u00e9j\u00e0 permis de d\u00e9poser deux brevets d&rsquo;invention en lien avec l&rsquo;obtention d&rsquo;un cap via la d\u00e9tection de lumi\u00e8re polaris\u00e9e.<\/p>\n<\/div>\n\n\n\n<div class=\"wp-block-column is-layout-flow wp-block-column-is-layout-flow\">\n<figure class=\"wp-block-image size-large\"><img loading=\"lazy\" decoding=\"async\" width=\"1800\" height=\"1273\" src=\"https:\/\/serres-lab.com\/wp-content\/uploads\/2022\/10\/logo-Stellantis-1800x1273.jpg\" alt=\"\" class=\"wp-image-1056\" srcset=\"https:\/\/serres-lab.com\/wp-content\/uploads\/2022\/10\/logo-Stellantis-1800x1273.jpg 1800w, https:\/\/serres-lab.com\/wp-content\/uploads\/2022\/10\/logo-Stellantis-800x566.jpg 800w, https:\/\/serres-lab.com\/wp-content\/uploads\/2022\/10\/logo-Stellantis-768x543.jpg 768w, https:\/\/serres-lab.com\/wp-content\/uploads\/2022\/10\/logo-Stellantis-1536x1086.jpg 1536w, https:\/\/serres-lab.com\/wp-content\/uploads\/2022\/10\/logo-Stellantis-2048x1448.jpg 2048w\" sizes=\"auto, (max-width: 1800px) 100vw, 1800px\" \/><figcaption class=\"wp-element-caption\">Constructeur automobile STELLANTIS<\/figcaption><\/figure>\n\n\n\n<p class=\"has-small-font-size\">OpenLab Automotive Motion Lab est coordonn\u00e9e par le docteur-ing\u00e9nieur STELLANTIS Jocelyn Monnoyer.<br><br><strong>Contact :<\/strong><br>Jocelyn MONNOYER &#8211; ing\u00e9nieur STELLANTIS<br><strong>Courriel :<\/strong> <a href=\"mailto:jocelyn.monnoyer@stellantis.com\" data-type=\"mailto\" data-id=\"mailto:jocelyn.monnoyer@stellantis.com\">jocelyn.monnoyer(at)stellantis.com<\/a><br><\/p>\n<\/div>\n<\/div>\n\n\n\n<h3 class=\"wp-block-heading\">Brevets :<\/h3>\n\n\n\n<ul class=\"publicationsList wp-block-list\">\n<li>Monnoyer, J., Dupeyroux, J., Viollet, S., &amp; <strong>Serres, J. R. <\/strong>(2020). <a href=\"https:\/\/hal.archives-ouvertes.fr\/hal-02529413\/\" data-type=\"URL\" data-id=\"https:\/\/hal.archives-ouvertes.fr\/hal-02529413\/\">Dispositif de d\u00e9tection d\u2019un cap d\u2019un v\u00e9hicule par d\u00e9tection de photons polaris\u00e9s lin\u00e9airement<\/a>.&nbsp;<em>Patent FR3086088A1 (FR)<\/em>, 20 March, 48.<br><\/li>\n\n\n\n<li>Poughon, L., Mafrica, S., Monnoyer, J., Pradere, L., <strong>Serres J. R.<\/strong>, Viollet S. (2022). <a href=\"https:\/\/patents.google.com\/patent\/FR3128528A1\/fr?oq=FR3128528A1\" data-type=\"link\" data-id=\"https:\/\/patents.google.com\/patent\/FR3128528A1\/fr?oq=FR3128528A1\">Proc\u00e9d\u00e9 et syst\u00e8me pour d\u00e9terminer des donn\u00e9es caract\u00e9risant un cap suivi par un v\u00e9hicule automobile \u00e0 un instant courant<\/a>. <em>Patent FR2111209 (FR)<\/em>, d\u00e9pos\u00e9 le 21\/10\/2021.<\/li>\n<\/ul>\n\n\n\n<div style=\"height:20px\" aria-hidden=\"true\" class=\"wp-block-spacer\"><\/div>\n\n\n\n<div class=\"wp-block-buttons is-content-justification-center is-layout-flex wp-container-core-buttons-is-layout-a89b3969 wp-block-buttons-is-layout-flex\">\n<div class=\"wp-block-button\"><a class=\"wp-block-button__link wp-element-button\" href=\"https:\/\/serres-lab.com\/fr\/recherche\/projets-de-recherche-acheves\/\">Nos projets <strong>achev\u00e9s<\/strong><\/a><\/div>\n\n\n\n<div class=\"wp-block-button is-style-outline is-style-outline--1\"><a class=\"wp-block-button__link wp-element-button\" href=\"https:\/\/serres-lab.com\/fr\/recherche\/projets-de-recherche-actuels\/\">Nos projets <strong>actuels<\/strong><\/a><\/div>\n<\/div>\n","protected":false},"excerpt":{"rendered":"<p>Transfert de technologie Automotive Motion Lab STELLANTIS et l&rsquo;Institut des Sciences du Mouvement &#8211; Etienne-Jules Marey (CNRS \/ Aix Marseille [&hellip;]<\/p>\n","protected":false},"author":1,"featured_media":0,"parent":35,"menu_order":3,"comment_status":"closed","ping_status":"closed","template":"","meta":{"footnotes":""},"class_list":["post-192","page","type-page","status-publish","hentry","entry"],"_links":{"self":[{"href":"https:\/\/serres-lab.com\/fr\/wp-json\/wp\/v2\/pages\/192","targetHints":{"allow":["GET"]}}],"collection":[{"href":"https:\/\/serres-lab.com\/fr\/wp-json\/wp\/v2\/pages"}],"about":[{"href":"https:\/\/serres-lab.com\/fr\/wp-json\/wp\/v2\/types\/page"}],"author":[{"embeddable":true,"href":"https:\/\/serres-lab.com\/fr\/wp-json\/wp\/v2\/users\/1"}],"replies":[{"embeddable":true,"href":"https:\/\/serres-lab.com\/fr\/wp-json\/wp\/v2\/comments?post=192"}],"version-history":[{"count":19,"href":"https:\/\/serres-lab.com\/fr\/wp-json\/wp\/v2\/pages\/192\/revisions"}],"predecessor-version":[{"id":2559,"href":"https:\/\/serres-lab.com\/fr\/wp-json\/wp\/v2\/pages\/192\/revisions\/2559"}],"up":[{"embeddable":true,"href":"https:\/\/serres-lab.com\/fr\/wp-json\/wp\/v2\/pages\/35"}],"wp:attachment":[{"href":"https:\/\/serres-lab.com\/fr\/wp-json\/wp\/v2\/media?parent=192"}],"curies":[{"name":"wp","href":"https:\/\/api.w.org\/{rel}","templated":true}]}}