{"id":265,"date":"2022-04-16T15:23:56","date_gmt":"2022-04-16T13:23:56","guid":{"rendered":"https:\/\/serres-lab.com\/?page_id=265"},"modified":"2025-04-10T11:24:54","modified_gmt":"2025-04-10T09:24:54","slug":"lora-hovercraft-robot","status":"publish","type":"page","link":"https:\/\/serres-lab.com\/fr\/recherche\/projets-de-recherche-acheves\/lora-hovercraft-robot\/","title":{"rendered":"Le Robot A\u00e9roglisseur LORA"},"content":{"rendered":"\n<div class=\"wp-block-group header is-layout-flow wp-block-group-is-layout-flow\">\n<h2 class=\"wp-block-heading\" id=\"hexapod-robotics\"><strong>Le Robot A\u00e9roglisseur<\/strong> LORA<\/h2>\n<\/div>\n\n\n\n<div class=\"wp-block-columns alignwide is-layout-flex wp-container-core-columns-is-layout-28f84493 wp-block-columns-is-layout-flex\">\n<div class=\"wp-block-column is-layout-flow wp-block-column-is-layout-flow\">\n<p>Le robot a\u00e9roglisseur LORA incarne la strat\u00e9gie de guidage visuel de l&rsquo;abeille dans le plan horizontal sur la base du flux optique. L&rsquo;a\u00e9roglisseur miniature LORA est totalement actionn\u00e9 (taille : 36 x 21 x 18 cm, masse : 0,878 kg), ce qui lui permet de naviguer dans un tunnel dont la configuration g\u00e9om\u00e9trique lui est inconnue. L&rsquo;\u00e9laboration de ce pilote automatique, d\u00e9nomm\u00e9 LORA (Lateral Optic Flow Regulation Autopilot ), fait suite aux \u00e9tudes comportementales men\u00e9es sur l&rsquo;abeille mellif\u00e8re. Ces exp\u00e9riences comportementales ont montr\u00e9 que les abeilles r\u00e9gulent le flux optique pour voir et \u00e9viter les murs.<\/p>\n\n\n\n<p>Le pilote automatique LORA est un double r\u00e9gulateur de flux optique lat\u00e9ral. Il repose sur deux boucles visuo-motrices interd\u00e9pendantes, chacune comportant une<br>consigne de flux optique qui contr\u00f4le un degr\u00e9 de libert\u00e9 du robot. La premi\u00e8re boucle est un r\u00e9gulateur bilat\u00e9ral de flux optique contr\u00f4lant la vitesse d&rsquo;avance du robot,<br>alors que la seconde est un r\u00e9gulateur unilat\u00e9ral de flux optique contr\u00f4lant la position lat\u00e9rale par rapport aux murs. La cl\u00e9 de vo\u00fbte de ce syst\u00e8me de guidage bio-inspir\u00e9 est une troisi\u00e8me boucle destin\u00e9e \u00e0 maintenir le cap. Celle-ci repose sur la mesure d&rsquo;un micro-gyrom\u00e8tre et d&rsquo;un micro-compas magn\u00e9tique permettant \u00e0 l&rsquo;a\u00e9roglisseur de se mouvoir purement en translation lors de la mesure du flux optique.<br><br>Le robot LORA est \u00e9quip\u00e9 d&rsquo;un oeil compos\u00e9 biomim\u00e9tique minimaliste, constitu\u00e9 de deux ou quatre capteurs d\u00e9tectant localement le flux optique selon les exp\u00e9rimentations et appel\u00e9s aussi D\u00e9tecteurs \u00c9l\u00e9mentaires de Mouvement (DEM). Le syst\u00e8me visuel de LORA comprend seulement 4 ou 8 pixels, chaque paire de pixels adjacente formant un capteur d\u00e9tectant le flux optique localement.  Ce syst\u00e8me visuel parcimonieux suffit au pilote automatique pour contr\u00f4ler le ratio vitesse\/distance aux murs, qui par d\u00e9finition repr\u00e9sente le flux optique de translation, tout en contr\u00f4lant conjointement la vitesse et la position lat\u00e9rale du robot, sans avoir \u00e0 mesurer ni estimer ces deux param\u00e8tres.<\/p>\n\n\n\n<p>Le robot a\u00e9roglisseur LORA est ainsi capable de franchir sans collision des tunnels aux formes diverses : droit, fusel\u00e9, pr\u00e9sentant une pente, un virage, une absence de texture sur un mur ou m\u00eame une zone non-stationnaire. Il ajuste automatiquement sa vitesse d&rsquo;avance et sa position lat\u00e9rale par rapport au mur \u00e0 la fa\u00e7on des abeilles. Cette strat\u00e9gie visuelle bio-inspir\u00e9e fournit non seulement une solution de navigation \u00e9l\u00e9gante, en tunnel inconnu, pour des robots totalement actionn\u00e9s, mais elle permet aussi d&rsquo;expliquer comment une abeille de 100 mg peut naviguer avec si peu de ressources calculatoires sans recourir \u00e0 l&rsquo;avionique conventionnelle telle que les sonars, radars, lidars, ou les technologies GNSS (GPS, Galileo, BeiDou, GLONASS).<\/p>\n<\/div>\n\n\n\n<div class=\"wp-block-column is-layout-flow wp-block-column-is-layout-flow\">\n<figure class=\"wp-block-image size-full\"><img loading=\"lazy\" decoding=\"async\" width=\"800\" height=\"528\" src=\"https:\/\/serres-lab.com\/wp-content\/uploads\/2022\/04\/Robot-aeroglisseur-LORA-2014.png\" alt=\"\" class=\"wp-image-271\" srcset=\"https:\/\/serres-lab.com\/wp-content\/uploads\/2022\/04\/Robot-aeroglisseur-LORA-2014.png 800w, https:\/\/serres-lab.com\/wp-content\/uploads\/2022\/04\/Robot-aeroglisseur-LORA-2014-300x198.png 300w, https:\/\/serres-lab.com\/wp-content\/uploads\/2022\/04\/Robot-aeroglisseur-LORA-2014-768x507.png 768w\" sizes=\"auto, (max-width: 800px) 100vw, 800px\" \/><figcaption>Robot A\u00e9roglisseur LORA mimant l&rsquo;abeille dans le plan horizontal<\/figcaption><\/figure>\n\n\n\n<figure class=\"wp-block-embed is-type-video is-provider-dailymotion wp-block-embed-dailymotion wp-embed-aspect-4-3 wp-has-aspect-ratio\"><div class=\"wp-block-embed__wrapper\">\n<iframe loading=\"lazy\" title=\"Video LORA IEEE Robio 2012\" frameborder=\"0\" width=\"640\" height=\"480\" src=\"https:\/\/geo.dailymotion.com\/player.html?video=xuggrs&#038;\" allowfullscreen allow=\"autoplay; fullscreen; picture-in-picture; web-share\"><\/iframe>\n<\/div><\/figure>\n\n\n\n<h3 class=\"wp-block-heading\">Publications<\/h3>\n\n\n\n<ul class=\"publicationsList wp-block-list\"><li><strong>Serres, J. R.<\/strong>, &amp; Ruffier, F. (2015).&nbsp;<a href=\"https:\/\/hal.archives-ouvertes.fr\/hal-01108274\/\">Biomimetic autopilot based on minimalistic motion vision for navigating along corridors comprising U-shaped and S-shaped turns<\/a>.&nbsp;<em>Journal of Bionic Engineering<\/em>,&nbsp;<em>12<\/em>(1), 47-60.<br>DOI:&nbsp;<a rel=\"noreferrer noopener\" href=\"https:\/\/doi.org\/10.1016\/S1672-6529(14)60099-8\" target=\"_blank\">10.1016\/S1672-6529(14)60099-8<\/a><br><\/li><li>Roubieu, F. L.,&nbsp;<strong>Serres, J. R.<\/strong>, Colonnier, F., Franceschini, N., Viollet, S., &amp; Ruffier, F. (2014).&nbsp;<a href=\"https:\/\/hal.archives-ouvertes.fr\/hal-01446797\/\">A biomimetic vision-based hovercraft accounts for bees\u2019 complex behaviour in various corridors<\/a>.&nbsp;<em>Bioinspiration &amp; biomimetics<\/em>,&nbsp;<em>9<\/em>(3), 036003.<br>DOI:&nbsp;<a href=\"https:\/\/doi.org\/10.1088\/1748-3182\/9\/3\/036003\">10.1088\/1748-3182\/9\/3\/036003<\/a><br><\/li><li>Roubieu, F. L.,&nbsp;<strong>Serres, J. R.<\/strong>, Franceschini, N., Ruffier, F., &amp; Viollet, S. (2012).&nbsp;<a href=\"https:\/\/hal.archives-ouvertes.fr\/hal-00743129v1\">A fully-autonomous hovercraft inspired by bees: Wall following and speed control in straight and tapered corridors<\/a>. In&nbsp;<em>2012 IEEE International Conference on Robotics and Biomimetics (ROBIO)<\/em>&nbsp;(pp. 1311-1318). IEEE.<br>11-14 December 2012, Guangzhou, China<br>DOI:&nbsp;<a rel=\"noreferrer noopener\" href=\"https:\/\/doi.org\/10.1109\/ROBIO.2012.6491150\" target=\"_blank\">10.1109\/ROBIO.2012.6491150<\/a><br><\/li><li>Roubieu, F. L.,&nbsp;<strong>Serres, J. R.<\/strong>, Viollet, S., Ruffier, F., &amp; Franceschini, N. (2011).&nbsp;<a href=\"https:\/\/hal.archives-ouvertes.fr\/hal-00743520v1\">Toward a fully autonomous hovercraft visually guided thanks to its own bio-inspired motion sensors<\/a>. In&nbsp;<em>International Workshop on Bio-inspired Robots<\/em>.<br>6-8 April 2011, Nantes, France<br><\/li><\/ul>\n<\/div>\n<\/div>\n","protected":false},"excerpt":{"rendered":"<p>Le robot a\u00e9roglisseur LORA incarne la strat\u00e9gie de guidage visuel de l&rsquo;abeille dans le plan horizontal sur la base du flux optique. L&rsquo;a\u00e9roglisseur LORA est totalement actionn\u00e9, ce qui lui permet de naviguer dans un tunnel dont la configuration g\u00e9om\u00e9trique lui est inconnue. <\/p>\n","protected":false},"author":1,"featured_media":271,"parent":110,"menu_order":12,"comment_status":"closed","ping_status":"closed","template":"","meta":{"footnotes":""},"class_list":["post-265","page","type-page","status-publish","has-post-thumbnail","hentry","entry"],"_links":{"self":[{"href":"https:\/\/serres-lab.com\/fr\/wp-json\/wp\/v2\/pages\/265","targetHints":{"allow":["GET"]}}],"collection":[{"href":"https:\/\/serres-lab.com\/fr\/wp-json\/wp\/v2\/pages"}],"about":[{"href":"https:\/\/serres-lab.com\/fr\/wp-json\/wp\/v2\/types\/page"}],"author":[{"embeddable":true,"href":"https:\/\/serres-lab.com\/fr\/wp-json\/wp\/v2\/users\/1"}],"replies":[{"embeddable":true,"href":"https:\/\/serres-lab.com\/fr\/wp-json\/wp\/v2\/comments?post=265"}],"version-history":[{"count":9,"href":"https:\/\/serres-lab.com\/fr\/wp-json\/wp\/v2\/pages\/265\/revisions"}],"predecessor-version":[{"id":1487,"href":"https:\/\/serres-lab.com\/fr\/wp-json\/wp\/v2\/pages\/265\/revisions\/1487"}],"up":[{"embeddable":true,"href":"https:\/\/serres-lab.com\/fr\/wp-json\/wp\/v2\/pages\/110"}],"wp:featuredmedia":[{"embeddable":true,"href":"https:\/\/serres-lab.com\/fr\/wp-json\/wp\/v2\/media\/271"}],"wp:attachment":[{"href":"https:\/\/serres-lab.com\/fr\/wp-json\/wp\/v2\/media?parent=265"}],"curies":[{"name":"wp","href":"https:\/\/api.w.org\/{rel}","templated":true}]}}