{"id":2707,"date":"2024-06-18T18:11:31","date_gmt":"2024-06-18T16:11:31","guid":{"rendered":"https:\/\/serres-lab.com\/?page_id=2707"},"modified":"2025-11-10T14:17:23","modified_gmt":"2025-11-10T13:17:23","slug":"codes-et-jeux-de-donnees","status":"publish","type":"page","link":"https:\/\/serres-lab.com\/fr\/publications\/codes-et-jeux-de-donnees\/","title":{"rendered":"Codes et bases de donn\u00e9es"},"content":{"rendered":"\n<h2 class=\"wp-block-heading\"><strong>Codes et bases de donn\u00e9es<\/strong><\/h2>\n\n\n\n<h3 class=\"wp-block-heading\">Codes<\/h3>\n\n\n\n<ul class=\"wp-block-list\">\n<li>Dupeyroux, J., <strong>Serres, J. R.<\/strong>, &amp; Viollet, S. (2019). <a href=\"https:\/\/hal.science\/hal-02075700\/\" data-type=\"link\" data-id=\"https:\/\/hal.science\/hal-02075700\/\">AntBot: A six-legged walking robot able to home like desert ants in outdoor environments<\/a>.&nbsp;<em>Science Robotics<\/em>,&nbsp;<em>4<\/em>(27), eaau0307.<br>DOI : <a href=\"https:\/\/dx.doi.org\/10.1126\/scirobotics.aau0307\">10.1126\/scirobotics.aau0307<\/a><br>HAL : <a href=\"https:\/\/hal.science\/hal-02075700\/\">hal-02075700<\/a><br><br>R\u00e9pertoire du projet <strong>AntBot<\/strong> sous licence CC-BY :<br>GitHub : <a href=\"https:\/\/github.com\/JuSquare\/AntBot\">https:\/\/github.com\/JuSquare\/AntBot<\/a><br><\/li>\n\n\n\n<li>Moutenet, A.,&nbsp;<strong>Serres, J. R.<\/strong>, &amp; Viollet, S. (2023). Ultraviolet vs. Visible Skylight Polarization Measurements. In&nbsp;<em>2023 IEEE SENSORS<\/em>&nbsp;(&nbsp;pp. 01-04). IEEE.<br>29 October \u2013 1 November, Viena, Austria<br>DOI:&nbsp;<a href=\"https:\/\/doi.org\/10.1109\/SENSORS56945.2023.10325144\">10.1109\/SENSORS56945.2023.10325144<\/a><br>HAL:&nbsp;<a href=\"https:\/\/hal.science\/hal-04267719\/\">hal-04267719<\/a>&nbsp;(proceeding)<br>HAL:&nbsp;<a href=\"https:\/\/hal.science\/hal-04267742\/\">hal-04267742<\/a>&nbsp;(poster)<br>GitHub: <a href=\"https:\/\/github.com\/Alexandredpt1\/Optical_Compass\">https:\/\/github.com\/Alexandredpt1\/Optical_Compass<\/a><br><\/li>\n\n\n\n<li>Moutenet, A., Poughon, L., Toulon, B., <strong>Serres, J. R.<\/strong>, &amp; Viollet, S. (2024). <a href=\"https:\/\/amu.hal.science\/hal-04520460\/\" data-type=\"link\" data-id=\"https:\/\/amu.hal.science\/hal-04520460\/\">OpenSky: a modular and open-source simulator of sky polarization measurements<\/a>.&nbsp;<em>IEEE Transactions on Instrumentation and Measurement<\/em>,&nbsp;<em>73<\/em>, 1-16.<br>DOI : <a href=\"https:\/\/dx.doi.org\/10.1109\/TIM.2024.3374965\">10.1109\/TIM.2024.3374965<\/a><br>HAL : <a href=\"https:\/\/amu.hal.science\/hal-04520460\/\">hal-04520460<\/a><br><br>Code du simulateur de patrons de polarisation <strong>OpenSky<\/strong> sous licence CC-BY<br>GitHub : <a href=\"https:\/\/github.com\/MoutenetA\/OpenSky\">https:\/\/github.com\/MoutenetA\/OpenSky<\/a><br>OSF : <a href=\"https:\/\/osf.io\/rynv7\/?view_only=13674c69c28148879f96dd472db11e2e\">https:\/\/osf.io\/rynv7\/?view_only=13674c69c28148879f96dd472db11e2e<\/a><br><\/li>\n\n\n\n<li>Kronland-Martinet, T., Poughon, L., Pasquinelli, M., Duch\u00e9, D., <strong>Serres, J. R.<\/strong>, &amp; Viollet, S. (2023). <a href=\"https:\/\/amu.hal.science\/hal-04164096\/\" data-type=\"link\" data-id=\"https:\/\/amu.hal.science\/hal-04164096\/\">SkyPole\u2014A method for locating the north celestial pole from skylight polarization patterns<\/a>.&nbsp;<em>Proceedings of the National Academy of Sciences<\/em>,&nbsp;<em>120<\/em>(30), e2304847120.<br>DOI : <a href=\"https:\/\/dx.doi.org\/10.1073\/pnas.2304847120\">10.1073\/pnas.2304847120<\/a><br>HAL : <a href=\"https:\/\/amu.hal.science\/hal-04164096\/\">hal-04164096<\/a><br><br>Code de l&rsquo;algorithme de g\u00e9olocalisation <strong>SkyPole<\/strong> sous licence CC-BY-NC-ND<br>OSF : <a href=\"https:\/\/osf.io\/fcsgk\">https:\/\/osf.io\/fcsgk<\/a><br>GitHub : <a href=\"https:\/\/github.com\/ThomasKronland\/py-sky-polarization\">https:\/\/github.com\/ThomasKronland\/py-sky-polarization<\/a><\/li>\n<\/ul>\n\n\n\n<h3 class=\"wp-block-heading\">Bases de donn\u00e9es<br><\/h3>\n\n\n\n<ul class=\"wp-block-list\">\n<li>Poughon, L., Aubry, V., Monnoyer, J., Viollet, S., &amp; <strong>Serres, J. R.<\/strong> (2024).&nbsp;An extended database of annotated skylight polarization images covering a period of two months.&nbsp;<em>BMC Research Notes<\/em> <strong>17<\/strong>, 306. <br>DOI: <a href=\"https:\/\/doi.org\/10.1186\/s13104-024-06959-6\" data-type=\"link\" data-id=\"https:\/\/doi.org\/10.1186\/s13104-024-06959-6\">10.1186\/s13104-024-06959-6<\/a><br>HAL: <a href=\"https:\/\/hal.science\/hal-04737161\">hal-04737161<\/a><br><\/li>\n\n\n\n<li>Poughon, L., Aubry, V., Monnoyer, J., Viollet, S., &amp; <strong>Serres, J. R.<\/strong> (2023). <a href=\"https:\/\/amu.hal.science\/hal-04267766\/\" data-type=\"link\" data-id=\"https:\/\/amu.hal.science\/hal-04267766\/\">A stand-alone polarimetric acquisition system for producing a long-term skylight dataset<\/a>. In\u00a0<em>2023 IEEE SENSORS<\/em>\u00a0(pp. 1-4). IEEE.<br>29 October \u2013 1 November, Viena, Austria<br>DOI : <a href=\"https:\/\/ieeexplore.ieee.org\/abstract\/document\/10325176\" data-type=\"link\" data-id=\"https:\/\/ieeexplore.ieee.org\/abstract\/document\/10325176\">10.1109\/SENSORS56945.2023.10325176<\/a><br>HAL:\u00a0<a href=\"https:\/\/amu.hal.science\/hal-04267766\/\">hal-04267766<\/a>\u00a0(proceeding)<br>HAL:\u00a0<a href=\"https:\/\/hal.science\/hal-04267779\/\">hal-04267779<\/a>\u00a0(poster)<br><br>Codes et bases de donn\u00e9es d\u2019images polarim\u00e9triques sous licence CC-BY-SA associ\u00e9s \u00e0 cette publication :<br><br>Poughon, L., Aubry, V., Monnoyer, J., Viollet, S., &amp; <strong>Serres, J. R.<\/strong> (2024). <a href=\"https:\/\/entrepot.recherche.data.gouv.fr\/dataset.xhtml?persistentId=doi:10.57745\/610QTS\" data-type=\"link\" data-id=\"https:\/\/entrepot.recherche.data.gouv.fr\/dataset.xhtml?persistentId=doi:10.57745\/610QTS\">1 Month-long skylight polarization images dataset<\/a>. Recherche Data Gouv, V1.<br>DOI : <a href=\"https:\/\/doi.org\/10.57745\/610QTS\">10.57745\/610QTS<\/a><br>GitHub : <a href=\"https:\/\/github.com\/mol-1\/Long-Term-Skylight-Polarization-Measurement-Device\">https:\/\/github.com\/mol-1\/Long-Term-Skylight-Polarization-Measurement-Device<\/a><br><br>Poughon, L., Aubry, V., Monnoyer, J., Viollet, S., &amp; <strong>Serres, J. R<\/strong>. (2024). <a href=\"https:\/\/entrepot.recherche.data.gouv.fr\/dataset.xhtml?persistentId=doi:10.57745\/9L2YUB\" data-type=\"link\" data-id=\"https:\/\/entrepot.recherche.data.gouv.fr\/dataset.xhtml?persistentId=doi:10.57745\/9L2YUB\">A 2 month-long annotated skylight polarization images database<\/a>. Recherche Data Gouv, V1.<br>DOI : <a href=\"https:\/\/doi.org\/10.57745\/9L2YUB\">10.57745\/9L2YUB<\/a><br>GitHub : <a href=\"https:\/\/github.com\/mol-1\/A-2-month-long-annotated-skylight-polarization-images-database---associated-code\">https:\/\/github.com\/mol-1\/A-2-month-long-annotated-skylight-polarization-images-database&#8212;associated-code<\/a><br>GitHub : <a href=\"https:\/\/github.com\/StephViollet\/Read-database-polarized-images-\">https:\/\/github.com\/StephViollet\/Read-database-polarized-images-<\/a><\/li>\n<\/ul>\n","protected":false},"excerpt":{"rendered":"<p>Codes et bases de donn\u00e9es Codes Bases de donn\u00e9es<\/p>\n","protected":false},"author":2,"featured_media":0,"parent":37,"menu_order":3,"comment_status":"closed","ping_status":"closed","template":"","meta":{"footnotes":""},"class_list":["post-2707","page","type-page","status-publish","hentry","entry"],"_links":{"self":[{"href":"https:\/\/serres-lab.com\/fr\/wp-json\/wp\/v2\/pages\/2707","targetHints":{"allow":["GET"]}}],"collection":[{"href":"https:\/\/serres-lab.com\/fr\/wp-json\/wp\/v2\/pages"}],"about":[{"href":"https:\/\/serres-lab.com\/fr\/wp-json\/wp\/v2\/types\/page"}],"author":[{"embeddable":true,"href":"https:\/\/serres-lab.com\/fr\/wp-json\/wp\/v2\/users\/2"}],"replies":[{"embeddable":true,"href":"https:\/\/serres-lab.com\/fr\/wp-json\/wp\/v2\/comments?post=2707"}],"version-history":[{"count":12,"href":"https:\/\/serres-lab.com\/fr\/wp-json\/wp\/v2\/pages\/2707\/revisions"}],"predecessor-version":[{"id":3266,"href":"https:\/\/serres-lab.com\/fr\/wp-json\/wp\/v2\/pages\/2707\/revisions\/3266"}],"up":[{"embeddable":true,"href":"https:\/\/serres-lab.com\/fr\/wp-json\/wp\/v2\/pages\/37"}],"wp:attachment":[{"href":"https:\/\/serres-lab.com\/fr\/wp-json\/wp\/v2\/media?parent=2707"}],"curies":[{"name":"wp","href":"https:\/\/api.w.org\/{rel}","templated":true}]}}