{"id":3,"date":"2022-02-21T17:46:09","date_gmt":"2022-02-21T16:46:09","guid":{"rendered":"https:\/\/serres-lab.com\/?page_id=3"},"modified":"2022-12-19T13:54:12","modified_gmt":"2022-12-19T12:54:12","slug":"mentions-legales","status":"publish","type":"page","link":"https:\/\/serres-lab.com\/fr\/mentions-legales\/","title":{"rendered":"Mentions l\u00e9gales"},"content":{"rendered":"\n<div class=\"wp-block-group entete is-layout-flow wp-block-group-is-layout-flow\">\n<div style=\"height:100px\" aria-hidden=\"true\" class=\"wp-block-spacer\"><\/div>\n\n\n\n<h1 class=\"wp-block-heading\" id=\"politique-de-confidentialite\">Mentions l\u00e9gales<\/h1>\n\n\n\n<hr class=\"wp-block-separator has-text-color has-magenta-color has-alpha-channel-opacity has-magenta-background-color has-background is-style-wide\"\/>\n<\/div>\n\n\n\n<h2 class=\"wp-block-heading\" id=\"qui-sommes-nous\">\u00c9diteur du site<\/h2>\n\n\n\n<p>Julien Serres<br><br>Site web personnel : le nom de domaine serres-lab.com est la propri\u00e9t\u00e9 de Julien Serres.<br>L&rsquo;infrastructure num\u00e9rique d&rsquo;Aix Marseille Universit\u00e9 (AMU) ne supportant pas les standards num\u00e9riques actuels (serveur qui satisfait les conditions requises : PHP8\/MySQL5.6+\/acc\u00e8s FTP \u00e0 des collaborateurs externes \u00e0 AMU) relatifs \u00e0 l&rsquo;outil <a href=\"https:\/\/fr.wikipedia.org\/wiki\/WordPress\" data-type=\"URL\" data-id=\"https:\/\/fr.wikipedia.org\/wiki\/WordPress\">WordPress<\/a>. Cette solution s&rsquo;est impos\u00e9e \u00e0 Julien Serres pour d\u00e9velopper une communication internet de niveau international.<\/p>\n\n\n\n<h2 class=\"wp-block-heading\">H\u00e9bergement<\/h2>\n\n\n\n<p>Ce site internet est h\u00e9berg\u00e9 par la soci\u00e9t\u00e9 Infomaniak Network SA, 25 rue Eug\u00e8ne Marziano, 1227 Les Acacias, Gen\u00e8ve, Suisse.<\/p>\n\n\n\n<h2 class=\"wp-block-heading\" id=\"commentaires\">Cr\u00e9dits<\/h2>\n\n\n\n<p>Cr\u00e9ation du site internet : <a href=\"https:\/\/raphaelwittmann.net\/\">Rapha\u00ebl Wittmann<\/a> \/ <a href=\"https:\/\/wescience.fr\/\">we<em>science<\/em><\/a><\/p>\n\n\n\n<h2 class=\"wp-block-heading\" id=\"contenu-embarque-depuis-d-autres-sites\">Contenu embarqu\u00e9 depuis d\u2019autres sites<\/h2>\n\n\n\n<p>Les articles de ce site peuvent inclure des contenus int\u00e9gr\u00e9s (par exemple des vid\u00e9os, images, articles\u2026). Le contenu int\u00e9gr\u00e9 depuis d\u2019autres sites se comporte de la m\u00eame mani\u00e8re que si le visiteur se rendait sur cet autre site.<\/p>\n\n\n\n<p>Ces sites web pourraient collecter des donn\u00e9es sur vous, utiliser des cookies, embarquer des outils de suivis tiers, suivre vos interactions avec ces contenus embarqu\u00e9s si vous disposez d\u2019un compte connect\u00e9 sur leur site web.<\/p>\n","protected":false},"excerpt":{"rendered":"<p>Mentions l\u00e9gales \u00c9diteur du site Julien Serres Site web personnel : le nom de domaine serres-lab.com est la propri\u00e9t\u00e9 de [&hellip;]<\/p>\n","protected":false},"author":1,"featured_media":0,"parent":0,"menu_order":99,"comment_status":"closed","ping_status":"closed","template":"","meta":{"footnotes":""},"class_list":["post-3","page","type-page","status-publish","hentry","entry"],"_links":{"self":[{"href":"https:\/\/serres-lab.com\/fr\/wp-json\/wp\/v2\/pages\/3","targetHints":{"allow":["GET"]}}],"collection":[{"href":"https:\/\/serres-lab.com\/fr\/wp-json\/wp\/v2\/pages"}],"about":[{"href":"https:\/\/serres-lab.com\/fr\/wp-json\/wp\/v2\/types\/page"}],"author":[{"embeddable":true,"href":"https:\/\/serres-lab.com\/fr\/wp-json\/wp\/v2\/users\/1"}],"replies":[{"embeddable":true,"href":"https:\/\/serres-lab.com\/fr\/wp-json\/wp\/v2\/comments?post=3"}],"version-history":[{"count":14,"href":"https:\/\/serres-lab.com\/fr\/wp-json\/wp\/v2\/pages\/3\/revisions"}],"predecessor-version":[{"id":2047,"href":"https:\/\/serres-lab.com\/fr\/wp-json\/wp\/v2\/pages\/3\/revisions\/2047"}],"wp:attachment":[{"href":"https:\/\/serres-lab.com\/fr\/wp-json\/wp\/v2\/media?parent=3"}],"curies":[{"name":"wp","href":"https:\/\/api.w.org\/{rel}","templated":true}]}}