{"id":306,"date":"2022-04-16T18:11:01","date_gmt":"2022-04-16T16:11:01","guid":{"rendered":"https:\/\/serres-lab.com\/?page_id=306"},"modified":"2024-07-27T08:57:54","modified_gmt":"2024-07-27T06:57:54","slug":"formation","status":"publish","type":"page","link":"https:\/\/serres-lab.com\/fr\/cv\/formation\/","title":{"rendered":"Formation"},"content":{"rendered":"\n<h2 class=\"wp-block-heading alignwide\" id=\"formation\"><strong>Formation<\/strong><\/h2>\n\n\n\n<div style=\"height:20px\" aria-hidden=\"true\" class=\"wp-block-spacer\"><\/div>\n\n\n\n<div class=\"wp-block-columns alignwide formationCols is-layout-flex wp-container-core-columns-is-layout-28f84493 wp-block-columns-is-layout-flex\">\n<div class=\"wp-block-column is-layout-flow wp-block-column-is-layout-flow\" style=\"flex-basis:120px\">\n<p class=\"has-grey-color has-text-color has-medium-font-size\" id=\"2008\"><strong>2020<\/strong><\/p>\n<\/div>\n\n\n\n<div class=\"wp-block-column is-layout-flow wp-block-column-is-layout-flow\" style=\"flex-basis:90%\">\n<p class=\"has-large-font-size\"><strong>Habilitation \u00e0 diriger des Recherche d&rsquo;Aix Marseille Universit\u00e9<\/strong>, soutenue le 16 novembre 2022<br>Sp\u00e9cialit\u00e9&nbsp;: <strong>Biorobotique<\/strong><\/p>\n\n\n\n<p><br>\u00c9cole doctorale&nbsp;: <a href=\"https:\/\/ecole-doctorale-463.univ-amu.fr\/fr\" data-type=\"URL\" data-id=\"https:\/\/ecole-doctorale-463.univ-amu.fr\/fr\">SMH, Sciences du Mouvement Humain (ED 463)<\/a><\/p>\n\n\n\n<p>Mots cl\u00e9&nbsp;: Biorobotique, Bionique, Biomim\u00e9tisme, Robotique Bio-inspir\u00e9e, Flux<br>Optique, Vision Ultraviolette, Vision Polaris\u00e9e, Guidage visuel, Contr\u00f4le d\u2019Altitude,<br>Navigation, Compas C\u00e9leste, Vision Non-Conventionnelle, Sc\u00e9nario de Blackout<br>Radio.<\/p>\n\n\n\n<p>Titre&nbsp;: <strong><a href=\"https:\/\/tel.archives-ouvertes.fr\/tel-03085410\/\" data-type=\"URL\" data-id=\"https:\/\/tel.archives-ouvertes.fr\/tel-03085410\/\">Des Propri\u00e9t\u00e9s Physiques du Monde \u00e0 la Navigation Bioinspir\u00e9e<\/a>. <\/strong><\/p>\n\n\n\n<p>Laboratoire&nbsp;: <a href=\"https:\/\/ism.univ-amu.fr\/\" data-type=\"URL\" data-id=\"https:\/\/ism.univ-amu.fr\/\">Institut des Sciences du Mouvement \u2013 \u00c9tienne-Jules Marey<\/a>, Aix Marseille Universit\u00e9\/ CNRS, Marseille<\/p>\n\n\n\n<p class=\"has-small-font-size\">Les membres du jury&nbsp;:<br>PR. Philippe GAUSSIER, Prof. Universit\u00e9 de Cergy Pontoise, ETIS, Rapporteur<br>PR. Pierre MORETTO, Prof. Universit\u00e9 de Toulouse, CRCA, Rapporteur<br>DR. Dominique MARTINEZ, Directeur de Recherche CNRS, LORIA, Nancy, Rapporteur<br>DR. Myriam ZERRAD, Ing\u00e9nieure de Recherche, Aix Marseille Universit\u00e9, Inst. Fresnel, Examinatrice<br>PR. Bruno WATIER, Prof. Universit\u00e9 de Toulouse, LAAS, Examinateur<br>PR. Marc BENDAHAN, Prof. Aix Marseille Universit\u00e9, IM2NP, Examinateur<br>PR. Christophe BOURDIN, Prof. Aix Marseille Universit\u00e9, ISM, Tuteur<br>DR. Nicolas FRANCESCHINI, Directeur de Recherche CNRS, ISM, Invit\u00e9<\/p>\n<\/div>\n<\/div>\n\n\n\n<div class=\"wp-block-columns alignwide formationCols is-layout-flex wp-container-core-columns-is-layout-28f84493 wp-block-columns-is-layout-flex\">\n<div class=\"wp-block-column is-layout-flow wp-block-column-is-layout-flow\" style=\"flex-basis:120px\">\n<p class=\"has-grey-color has-text-color has-medium-font-size\" id=\"2008\"><strong>2008<\/strong><\/p>\n<\/div>\n\n\n\n<div class=\"wp-block-column is-layout-flow wp-block-column-is-layout-flow\" style=\"flex-basis:90%\">\n<p class=\"has-large-font-size\"><strong>Th\u00e8se de doctorat de l\u2019Universit\u00e9 de Montpellier II<\/strong>, soutenue le 11 juillet 2008<br>Sp\u00e9cialit\u00e9&nbsp;: <strong>Syst\u00e8mes Automatiques et Micro\u00e9lectroniques<\/strong><\/p>\n\n\n\n<p><br>\u00c9cole doctorale&nbsp;: <a href=\"https:\/\/edi2s.umontpellier.fr\/\" data-type=\"URL\" data-id=\"https:\/\/edi2s.umontpellier.fr\/\">I2S Information, Structures et Syst\u00e8mes (ED 166)<\/a><\/p>\n\n\n\n<p>Formation doctorale&nbsp;: Neuro\u00e9thologie, Vision, Flux optique, Robotique<br>Directeur de th\u00e8se&nbsp;: <a href=\"https:\/\/scholar.google.com\/citations?user=Y3fvA_cAAAAJ&amp;hl=fr\" data-type=\"URL\" data-id=\"https:\/\/scholar.google.com\/citations?user=Y3fvA_cAAAAJ&amp;hl=fr\">DR. Nicolas FRANCESCHINI<\/a><\/p>\n\n\n\n<p>Titre&nbsp;: <strong><a href=\"https:\/\/tel.archives-ouvertes.fr\/tel-00645272\">De l\u2019abeille au robot&nbsp;: \u00ab&nbsp;la r\u00e9gulation du flux optique&nbsp;\u00bb<\/a>. <\/strong><br><strong>Contr\u00f4le conjoint de vitesse et d&rsquo;\u00e9vitement d&rsquo;obstacles lat\u00e9raux pour v\u00e9hicules totalement actionn\u00e9s<\/strong><\/p>\n\n\n\n<p>Laboratoire&nbsp;: Institut des Sciences du Mouvement \u2013 \u00c9tienne Jules-Marey, Universit\u00e9 de la M\u00e9diterran\u00e9e \/ CNRS, Marseille<\/p>\n\n\n\n<p class=\"has-small-font-size\">Les membres du jury&nbsp;:<br>PR. Ren\u00e9 ZAPATA, Prof. Universit\u00e9 de Montpellier II, LIRMM, Pr\u00e9sident<br>DR. Nicolas FRANCESCHINI, Dir. Recherche CNRS, ISM, Marseille, Dir. de th\u00e8se<br>PR. Auke IJSPEERT, Prof. EPFL, Lausanne, Rapporteur<br>DR. Simon THORPE, Dir. Recherche CNRS, CERCO, Toulouse, Rapporteur<br>DR. Rogelio LOZANO, Dir. Recherche CNRS, Heudiasyc, Compi\u00e8gne, Examinateur<br>PR. Philippe BIDAUD, Prof. Universit\u00e9 P. et M. Curie (Paris VI), ISIR, Examinateur<\/p>\n<\/div>\n<\/div>\n\n\n\n<div class=\"wp-block-columns alignwide formationCols is-layout-flex wp-container-core-columns-is-layout-28f84493 wp-block-columns-is-layout-flex\">\n<div class=\"wp-block-column is-layout-flow wp-block-column-is-layout-flow\" style=\"flex-basis:120px\">\n<p class=\"has-grey-color has-text-color has-medium-font-size\" id=\"2008\"><strong>2007<\/strong><\/p>\n<\/div>\n\n\n\n<div class=\"wp-block-column is-layout-flow wp-block-column-is-layout-flow\" style=\"flex-basis:90%\">\n<p class=\"has-large-font-size\"><strong>Formation universitaire des enseignants du second degr\u00e9<\/strong><\/p>\n\n\n\n<p>IUFM de Villeurbanne, Acad\u00e9mie de Lyon.<\/p>\n\n\n\n<p>Formation sp\u00e9cifique \u00e0 la p\u00e9dagogie de projets<br>P\u00e9dagogie pr\u00e9-bac<\/p>\n\n\n\n<p>Th\u00e8me du m\u00e9moire professionnel&nbsp;: \u00c9ducation au D\u00e9veloppement Durable.<\/p>\n<\/div>\n<\/div>\n\n\n\n<div class=\"wp-block-columns alignwide formationCols is-layout-flex wp-container-core-columns-is-layout-28f84493 wp-block-columns-is-layout-flex\">\n<div class=\"wp-block-column is-layout-flow wp-block-column-is-layout-flow\" style=\"flex-basis:120px\">\n<p class=\"has-grey-color has-text-color has-medium-font-size\" id=\"2008\"><strong>2003<\/strong><\/p>\n<\/div>\n\n\n\n<div class=\"wp-block-column is-layout-flow wp-block-column-is-layout-flow\" style=\"flex-basis:90%\">\n<p class=\"has-large-font-size\"><strong><a href=\"https:\/\/ens-paris-saclay.fr\/\" data-type=\"URL\" data-id=\"https:\/\/ens-paris-saclay.fr\/\">\u00c9cole Normale Sup\u00e9rieure Paris-Saclay<\/a> (ENS Cachan) \u2013 Universit\u00e9 de Paris XI<\/strong><\/p>\n\n\n\n<p>D\u00e9partement EEA (\u00c9lectronique \u2013 \u00c9lectrotechnique &#8211; Automatique)<br>Nomination&nbsp; en tant qu&rsquo;\u00e9l\u00e8ve de l&rsquo;\u00c9cole normale sup\u00e9rieure de Cachan<\/p>\n\n\n\n<p class=\"has-small-font-size\"><a href=\"https:\/\/www.education.gouv.fr\/botexte\/bo000316\/MENR0000301A.htm\" data-type=\"URL\" data-id=\"https:\/\/www.education.gouv.fr\/botexte\/bo000316\/MENR0000301A.htm\">Bulletin Officiel de l&rsquo;Education Nationale n\u00b011 du 16 mars 2000<\/a><\/p>\n<\/div>\n<\/div>\n\n\n\n<div class=\"wp-block-columns alignwide formationCols is-layout-flex wp-container-core-columns-is-layout-28f84493 wp-block-columns-is-layout-flex\">\n<div class=\"wp-block-column is-layout-flow wp-block-column-is-layout-flow\" style=\"flex-basis:120px\">\n<p class=\"has-grey-color has-text-color has-medium-font-size\" id=\"2008\"><strong>2002<\/strong><\/p>\n<\/div>\n\n\n\n<div class=\"wp-block-column is-layout-flow wp-block-column-is-layout-flow\" style=\"flex-basis:90%\">\n<p class=\"has-large-font-size\"><strong>Magist\u00e8re en EEA et DEA en Imagerie M\u00e9dicale \u2013 Universit\u00e9 de Paris XI<\/strong><\/p>\n\n\n\n<p>Physique des capteurs, traitement du signal et de l\u2019image, probl\u00e8mes inverses<br>Physique des imageurs m\u00e9dicaux (Scanner X, SPECT\/PET, IRM)<br>Imagerie neuro-cognitive fonctionnelle par r\u00e9sonance magn\u00e9tique (IRMf)<\/p>\n<\/div>\n<\/div>\n\n\n\n<div class=\"wp-block-columns alignwide formationCols is-layout-flex wp-container-core-columns-is-layout-28f84493 wp-block-columns-is-layout-flex\">\n<div class=\"wp-block-column is-layout-flow wp-block-column-is-layout-flow\" style=\"flex-basis:120px\">\n<p class=\"has-grey-color has-text-color has-medium-font-size\" id=\"2008\"><strong>2001<\/strong><\/p>\n<\/div>\n\n\n\n<div class=\"wp-block-column is-layout-flow wp-block-column-is-layout-flow\" style=\"flex-basis:90%\">\n<p class=\"has-large-font-size\"><strong>Licence et Ma\u00eetrise EEA \u2013 Universit\u00e9 de Paris XI<\/strong><\/p>\n\n\n\n<p>Commande \u00e0 vitesse variable des machines \u00e9lectriques, Commande vectorielle<br>Commandes \u00e0 temps continu et \u00e0 temps discret<br>Mod\u00e9lisation par variables d\u2019\u00e9tat, Identification, Estimation, Automatique<br>Traitement du signal et de l\u2019image<br>\u00c9lectroniques analogique et num\u00e9rique<br>Physique des ondes, Physique de l\u2019\u00e9tat solide<br>Transmission num\u00e9rique, signaux rapides et micro-ondes<br>\u00c9lectronique de puissance, \u00c9lectrotechnique<\/p>\n<\/div>\n<\/div>\n\n\n\n<div class=\"wp-block-columns alignwide formationCols is-layout-flex wp-container-core-columns-is-layout-28f84493 wp-block-columns-is-layout-flex\">\n<div class=\"wp-block-column is-layout-flow wp-block-column-is-layout-flow\" style=\"flex-basis:120px\">\n<p class=\"has-grey-color has-text-color has-medium-font-size\" id=\"2008\"><strong>1999<\/strong><\/p>\n<\/div>\n\n\n\n<div class=\"wp-block-column is-layout-flow wp-block-column-is-layout-flow\" style=\"flex-basis:90%\">\n<p class=\"has-large-font-size\"><strong>Classes Pr\u00e9paratoires aux Grandes Ecoles, PT* (Physique &#8211; Technologie)<\/strong><\/p>\n\n\n\n<p>Lyc\u00e9e Jean Perrin, Marseille.<br>Concours Commun Banque PT, rang d\u2019admission \u00e0 l\u2019ENS Cachan\u00a0: 42<br>Math\u00e9matiques, Sciences physiques<br>Construction m\u00e9canique, Sciences de l\u2019ing\u00e9nieur<\/p>\n<\/div>\n<\/div>\n\n\n\n<div class=\"wp-block-columns alignwide formationCols is-layout-flex wp-container-core-columns-is-layout-28f84493 wp-block-columns-is-layout-flex\">\n<div class=\"wp-block-column is-layout-flow wp-block-column-is-layout-flow\" style=\"flex-basis:120px\">\n<p class=\"has-grey-color has-text-color has-medium-font-size\" id=\"2008\"><strong>1996<\/strong><\/p>\n<\/div>\n\n\n\n<div class=\"wp-block-column is-layout-flow wp-block-column-is-layout-flow\" style=\"flex-basis:90%\">\n<p class=\"has-large-font-size\"><strong>Baccalaur\u00e9at S (sp\u00e9cialit\u00e9&nbsp;: Sciences de l\u2019Ing\u00e9nieur)<\/strong><\/p>\n\n\n\n<p>Lyc\u00e9e Jean Perrin, Marseille, Mention : Bien<\/p>\n<\/div>\n<\/div>\n\n\n\n<div style=\"height:100px\" aria-hidden=\"true\" class=\"wp-block-spacer\"><\/div>\n","protected":false},"excerpt":{"rendered":"<p>Formation 2020 Habilitation \u00e0 diriger des Recherche d&rsquo;Aix Marseille Universit\u00e9, soutenue le 16 novembre 2022Sp\u00e9cialit\u00e9&nbsp;: Biorobotique \u00c9cole doctorale&nbsp;: SMH, Sciences [&hellip;]<\/p>\n","protected":false},"author":1,"featured_media":0,"parent":27,"menu_order":2,"comment_status":"closed","ping_status":"closed","template":"","meta":{"footnotes":""},"class_list":["post-306","page","type-page","status-publish","hentry","entry"],"_links":{"self":[{"href":"https:\/\/serres-lab.com\/fr\/wp-json\/wp\/v2\/pages\/306","targetHints":{"allow":["GET"]}}],"collection":[{"href":"https:\/\/serres-lab.com\/fr\/wp-json\/wp\/v2\/pages"}],"about":[{"href":"https:\/\/serres-lab.com\/fr\/wp-json\/wp\/v2\/types\/page"}],"author":[{"embeddable":true,"href":"https:\/\/serres-lab.com\/fr\/wp-json\/wp\/v2\/users\/1"}],"replies":[{"embeddable":true,"href":"https:\/\/serres-lab.com\/fr\/wp-json\/wp\/v2\/comments?post=306"}],"version-history":[{"count":12,"href":"https:\/\/serres-lab.com\/fr\/wp-json\/wp\/v2\/pages\/306\/revisions"}],"predecessor-version":[{"id":2767,"href":"https:\/\/serres-lab.com\/fr\/wp-json\/wp\/v2\/pages\/306\/revisions\/2767"}],"up":[{"embeddable":true,"href":"https:\/\/serres-lab.com\/fr\/wp-json\/wp\/v2\/pages\/27"}],"wp:attachment":[{"href":"https:\/\/serres-lab.com\/fr\/wp-json\/wp\/v2\/media?parent=306"}],"curies":[{"name":"wp","href":"https:\/\/api.w.org\/{rel}","templated":true}]}}