{"id":309,"date":"2022-04-16T18:13:41","date_gmt":"2022-04-16T16:13:41","guid":{"rendered":"https:\/\/serres-lab.com\/?page_id=309"},"modified":"2022-11-18T11:22:05","modified_gmt":"2022-11-18T10:22:05","slug":"honneurs-et-recompenses","status":"publish","type":"page","link":"https:\/\/serres-lab.com\/fr\/cv\/honneurs-et-recompenses\/","title":{"rendered":"Honneurs et r\u00e9compenses"},"content":{"rendered":"\n<h2 class=\"alignwide wp-block-heading\" id=\"honneurs\"><strong>Honneurs et r\u00e9compenses<\/strong><\/h2>\n\n\n\n<div style=\"height:20px\" aria-hidden=\"true\" class=\"wp-block-spacer\"><\/div>\n\n\n\n<div class=\"wp-block-columns alignwide awardCols has-white-background-color has-background is-layout-flex wp-container-core-columns-is-layout-28f84493 wp-block-columns-is-layout-flex\">\n<div class=\"wp-block-column is-layout-flow wp-block-column-is-layout-flow\" style=\"flex-basis:120px\">\n<p class=\"has-grey-color has-text-color has-medium-font-size\" id=\"2019\"><strong>2022<\/strong><\/p>\n<\/div>\n\n\n\n<div class=\"wp-block-column is-layout-flow wp-block-column-is-layout-flow\" style=\"flex-basis:90%\">\n<p><a href=\"https:\/\/www.iufrance.fr\/les-membres-de-liuf\/membre\/2344-julien-serres.html\" data-type=\"URL\" data-id=\"https:\/\/www.iufrance.fr\/les-membres-de-liuf\/membre\/2344-julien-serres.html\">Membre senior \u00e0 l&rsquo;Institut Universitaire de France (IUF)<\/a><br>Titulaire d&rsquo;une chaire innovation [2022-2027]<\/p>\n\n\n\n<p class=\"has-small-font-size\">17 octobre 2022, Grand Amphith\u00e9\u00e2tre de la Sorbonne, France.<br><a href=\"https:\/\/www.enseignementsup-recherche.gouv.fr\/fr\/pid20536\/bulletin_officiel.html?cbo=1&amp;pid_bo=40732\">Bulletin officiel du MESR n\u00b0 21 du 26 mai 2022<\/a>&nbsp;<\/p>\n<\/div>\n<\/div>\n\n\n\n<div class=\"wp-block-columns alignwide awardCols has-white-background-color has-background is-layout-flex wp-container-core-columns-is-layout-28f84493 wp-block-columns-is-layout-flex\">\n<div class=\"wp-block-column is-layout-flow wp-block-column-is-layout-flow\" style=\"flex-basis:120px\">\n<p class=\"has-grey-color has-text-color has-medium-font-size\" id=\"2019\"><strong>2021<\/strong><\/p>\n<\/div>\n\n\n\n<div class=\"wp-block-column is-layout-flow wp-block-column-is-layout-flow\" style=\"flex-basis:90%\">\n<p><a href=\"https:\/\/www.departement13.fr\/nos-actions\/enseignement-superieur-et-recherche\/les-dispositifs\/prix-departemental-pour-la-recherche-en-provence\/prix-departemental-pour-la-recherche-en-provence-2020\/\" data-type=\"URL\" data-id=\"https:\/\/www.departement13.fr\/nos-actions\/enseignement-superieur-et-recherche\/les-dispositifs\/prix-departemental-pour-la-recherche-en-provence\/prix-departemental-pour-la-recherche-en-provence-2020\/\">5\u00e8me Prix D\u00e9partemental pour la Recherche en Provence<\/a> pour le <a href=\"https:\/\/serres-lab.com\/recherche\/projets-de-recherche-acheves\/antbot-hexapod-robot\/\">robot AntBot<\/a> <\/p>\n\n\n\n<p class=\"has-small-font-size\">\u00ab\u00a0Prix Sp\u00e9cial\u00a0\u00bb remis par le Conseil G\u00e9n\u00e9ral des Bouches\u2010du\u2010Rh\u00f4ne, France.<\/p>\n<\/div>\n<\/div>\n\n\n\n<div class=\"wp-block-columns alignwide awardCols has-white-background-color has-background is-layout-flex wp-container-core-columns-is-layout-28f84493 wp-block-columns-is-layout-flex\">\n<div class=\"wp-block-column is-layout-flow wp-block-column-is-layout-flow\" style=\"flex-basis:120px\">\n<p class=\"has-grey-color has-text-color has-medium-font-size\" id=\"2019\"><strong>2020<\/strong><\/p>\n<\/div>\n\n\n\n<div class=\"wp-block-column is-layout-flow wp-block-column-is-layout-flow\" style=\"flex-basis:90%\">\n<p><a href=\"https:\/\/www.vdi.de\/news\/detail\/vdi-verleiht-den-international-bionic-award-der-schauenburg-stiftung\" data-type=\"URL\" data-id=\"https:\/\/www.vdi.de\/news\/detail\/vdi-verleiht-den-international-bionic-award-der-schauenburg-stiftung\">1er Prix du 7\u00e8me International Bionic Award<\/a> pour le <a href=\"https:\/\/serres-lab.com\/recherche\/projets-de-recherche-acheves\/antbot-hexapod-robot\/\" data-type=\"URL\" data-id=\"https:\/\/serres-lab.com\/recherche\/projets-de-recherche-acheves\/antbot-hexapod-robot\/\">robot AntBot<\/a><\/p>\n\n\n\n<p class=\"has-small-font-size\">Organis\u00e9 par VDI et la Fondation Schauenburg<\/p>\n<\/div>\n<\/div>\n\n\n\n<div class=\"wp-block-columns alignwide awardCols has-white-background-color has-background is-layout-flex wp-container-core-columns-is-layout-28f84493 wp-block-columns-is-layout-flex\">\n<div class=\"wp-block-column is-layout-flow wp-block-column-is-layout-flow\" style=\"flex-basis:120px\">\n<p class=\"has-grey-color has-text-color has-medium-font-size\" id=\"2019\"><strong>2020<\/strong><\/p>\n<\/div>\n\n\n\n<div class=\"wp-block-column is-layout-flow wp-block-column-is-layout-flow\" style=\"flex-basis:90%\">\n<p><a href=\"https:\/\/www.gdr-robotique.org\/prix_de_these\/?an=2019\" data-type=\"URL\" data-id=\"https:\/\/www.gdr-robotique.org\/prix_de_these\/?an=2019\">2\u00e8me prix des th\u00e8ses en robotique<\/a> remis par le <a href=\"https:\/\/www.gdr-robotique.org\/\" data-type=\"URL\" data-id=\"https:\/\/www.gdr-robotique.org\/\">GDR Robotique du CNRS<\/a>,<br><a href=\"https:\/\/www.univ-amu.fr\/system\/files\/2020-12\/DIRCOM_AMU-PRIX_DE_THESE_2020.pdf\" data-type=\"URL\" data-id=\"https:\/\/www.univ-amu.fr\/system\/files\/2020-12\/DIRCOM_AMU-PRIX_DE_THESE_2020.pdf\">Prix des th\u00e8ses d&rsquo;Aix Marseille Universit\u00e9<\/a>.<\/p>\n\n\n\n<p class=\"has-small-font-size\">Th\u00e8se de Julien Dupeyroux sur le <a href=\"https:\/\/serres-lab.com\/recherche\/projets-de-recherche-acheves\/antbot-hexapod-robot\/\">robot AntBot<\/a> co\u2010dirig\u00e9e par Julien Serres &amp; St\u00e9phane Viollet.<br>Les Journ\u00e9es Nationales du GdR Robotique 2020, France.<\/p>\n<\/div>\n<\/div>\n\n\n\n<div class=\"wp-block-columns alignwide awardCols has-white-background-color has-background is-layout-flex wp-container-core-columns-is-layout-28f84493 wp-block-columns-is-layout-flex\">\n<div class=\"wp-block-column is-layout-flow wp-block-column-is-layout-flow\" style=\"flex-basis:120px\">\n<p class=\"has-grey-color has-text-color has-medium-font-size\" id=\"2019\"><strong>2020<\/strong><\/p>\n<\/div>\n\n\n\n<div class=\"wp-block-column is-layout-flow wp-block-column-is-layout-flow\" style=\"flex-basis:90%\">\n<p>Prime d&rsquo;encadrement doctoral et de recherche (PEDR), Aix Marseille Universit\u00e9,<\/p>\n\n\n\n<p class=\"has-small-font-size\">Prime exceptionnelle r\u00e9compensant l\u2019investissement dans la recherche d\u2019un enseignant-chercheur.<\/p>\n<\/div>\n<\/div>\n\n\n\n<div class=\"wp-block-columns alignwide awardCols has-white-background-color has-background is-layout-flex wp-container-core-columns-is-layout-28f84493 wp-block-columns-is-layout-flex\">\n<div class=\"wp-block-column is-layout-flow wp-block-column-is-layout-flow\" style=\"flex-basis:120px\">\n<p class=\"has-grey-color has-text-color has-medium-font-size\" id=\"2019\"><strong>2019<\/strong><\/p>\n<\/div>\n\n\n\n<div class=\"wp-block-column is-layout-flow wp-block-column-is-layout-flow\" style=\"flex-basis:90%\">\n<p>Troph\u00e9e de l\u2019Embarqu\u00e9 IoT Industrie &amp; Services, Paris, France <\/p>\n\n\n\n<p class=\"has-small-font-size\"><a href=\"https:\/\/assises.embedded-france.org\/les-trophees-de-lembarque-2019\/\">12\u00e8me \u00e9dition des Assises de l&rsquo;Embarqu\u00e9<\/a><br>Organis\u00e9 par Embedded France, avec la participation du Minist\u00e8re de l&rsquo;Economie et des Finances et de la Direction G\u00e9n\u00e9rale des Entreprises, et Cap&rsquo;Tronic.<\/p>\n<\/div>\n<\/div>\n\n\n\n<div class=\"wp-block-columns alignwide awardCols has-white-background-color has-background is-layout-flex wp-container-core-columns-is-layout-28f84493 wp-block-columns-is-layout-flex\">\n<div class=\"wp-block-column is-layout-flow wp-block-column-is-layout-flow\" style=\"flex-basis:120px\">\n<p class=\"has-grey-color has-text-color has-medium-font-size\" id=\"2019\"><strong>2018<\/strong><\/p>\n<\/div>\n\n\n\n<div class=\"wp-block-column is-layout-flow wp-block-column-is-layout-flow\" style=\"flex-basis:90%\">\n<p><a href=\"http:\/\/www.livingmachinesconference.eu\/2018\/awards\/\" data-type=\"URL\" data-id=\"http:\/\/www.livingmachinesconference.eu\/2018\/awards\/\">1er prix du meilleur article \u00e0 la conf\u00e9rence Living Machines<\/a>, Paris, France.<\/p>\n\n\n\n<p class=\"has-small-font-size\">Titre : \u00ab\u00a0AntBot, a hexapod walking robot mimicking navigation strategies of desert ants Cataglyphis\u00a0\u00bb.<br>Auteurs : Julien Dupeyroux, Julien Serres, &amp; St\u00e9phane Viollet.<\/p>\n<\/div>\n<\/div>\n\n\n\n<div class=\"wp-block-columns alignwide awardCols has-white-background-color has-background is-layout-flex wp-container-core-columns-is-layout-28f84493 wp-block-columns-is-layout-flex\">\n<div class=\"wp-block-column is-layout-flow wp-block-column-is-layout-flow\" style=\"flex-basis:120px\">\n<p class=\"has-grey-color has-text-color has-medium-font-size\" id=\"2019\"><strong>2017<\/strong><\/p>\n<\/div>\n\n\n\n<div class=\"wp-block-column is-layout-flow wp-block-column-is-layout-flow\" style=\"flex-basis:90%\">\n<p>1er prix du meilleur article \u00e0 la conf\u00e9rence IEEE Europ. Conf. on Mobile Robotics (ECMR), Paris, France.<\/p>\n\n\n\n<p class=\"has-small-font-size\">Titre : \u00ab\u00a0A bio-inspired celestial compass applied to an ant-inspired robot for autonomous navigation\u00a0\u00bb.<br>Auteurs : Julien Dupeyroux, Julien Diperi, Marc Boyron, St\u00e9phane Viollet, &amp; Julien Serres.<\/p>\n<\/div>\n<\/div>\n\n\n\n<div class=\"wp-block-columns alignwide awardCols has-white-background-color has-background is-layout-flex wp-container-core-columns-is-layout-28f84493 wp-block-columns-is-layout-flex\">\n<div class=\"wp-block-column is-layout-flow wp-block-column-is-layout-flow\" style=\"flex-basis:120px\">\n<p class=\"has-grey-color has-text-color has-medium-font-size\" id=\"2019\"><strong>2016<\/strong><\/p>\n<\/div>\n\n\n\n<div class=\"wp-block-column is-layout-flow wp-block-column-is-layout-flow\" style=\"flex-basis:90%\">\n<p>Prime d\u2019Engagement P\u00e9dagogique (PEP) UFR STAPS, AMU<\/p>\n\n\n\n<p class=\"has-small-font-size\">Prime exceptionnelle r\u00e9compensant l\u2019investissement p\u00e9dagogique d\u2019un enseignant.<\/p>\n<\/div>\n<\/div>\n\n\n\n<div class=\"wp-block-columns alignwide awardCols has-white-background-color has-background is-layout-flex wp-container-core-columns-is-layout-28f84493 wp-block-columns-is-layout-flex\">\n<div class=\"wp-block-column is-layout-flow wp-block-column-is-layout-flow\" style=\"flex-basis:120px\">\n<p class=\"has-grey-color has-text-color has-medium-font-size\" id=\"2019\"><strong>2009<\/strong><\/p>\n<\/div>\n\n\n\n<div class=\"wp-block-column is-layout-flow wp-block-column-is-layout-flow\" style=\"flex-basis:90%\">\n<p><a href=\"https:\/\/www.gdr-robotique.org\/prix_de_these\/?an=2008\" data-type=\"URL\" data-id=\"https:\/\/www.gdr-robotique.org\/prix_de_these\/?an=2008\">2\u00e8me prix des th\u00e8ses en robotique<\/a> remis par le <a href=\"https:\/\/www.gdr-robotique.org\/\" data-type=\"URL\" data-id=\"https:\/\/www.gdr-robotique.org\/\">GDR Robotique du CNRS<\/a>.<\/p>\n\n\n\n<p class=\"has-small-font-size\">Journ\u00e9es Nationales de la Recherche en Robotique (2009), Neuvy-sur-Barangeon, France.<\/p>\n<\/div>\n<\/div>\n","protected":false},"excerpt":{"rendered":"<p>Honneurs et r\u00e9compenses 2022 Membre senior \u00e0 l&rsquo;Institut Universitaire de France (IUF)Titulaire d&rsquo;une chaire innovation [2022-2027] 17 octobre 2022, Grand [&hellip;]<\/p>\n","protected":false},"author":1,"featured_media":0,"parent":27,"menu_order":6,"comment_status":"closed","ping_status":"closed","template":"","meta":{"footnotes":""},"class_list":["post-309","page","type-page","status-publish","hentry","entry"],"_links":{"self":[{"href":"https:\/\/serres-lab.com\/fr\/wp-json\/wp\/v2\/pages\/309","targetHints":{"allow":["GET"]}}],"collection":[{"href":"https:\/\/serres-lab.com\/fr\/wp-json\/wp\/v2\/pages"}],"about":[{"href":"https:\/\/serres-lab.com\/fr\/wp-json\/wp\/v2\/types\/page"}],"author":[{"embeddable":true,"href":"https:\/\/serres-lab.com\/fr\/wp-json\/wp\/v2\/users\/1"}],"replies":[{"embeddable":true,"href":"https:\/\/serres-lab.com\/fr\/wp-json\/wp\/v2\/comments?post=309"}],"version-history":[{"count":15,"href":"https:\/\/serres-lab.com\/fr\/wp-json\/wp\/v2\/pages\/309\/revisions"}],"predecessor-version":[{"id":1939,"href":"https:\/\/serres-lab.com\/fr\/wp-json\/wp\/v2\/pages\/309\/revisions\/1939"}],"up":[{"embeddable":true,"href":"https:\/\/serres-lab.com\/fr\/wp-json\/wp\/v2\/pages\/27"}],"wp:attachment":[{"href":"https:\/\/serres-lab.com\/fr\/wp-json\/wp\/v2\/media?parent=309"}],"curies":[{"name":"wp","href":"https:\/\/api.w.org\/{rel}","templated":true}]}}