{"id":31,"date":"2022-03-09T16:36:21","date_gmt":"2022-03-09T15:36:21","guid":{"rendered":"https:\/\/serres-lab.com\/?page_id=31"},"modified":"2022-10-14T15:27:46","modified_gmt":"2022-10-14T13:27:46","slug":"equipement","status":"publish","type":"page","link":"https:\/\/serres-lab.com\/fr\/equipement\/","title":{"rendered":"Equipement"},"content":{"rendered":"\n<h2 class=\"wp-block-heading\"><strong>Nos plateformes de recherche<\/strong> et ateliers<\/h2>\n\n\n\n<p class=\"maxWidth70p\">L&rsquo;\u00e9quipe a acc\u00e8s aux \u00e9quipements de l&rsquo;<a href=\"https:\/\/ism.univ-amu.fr\/fr\" data-type=\"URL\" data-id=\"https:\/\/ism.univ-amu.fr\/fr\">Institut des Sciences du Mouvement &#8211; \u00c9tienne-Jules Marey UMR7287<\/a>. Ces \u00e9quipements comprennent la plateforme technologique de recherche Ar\u00e8ne de Vol de la M\u00e9diterran\u00e9e (AVM), les ateliers d&rsquo;\u00e9lectronique et de micro-m\u00e9canique pour prototyper rapidement les diff\u00e9rentes r\u00e9alisations de l&rsquo;\u00e9quipe, ainsi que des ruches pour l&rsquo;\u00e9tude du comportement des abeilles mellif\u00e8res.<\/p>\n\n\n<div class=\"listOfPages\"><div class=\"pageInList \">\n\n    \n\n\t<a class=\"pageThumbnailLink\" href=\"https:\/\/serres-lab.com\/fr\/equipement\/flying-arena\/\">\n\n            <div class=\"pageInListHeader\">\n                <h4 class=\"pageInListTitle\">Ar\u00e8ne de Vol de la M\u00e9diterran\u00e9e (AVM)<\/h4>\n                <div class=\"postExcerpt\"><p>L&rsquo;AVM consiste en une chambre de vol de 8 m de long par 6 m de large et 6 m de haut d\u00e9di\u00e9e \u00e0 l&rsquo;exp\u00e9rimentation robotique (terrestre et a\u00e9rienne). <\/p>\n<\/div>\n                <span class=\"fakeBtn\">En savoir plus <i class=\"fas fa-arrow-right\"><\/i><\/span>\n            <\/div>\n            \n            \n           \n            \n                         <div class=\"pageThumbnailWrapper\">\n                                <img loading=\"lazy\" decoding=\"async\" src=\"https:\/\/serres-lab.com\/wp-content\/uploads\/2022\/09\/AVM.jpg\" width=\"2000\" height=\"1333\" alt=\"\" class=\"lazyload\" \/>\n            <\/div>\n                        \n        <\/a>\n\n<\/div><!-- pageInList -->\n<div class=\"pageInList \">\n\n    \n\n\t<a class=\"pageThumbnailLink\" href=\"https:\/\/serres-lab.com\/fr\/equipement\/atelier-electronique\/\">\n\n            <div class=\"pageInListHeader\">\n                <h4 class=\"pageInListTitle\">Atelier \u00e9lectronique<\/h4>\n                <div class=\"postExcerpt\"><p>Notre \u00e9quipe dispose d&rsquo;un atelier d&rsquo;\u00e9lectronique \u00e9quip\u00e9 d&rsquo;une machine \u00e0 commande num\u00e9rique pour la r\u00e9alisation de cartes \u00e9lectroniques prototyp\u00e9es.<\/p>\n<\/div>\n                <span class=\"fakeBtn\">En savoir plus <i class=\"fas fa-arrow-right\"><\/i><\/span>\n            <\/div>\n            \n            \n           \n            \n                         <div class=\"pageThumbnailWrapper\">\n                                <img loading=\"lazy\" decoding=\"async\" src=\"https:\/\/serres-lab.com\/wp-content\/uploads\/2022\/10\/EMD-1.gif\" width=\"700\" height=\"602\" alt=\"\" class=\"lazyload\" \/>\n            <\/div>\n                        \n        <\/a>\n\n<\/div><!-- pageInList -->\n<div class=\"pageInList \">\n\n    \n\n\t<a class=\"pageThumbnailLink\" href=\"https:\/\/serres-lab.com\/fr\/equipement\/atelier-mecanique\/\">\n\n            <div class=\"pageInListHeader\">\n                <h4 class=\"pageInListTitle\">Atelier m\u00e9canique<\/h4>\n                <div class=\"postExcerpt\"><p>Notre \u00e9quipe dispose d\u2019un atelier de m\u00e9canique comprenant quatre imprimantes 3D de prototypage rapide, d\u2019une d\u00e9coupe laser Trotec, ainsi que de machines d&rsquo;usinage conventionnel pour de la fabrication micro-m\u00e9canique.<\/p>\n<\/div>\n                <span class=\"fakeBtn\">En savoir plus <i class=\"fas fa-arrow-right\"><\/i><\/span>\n            <\/div>\n            \n            \n           \n            \n                         <div class=\"pageThumbnailWrapper\">\n                                <img loading=\"lazy\" decoding=\"async\" src=\"https:\/\/serres-lab.com\/wp-content\/uploads\/2022\/10\/Imprimante3D-Volumic-stream.gif\" width=\"600\" height=\"600\" alt=\"\" class=\"lazyload\" \/>\n            <\/div>\n                        \n        <\/a>\n\n<\/div><!-- pageInList -->\n<div class=\"pageInList \">\n\n    \n\n\t<a class=\"pageThumbnailLink\" href=\"https:\/\/serres-lab.com\/fr\/equipement\/ruches\/\">\n\n            <div class=\"pageInListHeader\">\n                <h4 class=\"pageInListTitle\">Ruches<\/h4>\n                <div class=\"postExcerpt\"><p>L\u2019\u00e9quipe poss\u00e8de un rucher \u00e0 proximit\u00e9 de ses installations lui permettant d\u2019exp\u00e9rimenter sur l\u2019abeille domestique durant une p\u00e9riode de 6 mois (de mai \u00e0 octobre).<\/p>\n<\/div>\n                <span class=\"fakeBtn\">En savoir plus <i class=\"fas fa-arrow-right\"><\/i><\/span>\n            <\/div>\n            \n            \n           \n            \n                         <div class=\"pageThumbnailWrapper\">\n                                <img loading=\"lazy\" decoding=\"async\" src=\"https:\/\/serres-lab.com\/wp-content\/uploads\/2022\/10\/ruches-detourees.png\" width=\"800\" height=\"656\" alt=\"\" class=\"lazyload\" \/>\n            <\/div>\n                        \n        <\/a>\n\n<\/div><!-- pageInList -->\n<\/div>\n","protected":false},"excerpt":{"rendered":"<p>Nos plateformes de recherche et ateliers L&rsquo;\u00e9quipe a acc\u00e8s aux \u00e9quipements de l&rsquo;Institut des Sciences du Mouvement &#8211; \u00c9tienne-Jules Marey [&hellip;]<\/p>\n","protected":false},"author":1,"featured_media":765,"parent":0,"menu_order":4,"comment_status":"closed","ping_status":"closed","template":"","meta":{"footnotes":""},"class_list":["post-31","page","type-page","status-publish","has-post-thumbnail","hentry","entry"],"_links":{"self":[{"href":"https:\/\/serres-lab.com\/fr\/wp-json\/wp\/v2\/pages\/31","targetHints":{"allow":["GET"]}}],"collection":[{"href":"https:\/\/serres-lab.com\/fr\/wp-json\/wp\/v2\/pages"}],"about":[{"href":"https:\/\/serres-lab.com\/fr\/wp-json\/wp\/v2\/types\/page"}],"author":[{"embeddable":true,"href":"https:\/\/serres-lab.com\/fr\/wp-json\/wp\/v2\/users\/1"}],"replies":[{"embeddable":true,"href":"https:\/\/serres-lab.com\/fr\/wp-json\/wp\/v2\/comments?post=31"}],"version-history":[{"count":15,"href":"https:\/\/serres-lab.com\/fr\/wp-json\/wp\/v2\/pages\/31\/revisions"}],"predecessor-version":[{"id":1402,"href":"https:\/\/serres-lab.com\/fr\/wp-json\/wp\/v2\/pages\/31\/revisions\/1402"}],"wp:featuredmedia":[{"embeddable":true,"href":"https:\/\/serres-lab.com\/fr\/wp-json\/wp\/v2\/media\/765"}],"wp:attachment":[{"href":"https:\/\/serres-lab.com\/fr\/wp-json\/wp\/v2\/media?parent=31"}],"curies":[{"name":"wp","href":"https:\/\/api.w.org\/{rel}","templated":true}]}}