{"id":325,"date":"2022-04-16T20:08:51","date_gmt":"2022-04-16T18:08:51","guid":{"rendered":"https:\/\/serres-lab.com\/?page_id=325"},"modified":"2025-11-28T12:06:49","modified_gmt":"2025-11-28T11:06:49","slug":"national-conferences","status":"publish","type":"page","link":"https:\/\/serres-lab.com\/fr\/publications\/national-conferences\/","title":{"rendered":"Conf\u00e9rences nationales"},"content":{"rendered":"\n<h2 class=\"wp-block-heading\"><strong>Conf\u00e9rences nationales<\/strong><\/h2>\n\n\n\n<h3 class=\"wp-block-heading\">Conf\u00e9rences nationales avec actes<\/h3>\n\n\n\n<ul class=\"wp-block-list publicationsList\">\n<li>Mansar, Y., Bernier, F., Blayac, S., Dieuzayde, L., &amp;&nbsp;<strong>Serres, J. R<\/strong>. (2025).&nbsp;<a href=\"https:\/\/hal.science\/hal-05191700\/\">The NOVABOT play: a mini airship dedicated to capturing video of an actor on stage<\/a>.&nbsp;<em>50\u1d49 Congr\u00e8s de la Soci\u00e9t\u00e9 de Biom\u00e9canique<\/em>.<br>27-29 October 2025, Marseille, France<br>HAL :&nbsp;<a href=\"https:\/\/hal.science\/hal-05191700\/\">hal-05191700<\/a><br>YT : <a href=\"https:\/\/www.youtube.com\/watch?v=yC0_G8SIvyE\">https:\/\/www.youtube.com\/watch?v=yC0_G8SIvyE<\/a><br><\/li>\n\n\n\n<li>Salvage, N., Morice, A. H., &amp; <strong>Serres, J. R.<\/strong> (2025). <a href=\"https:\/\/hal.science\/hal-05191694\/\" data-type=\"link\" data-id=\"https:\/\/hal.science\/hal-05191694\/\">Studying honeybees&rsquo; landing on flower: an experimental setup<\/a>. <em>50\u1d49 Congr\u00e8s de la Soci\u00e9t\u00e9 de Biom\u00e9canique<\/em>.<br>27-29 October 2025, Marseille, France<br>HAL :  <a href=\"https:\/\/hal.science\/hal-05191694\/\">hal-05191694<\/a><br><\/li>\n\n\n\n<li><strong>Serres, J. R.<\/strong>, Brodoline, I., &amp; Viollet, S. (2025). <a href=\"https:\/\/hal.science\/hal-05191695\/\" data-type=\"link\" data-id=\"https:\/\/hal.science\/hal-05191695\/\">The bionic Pohod15Leg leg: an exoskeletal ant-inspired leg for load transportation<\/a>. <em>50\u1d49 Congr\u00e8s de la Soci\u00e9t\u00e9 de Biom\u00e9canique<\/em>.<br>27-29 October 2025, Marseille, France<br>HAL : <a href=\"https:\/\/hal.science\/hal-05191695\/\">hal-05191695<\/a><br>YT : <a href=\"https:\/\/youtu.be\/dOet9Ah-644\">https:\/\/youtu.be\/dOet9Ah-644<\/a><br><\/li>\n\n\n\n<li>Gattaux, G. G., Wystrach, A., <strong>Serres, J.R.<\/strong>, &amp; Ruffier, F. (2023). <a href=\"https:\/\/hal.science\/hal-05354130\" data-type=\"link\" data-id=\"https:\/\/hal.science\/hal-05354130\">Ant-inspired bilateral visual memories to guide a car-like robot<\/a>. <em>Journ\u00e9e des Jeunes Chercheurs en Robotique (JJCR 2023)<\/em>.<br>16 October 2023, Moliets et Ma\u00e2, France.<br>HAL : <a href=\"https:\/\/hal.science\/hal-05354130\">hal-05354130<\/a><br><\/li>\n\n\n\n<li>Moutenet, A., <strong>Serres, J.R.<\/strong>, &amp; Viollet, S. (2023). <a href=\"https:\/\/hal.science\/hal-04519955\/\" data-type=\"link\" data-id=\"https:\/\/hal.science\/hal-04519955\/\">Comparison between skylight polarization in visible and ultraviolet spectra for heading measurements<\/a>. <em>Journ\u00e9e des Jeunes Chercheurs en Robotique (JJCR 2023)<\/em>.<br>16 October 2023, Moliets et Ma\u00e2, France.<br>HAL : <a href=\"https:\/\/hal.science\/hal-04519955\/\">hal-04519955<\/a><br><\/li>\n\n\n\n<li>Kronland-Martinet, T., Poughon, L., Pasquinelli, M., Duch\u00e9, D., <strong>Serres, J.R.<\/strong>, &amp; Viollet, S. (2023). <a href=\"https:\/\/hal.science\/hal-04496952v1\/\" data-type=\"link\" data-id=\"https:\/\/hal.science\/hal-04496952v1\/\">SkyPole-A bio-inspired polarimetric compass for GPS-denied navigation<\/a>. <em>Journ\u00e9e des Jeunes Chercheurs en Robotique (JJCR 2023)<\/em>.<br>16 October 2023, Moliets et Ma\u00e2, France.<br>HAL : <a href=\"https:\/\/hal.science\/hal-04496952v1\/\">hal-04496952v1<\/a><br><\/li>\n\n\n\n<li>Poughon, L., Aubry, V., Monnoyer, J., Viollet, S., &amp; <strong>Serres, J.R.<\/strong> (2023). <a href=\"https:\/\/hal.science\/hal-04521170\/\" data-type=\"link\" data-id=\"https:\/\/hal.science\/hal-04521170\/\">Skylight polarization heading sensor using waveplate retardance shift with incidence<\/a>. <em>Journ\u00e9e des Jeunes Chercheurs en Robotique (JJCR 2023)<\/em>.<br>16 October 2023, Moliets et Ma\u00e2, France.<br>HAL : <a href=\"https:\/\/hal.science\/hal-04521170\/\">hal-04521170<\/a><br><\/li>\n\n\n\n<li>Camman, C., Khader, S. A., Livolsi, L., Duch\u00e9, D., Kronland-Martinet, T., <strong>Serres, J.R.<\/strong>, &amp; Viollet, S. (2023). <a href=\"https:\/\/hal.science\/hal-04122653\/\" data-type=\"URL\" data-id=\"https:\/\/hal.science\/hal-04122653\/\">Proposition d&rsquo;un agenda de recherche interdisciplinaire sur les innovations dans les v\u00e9hicules autonomes en logistique<\/a>. <em>Congr\u00e8s National de la Recherche des IUT<\/em>.<br>7-9 June 2023, Saint-Gilles, La R\u00e9union<br>HAL : <a href=\"https:\/\/hal.science\/hal-04122653\/\">hal-04122653<\/a><br><\/li>\n\n\n\n<li>Mansar, Y., Bernier, F., Blayac, S., <strong>Serres, J.R.<\/strong>, &amp; Dieuzayde, L. (2023). <a href=\"https:\/\/hal.science\/hal-04101507\/\" data-type=\"URL\" data-id=\"https:\/\/hal.science\/hal-04101507\/\">NOVABOT: Acteur et drone. Dialectique du corps en sc\u00e8ne et de son image fragment\u00e9e<\/a>. <em>Dr\u00f4les d&rsquo;objets-Un nouvel art de faire<\/em>.<br>15-17 May 2023, Nancy, France<br>HAL: <a href=\"https:\/\/hal.science\/hal-04101507\/\">hal-04101507<\/a><br><\/li>\n\n\n\n<li>Thomas, M., Figueira, J. P., <strong>Serres, J. R.<\/strong>, Rakotomamonjy, T., Ruffier, F., &amp; Morice, A. H. (2019). <a href=\"https:\/\/hal.archives-ouvertes.fr\/hal-03039183\/\" data-type=\"URL\" data-id=\"https:\/\/hal.archives-ouvertes.fr\/hal-03039183\/\">On the functional nature of perceptual-motor coupling during ship deck landing maneuvers<\/a>. <em>Journ\u00e9es Fran\u00e7aises d&rsquo;Informatique Graphique et de R\u00e9alit\u00e9 Virtuelle<\/em>.<br>12-15 November 2019, Marseille, France<br>HAL: <a href=\"https:\/\/hal.archives-ouvertes.fr\/hal-03039183\/\">hal-03039183<\/a><br><\/li>\n\n\n\n<li>Ruffier, F., <strong>Serres, J. R.<\/strong>, Portelli, G., &amp; Franceschini, N. (2009). <a href=\"http:\/\/jnrr09.lms.sp2mi.univ-poitiers.fr\/IMG\/pdf\/JNRR_RuffierEtAl.pdf\" data-type=\"URL\" data-id=\"http:\/\/jnrr09.lms.sp2mi.univ-poitiers.fr\/IMG\/pdf\/JNRR_RuffierEtAl.pdf\">Boucles visuo-motrices biomim\u00e9tiques pour le pilotage automatique de micro-a\u00e9ronefs<\/a>.&nbsp;<em>7\u00e8me Journ\u00e9es Nationales de la Recherche en Robotique (JNRR 2009)<\/em>, pp. 55-67.<br>4-6 November 2009, Neuvy sur Barangeon, France<br><br><\/li>\n\n\n\n<li>Portelli, G., <strong>Serres, J. R.<\/strong>, Ruffier, F., &amp; Franceschini, N. (2008). <a href=\"https:\/\/hal.archives-ouvertes.fr\/hal-02298370\/\" data-type=\"URL\" data-id=\"https:\/\/hal.archives-ouvertes.fr\/hal-02298370\/\">Un pilote automatique inspir\u00e9 des insectes pour la navigation 3D dans un tunnel<\/a>. <em>4\u00e8me Journ\u00e9e de l&rsquo;\u00c9cole Doctorale Sciences du Mouvement Humain &#8211; ED463 (JEDSMH 2008)<\/em>.<br>23 May 2008, Avignon, France<br>HAL: <a href=\"https:\/\/hal.archives-ouvertes.fr\/hal-02298370\/\">hal-02298370<\/a><br><\/li>\n\n\n\n<li>Portelli, G., <strong>Serres, J. R.<\/strong>, Ruffier, F., &amp; Franceschini, N. (2008). <a href=\"https:\/\/hal.archives-ouvertes.fr\/hal-00331566\/\" data-type=\"URL\" data-id=\"https:\/\/hal.archives-ouvertes.fr\/hal-00331566\/\">3D Navigation With An Insect-Inspired Autopilot<\/a>. 2\u00e8me<em> Conf\u00e9rence fran\u00e7aise de Neurosciences Computationnelles (Neurocomp 2008<\/em>).<br>8-11 October 2008, Marseille, France<br>HAL: <a href=\"https:\/\/hal.archives-ouvertes.fr\/hal-00331566\/\">hal-00331566<\/a><br><\/li>\n\n\n\n<li><strong>Serres, J. R.<\/strong>, Dray, D., Ruffier, F., &amp; Franceschini, N. (2008). <a href=\"https:\/\/hal.archives-ouvertes.fr\/hal-02298360\/\" data-type=\"URL\" data-id=\"https:\/\/hal.archives-ouvertes.fr\/hal-02298360\/\">Pilote automatique bio-inspir\u00e9 bas\u00e9 sur la vision du mouvement<\/a>. <em>6\u00e8me Manifestation des Jeunes Chercheurs en STIC<\/em>.<br>29-30 October 2008, Marseille, France<br>HAL: <a href=\"https:\/\/hal.archives-ouvertes.fr\/hal-02298360\/\">hal-02298360<\/a><br><\/li>\n\n\n\n<li><strong>Serres, J. R.<\/strong>, Ruffier, F., &amp; Franceschini, N. (2007). <a href=\"https:\/\/hal.archives-ouvertes.fr\/hal-02298992\/\" data-type=\"URL\" data-id=\"https:\/\/hal.archives-ouvertes.fr\/hal-02298992\/\">Guidage visuel d&rsquo;un a\u00e9roglisseur miniature dans un corridor<\/a>. <em>6\u00e8me Journ\u00e9es Nationales de la Recherche en Robotique (JNRR)<\/em>.<br>9-12 October 2007, Obernai, France<br>HAL: <a href=\"https:\/\/hal.archives-ouvertes.fr\/hal-02298992\/\">hal-02298992<\/a><br><\/li>\n\n\n\n<li><strong>Serres, J. R.<\/strong>, Ruffier, F., &amp; Franceschini, N. (2005). <a href=\"https:\/\/hal.archives-ouvertes.fr\/hal-02298941\/\" data-type=\"URL\" data-id=\"https:\/\/hal.archives-ouvertes.fr\/hal-02298941\/\">R\u00e9guler le flux optique lat\u00e9ral pour naviguer dans un corridor<\/a>. <em>5\u00e8me Journ\u00e9es Nationales de Recherche en Robotique (JNRR)<\/em>&nbsp;(pp. 289-290).<br>5-7 October 2007, Guidel, France<br>HAL: <a href=\"https:\/\/hal.archives-ouvertes.fr\/hal-02298941\/\">hal-02298941<\/a><\/li>\n<\/ul>\n\n\n\n<h3 class=\"wp-block-heading\">Ateliers nationaux<\/h3>\n\n\n\n<ul class=\"wp-block-list publicationsList\">\n<li><strong>Serres, J. R.<\/strong> (2024). La biorobotique : de l&rsquo;animal au robot. In&nbsp;<em><a href=\"https:\/\/biomimove2024.sciencesconf.org\/\" data-type=\"link\" data-id=\"https:\/\/biomimove2024.sciencesconf.org\/\">Workshop BIOMIMOVE 2024: action, perception et traitement<\/a><\/em>.<br>18 November, Marseille, France<br>HAL: <a href=\"https:\/\/hal.science\/hal-04794347\/\" data-type=\"link\" data-id=\"https:\/\/hal.science\/hal-04794347\/\">hal-04794347<\/a><br><\/li>\n\n\n\n<li><strong>Serres, J. R.<\/strong>, Brodoline, I., &amp; Viollet, S. (2023). <a href=\"https:\/\/hal.science\/hal-04350996\/\" data-type=\"link\" data-id=\"https:\/\/hal.science\/hal-04350996\/\">Optimiser la consommation \u00e9nerg\u00e9tique d\u2019un robot hexapode motoris\u00e9 par des servomoteurs<\/a>. In <em><a href=\"https:\/\/biomimove.sciencesconf.org\/\" data-type=\"link\" data-id=\"https:\/\/biomimove.sciencesconf.org\/\">Workshop Mouvement Humain et Animal, Biom\u00e9canique, Biorobotique<\/a><\/em>.<br>23-24 November, Toulouse, France.<br>HAL: <a href=\"https:\/\/hal.science\/hal-04350996\/\">hal-04350996<\/a><br><\/li>\n\n\n\n<li><strong>Serres, J.R.<\/strong>, Moutenet, A., Poughon, L., Kronland-Martinet, T., &amp; Viollet, S. (2023). <a href=\"https:\/\/hal.science\/hal-04109732\/\" data-type=\"URL\" data-id=\"https:\/\/hal.science\/hal-04109732\/\">Tour d&rsquo;horizon des capteurs polarim\u00e9triques d\u00e9di\u00e9s \u00e0 la robotique mobile<\/a>. <em>18\u00e8mes journ\u00e9es Imagerie Optique Non-Conventionnelle (JIONC 2023)<\/em>.<br>30-31 March 2023, Paris, France<br>HAL: <a href=\"https:\/\/hal.science\/hal-04109732\/\">hal-04109732<\/a><br><br><\/li>\n\n\n\n<li>Brodoline, I., Viollet, S., &amp; <strong>Serres, J. R.<\/strong> (2020). <a href=\"https:\/\/hal.archives-ouvertes.fr\/hal-03319436\/\" data-type=\"URL\" data-id=\"https:\/\/hal.archives-ouvertes.fr\/hal-03319436\/\">Des robots hexapodes enti\u00e8rement imprim\u00e9s en 3D avec des articulations \u00e9conomes en \u00e9nergie<\/a>. <em>Journ\u00e9e des Jeunes Chercheurs en Robotique 2020 (JJCR 2020)<\/em>.<br>6 November 2020, videoconference, France<br>HAL: <a href=\"https:\/\/hal.archives-ouvertes.fr\/hal-03319436\/\">hal-03319436<\/a><br><\/li>\n\n\n\n<li><strong>Serres, J. R.<\/strong>, Dupeyroux, J., &amp; Viollet, S. (2020). <a href=\"https:\/\/hal.archives-ouvertes.fr\/hal-03042189\/\" data-type=\"URL\" data-id=\"https:\/\/hal.archives-ouvertes.fr\/hal-03042189\/\">Peut-on naviguer sans GPS ni r\u00e9seau 5G ? Oui, je suis un robot fourmi<\/a>. <em>Journ\u00e9e Bioinspiration &amp; Services Fond\u00e9s sur la Nature<\/em>.<br>5 November 2020, Montpellier, France<br>HAL: <a href=\"https:\/\/hal.archives-ouvertes.fr\/hal-03042189\/\">hal-03042189<\/a><\/li>\n<\/ul>\n\n\n\n<div class=\"wp-block-columns is-layout-flex wp-container-core-columns-is-layout-28f84493 wp-block-columns-is-layout-flex\">\n<div class=\"wp-block-column is-layout-flow wp-block-column-is-layout-flow\" style=\"flex-basis:15%\"><\/div>\n\n\n\n<div class=\"wp-block-column is-layout-flow wp-block-column-is-layout-flow\" style=\"flex-basis:70%\">\n<div style=\"height:50px\" aria-hidden=\"true\" class=\"wp-block-spacer\"><\/div>\n\n\n\n<figure class=\"wp-block-embed is-type-video is-provider-youtube wp-block-embed-youtube wp-embed-aspect-16-9 wp-has-aspect-ratio\"><div class=\"wp-block-embed__wrapper\">\n<iframe loading=\"lazy\" title=\"Peut-on naviguer sans GPS ni r\u00e9seau 5G ? Oui, je suis un robot fourmi\" width=\"640\" height=\"360\" src=\"https:\/\/www.youtube.com\/embed\/6dv7RRqUC9U?feature=oembed\" frameborder=\"0\" allow=\"accelerometer; autoplay; clipboard-write; encrypted-media; gyroscope; picture-in-picture; web-share\" referrerpolicy=\"strict-origin-when-cross-origin\" allowfullscreen><\/iframe>\n<\/div><\/figure>\n\n\n\n<div style=\"height:50px\" aria-hidden=\"true\" class=\"wp-block-spacer\"><\/div>\n<\/div>\n\n\n\n<div class=\"wp-block-column is-layout-flow wp-block-column-is-layout-flow\" style=\"flex-basis:15%\"><\/div>\n<\/div>\n\n\n\n<ul class=\"wp-block-list publicationsList\">\n<li>Ruffier, F., <strong>Serres, J. R.<\/strong>, &amp; Franceschini, N. (2009). <a href=\"https:\/\/gt-uav.hds.utc.fr\/dokuwiki\/lib\/exe\/fetch.php?media=fr:reunion26mars2009:gtuav_ruffier2.pdf\">Pilotes automatiques biomim\u00e9tiques: boucles de r\u00e9troaction directes sur le flux optique<\/a>. In&nbsp;<em>Workshop Drone LSIS\/ISM, avec le concours du P\u00f4le de comp\u00e9titivit\u00e9 PEGASE, de l\u2019ONERA et de l\u2019\u00c9cole des Officiers de l\u2019Arm\u00e9e de l\u2019Air<\/em> (p. 43).<br>25 May 2009, Salon-de-Provence, France<br><\/li>\n\n\n\n<li>Ruffier, F., <strong>Serres, J. R.<\/strong>, &amp; Franceschini, N. (2009). <a href=\"https:\/\/gt-uav.hds.utc.fr\/dokuwiki\/lib\/exe\/fetch.php?media=fr:reunion26mars2009:gtuav_ruffier2.pdf\" data-type=\"URL\" data-id=\"https:\/\/gt-uav.hds.utc.fr\/dokuwiki\/lib\/exe\/fetch.php?media=fr:reunion26mars2009:gtuav_ruffier2.pdf\">Pilotes automatiques biomim\u00e9tiques: boucles de r\u00e9troaction directes sur le flux optique<\/a>. In <em>Workshop inter GdR MACS et Robotique du GT UAV, ENSAM<\/em>.<br>26 March 2009, Paris, France<br><\/li>\n\n\n\n<li>Ruffier, F., <strong>Serres, J. R.<\/strong>, &amp; Franceschini, N. (2009). <a href=\"https:\/\/gt-uav.hds.utc.fr\/dokuwiki\/lib\/exe\/fetch.php?media=fr:reunion26mars2009:gtuav_ruffier2.pdf\" data-type=\"URL\" data-id=\"https:\/\/gt-uav.hds.utc.fr\/dokuwiki\/lib\/exe\/fetch.php?media=fr:reunion26mars2009:gtuav_ruffier2.pdf\">Pilotes automatiques biomim\u00e9tiques: boucles de r\u00e9troaction directes sur le flux optique<\/a>. <em>Journ\u00e9es ONERA\/DGA MSI \u00ab\u00a0Mat\u00e9riaux et Structures Intelligents\u00a0\u00bb<\/em>.<br>25 March 2009, Ch\u00e2tillon, France<br><\/li>\n\n\n\n<li>Portelli, G., <strong>Serres, J. R.<\/strong>, Ruffier, F., &amp; Franceschini, N. (2009). <a href=\"https:\/\/hal.archives-ouvertes.fr\/hal-02298966\/\" data-type=\"URL\" data-id=\"https:\/\/hal.archives-ouvertes.fr\/hal-02298966\/\">Pilote automatique bio-inspir\u00e9 pour la navigation en 3D<\/a>. <em>7\u00e8me Journ\u00e9es des Jeunes Chercheurs en Robotique (JJCR 2009)<\/em>.<br>3 November 2009, Neuvy-sur-Barangeon, France<br>HAL: <a href=\"https:\/\/hal.archives-ouvertes.fr\/hal-02298966\/\">hal-02298966<\/a><\/li>\n<\/ul>\n\n\n\n<h3 class=\"wp-block-heading\">Conf\u00e9rences nationales sur affiche<\/h3>\n\n\n\n<ul class=\"wp-block-list publicationsList\">\n<li>Gattaux, G. G., Wystrach, A., <strong>Serres, J.R.<\/strong>, &amp; Ruffier, F. (2024). <a href=\"https:\/\/hal.science\/hal-05357376\" data-type=\"link\" data-id=\"https:\/\/hal.science\/hal-05357376\">AntCar, Parsimonious Navigation: Ants-Inspired Visual Learning in a Car-like Robot<\/a>. <em>19\u00e8me Journ\u00e9e de l&rsquo;\u00c9cole Doctorale Sciences du Mouvement Humain &#8211; ED463 (JEDSMH 2024)<\/em>.<br>31 May 2024, Marseille, France<br>HAL : <a href=\"https:\/\/hal.science\/hal-05357376\">hal-05357376<\/a><br><\/li>\n\n\n\n<li>Moutenet, A., <strong>Serres, J.R.<\/strong>, &amp; Viollet, S. (2024). <a href=\"https:\/\/hal.science\/hal-05357435\/\" data-type=\"link\" data-id=\"https:\/\/hal.science\/hal-05357435\/\">UV paradox in animal vision for heading detection<\/a>. <em>19\u00e8me Journ\u00e9e de l&rsquo;\u00c9cole Doctorale Sciences du Mouvement Humain ED463 (JEDSMH 2024)<\/em>.<br>31 May 2024, Marseille, France<br>HAL : <a href=\"https:\/\/hal.science\/hal-05357435\/\">hal-05357435<\/a><br><\/li>\n\n\n\n<li><strong>Serres, J.R.<\/strong>, Brodoline, I., &amp; Viollet, S. (2024). <a href=\"https:\/\/hal.science\/hal-04598667\/\" data-type=\"link\" data-id=\"https:\/\/hal.science\/hal-04598667\/\">Optimizing the locomotion of hexapod robots by taking inspiration from the ants<\/a>. <em>53\u00e8me Colloque de la Soci\u00e9t\u00e9 Fran\u00e7aise pour l&rsquo;\u00c9tude du Comportement Animal (SFECA)<\/em>.<br>22 May 2024, Albi, France<br>HAL : <a href=\"https:\/\/hal.science\/hal-04598667\/\">hal-04598667<\/a><br><\/li>\n\n\n\n<li><strong>Serres, J.R.<\/strong>, Daux\u00e8re, A. B., &amp; Montagne, G. (2024). <a href=\"https:\/\/hal.science\/hal-04585486\/\" data-type=\"link\" data-id=\"https:\/\/hal.science\/hal-04585486\/\">Honeybees&rsquo; altitude control relies on same optical invariants as pilots<\/a>. <em>53\u00e8me Colloque de la Soci\u00e9t\u00e9 Fran\u00e7aise pour l&rsquo;\u00c9tude du Comportement Animal (SFECA)<\/em>.<br>22 May 2024, Albi, France<br>HAL : <a href=\"https:\/\/hal.science\/hal-04585486\/\">hal-04585486<\/a><br><\/li>\n\n\n\n<li>Poughon, L., Monnoyer, J., Viollet, S., Aubry, V., &amp; <strong>Serres, J.R. <\/strong>(2023). <a href=\"https:\/\/hal.science\/hal-05357554\" data-type=\"link\" data-id=\"https:\/\/hal.science\/hal-05357554\">Capteur de cap bas\u00e9 sur les variations de propri\u00e9t\u00e9 d&rsquo;une lame d&rsquo;onde avec l&rsquo;incidence<\/a>. <em>19\u00e8me Journ\u00e9e de l&rsquo;\u00c9cole Doctorale Sciences du Mouvement Humain ED463 (JEDSMH 2023)<\/em>.<br>26 May 2023, Montpellier, France<br>HAL : <a href=\"https:\/\/hal.science\/hal-05357554\">hal-05357554<\/a><br><\/li>\n\n\n\n<li>Berger Daux\u00e8re A., Montagne, G., &amp; <strong>Serres, J. R.<\/strong> (2022). <a href=\"https:\/\/hal.archives-ouvertes.fr\/hal-03793157\" data-type=\"URL\" data-id=\"https:\/\/hal.archives-ouvertes.fr\/hal-03793157\">Un dispositif exp\u00e9rimental pour d\u00e9coupler des invariants optiques dans le contr\u00f4le de l&rsquo;altitude des abeilles<\/a>. <em>16\u00e8me Journ\u00e9e de l&rsquo;\u00c9cole Doctorale Sciences du Mouvement Humain &#8211; ED463 (JEDSMH 2022)<\/em>.<br>3 June 2022, Nice, France<br>HAL : <a href=\"https:\/\/hal.archives-ouvertes.fr\/hal-03793157\">hal-03793157<\/a><br><\/li>\n\n\n\n<li>Berger Daux\u00e8re A., Montagne, G., &amp; <strong>Serres, J. R.<\/strong> (2019). <a href=\"https:\/\/hal.archives-ouvertes.fr\/hal-03793033\" data-type=\"URL\" data-id=\"https:\/\/hal.archives-ouvertes.fr\/hal-03793033\">A new experimental design to uncorrelate visual cues in honeybees\u2019 altitude control<\/a>. <em>19\u00e8me Colloque de Biologie de l\u2019Insecte (CBI 2019)<\/em>.<br> 26-28 June 2019, Albi, France<br>HAL : <a href=\"https:\/\/hal.archives-ouvertes.fr\/hal-03793033\">hal-03793033<\/a><br><\/li>\n\n\n\n<li>Berger Daux\u00e8re A., Montagne, G., &amp; <strong>Serres, J. R.<\/strong> (2019). <a href=\"https:\/\/hal.archives-ouvertes.fr\/hal-03793125\" data-type=\"URL\" data-id=\"https:\/\/hal.archives-ouvertes.fr\/hal-03793125\">Uncorrelated optic flow\u2019s invariants controlling altitude in honeybees: a new experimental setup<\/a>. <em>Insectes Sociaux &#8211; 30\u00e8me congr\u00e8s de l\u2019Union Internationale pour l\u2019\u00c9tude des Insectes Sociaux (UIEIS-SF).<\/em><br>26-28 August 2019, Avignon, France<br>HAL : <a href=\"https:\/\/hal.archives-ouvertes.fr\/hal-03793125\">hal-03793125<\/a><br><\/li>\n\n\n\n<li>Brodoline, I., Viollet, S., &amp; <strong>Serres, J. R.<\/strong> (2019). <a href=\"https:\/\/hal.archives-ouvertes.fr\/hal-03326480\/\" data-type=\"URL\" data-id=\"https:\/\/hal.archives-ouvertes.fr\/hal-03326480\/\">An energy efficient 3D printed leg for bio-inspired hexapod robots<\/a>. <em>Journ\u00e9e des Jeunes Chercheurs en Robotique 2019 (JJCR 2019)<\/em>. <br>14 October 2019, Vittel, France<br>HAL : <a href=\"https:\/\/hal.archives-ouvertes.fr\/hal-03326480\/\">hal-03326480<\/a><br><\/li>\n\n\n\n<li>Dupeyroux, J., Diperi, J., Boyron, M., Viollet, S., &amp; <strong>Serres, J. R. <\/strong>(2017). <a href=\"https:\/\/hal.archives-ouvertes.fr\/hal-01643182\/\" data-type=\"URL\" data-id=\"https:\/\/hal.archives-ouvertes.fr\/hal-01643182\/\">A bio-inspired celestial compass for a hexapod walking robot in outdoor environment<\/a>. <em>13\u00e8me Journ\u00e9e de l&rsquo;<em>\u00c9<\/em>cole Doctorale Sciences du Mouvement Humain &#8211; ED463 (JEDSMH 2017)<\/em>.<br>2 June 2017, Montpellier, France<br>HAL: <a href=\"https:\/\/hal.archives-ouvertes.fr\/hal-01643182\/\">hal-01643182<\/a><\/li>\n<\/ul>\n","protected":false},"excerpt":{"rendered":"<p>Conf\u00e9rences nationales Conf\u00e9rences nationales avec actes Ateliers nationaux Conf\u00e9rences nationales sur affiche<\/p>\n","protected":false},"author":1,"featured_media":0,"parent":37,"menu_order":3,"comment_status":"closed","ping_status":"closed","template":"","meta":{"footnotes":""},"class_list":["post-325","page","type-page","status-publish","hentry","entry"],"_links":{"self":[{"href":"https:\/\/serres-lab.com\/fr\/wp-json\/wp\/v2\/pages\/325","targetHints":{"allow":["GET"]}}],"collection":[{"href":"https:\/\/serres-lab.com\/fr\/wp-json\/wp\/v2\/pages"}],"about":[{"href":"https:\/\/serres-lab.com\/fr\/wp-json\/wp\/v2\/types\/page"}],"author":[{"embeddable":true,"href":"https:\/\/serres-lab.com\/fr\/wp-json\/wp\/v2\/users\/1"}],"replies":[{"embeddable":true,"href":"https:\/\/serres-lab.com\/fr\/wp-json\/wp\/v2\/comments?post=325"}],"version-history":[{"count":40,"href":"https:\/\/serres-lab.com\/fr\/wp-json\/wp\/v2\/pages\/325\/revisions"}],"predecessor-version":[{"id":3275,"href":"https:\/\/serres-lab.com\/fr\/wp-json\/wp\/v2\/pages\/325\/revisions\/3275"}],"up":[{"embeddable":true,"href":"https:\/\/serres-lab.com\/fr\/wp-json\/wp\/v2\/pages\/37"}],"wp:attachment":[{"href":"https:\/\/serres-lab.com\/fr\/wp-json\/wp\/v2\/media?parent=325"}],"curies":[{"name":"wp","href":"https:\/\/api.w.org\/{rel}","templated":true}]}}