{"id":327,"date":"2022-04-16T20:09:20","date_gmt":"2022-04-16T18:09:20","guid":{"rendered":"https:\/\/serres-lab.com\/?page_id=327"},"modified":"2025-07-17T10:35:56","modified_gmt":"2025-07-17T08:35:56","slug":"autres-publications","status":"publish","type":"page","link":"https:\/\/serres-lab.com\/fr\/publications\/autres-publications\/","title":{"rendered":"Autres publications"},"content":{"rendered":"\n<h2 class=\"wp-block-heading\"><strong>Autres publications<\/strong><\/h2>\n\n\n\n<h3 class=\"wp-block-heading\">Chapitres de livres :<\/h3>\n\n\n\n<ul class=\"wp-block-list\">\n<li>Dupeyroux, J., Viollet, S., &amp; <strong>Serres, J. R.<\/strong> (2020). <a href=\"https:\/\/hal-amu.archives-ouvertes.fr\/hal-02500157v1\" data-type=\"URL\" data-id=\"https:\/\/hal-amu.archives-ouvertes.fr\/hal-02500157v1\">AntBot: un robot qui s\u2019oriente comme une fourmi-Applications \u00e0 la navigation \u00e0 vue sans GPS ni magn\u00e9tom\u00e8tre<\/a>. <em>Techniques de l\u2019Ing\u00e9nieur<\/em>, Editions TI, Ref. IN236.<br>DOI: <a class=\"\" href=\"https:\/\/doi.org\/10.51257\/a-v1-in236\">10.51257\/a-v1-in236<\/a><br><\/li>\n\n\n\n<li><strong>Serres, J. R. <\/strong>(2018). <a href=\"https:\/\/hal.archives-ouvertes.fr\/hal-01758731\/\" data-type=\"URL\" data-id=\"https:\/\/hal.archives-ouvertes.fr\/hal-01758731\/\">Taking Inspiration from Flying Insects to Navigate inside Buildings<\/a>. In&nbsp;<em>Interdisciplinary Expansions in Engineering and Design With the Power of Biomimicry<\/em>. Gulden KOKTURK &amp; Tutku Didem Akyol ALTUN (Eds.), InTechOpen, Vienna, 3, 31\u201355.<br>DOI: <a href=\"https:\/\/doi.org\/10.5772\/intechopen.72918\" data-type=\"URL\" data-id=\"https:\/\/doi.org\/10.5772\/intechopen.72918\">10.5772\/intechopen.72918<\/a><br><\/li>\n\n\n\n<li><strong>Serres, J. R.<\/strong>, Viollet, S., &amp; Ruffier, F. (2017). <a href=\"https:\/\/hal-amu.archives-ouvertes.fr\/hal-01574508\" data-type=\"URL\" data-id=\"https:\/\/hal-amu.archives-ouvertes.fr\/hal-01574508\">Microdrones bio-inspir\u00e9s-Doter nos futurs robots a\u00e9riens de l\u2019agilit\u00e9 des insectes<\/a>. <em>Les Techniques de l&rsquo;Ing\u00e9nieur<\/em>, Editions TI, Ref. S7717 V1.<br>DOI: <a class=\"\" href=\"https:\/\/doi.org\/10.51257\/a-v1-s7717\">10.51257\/a-v1-s7717<\/a><br><\/li>\n\n\n\n<li>Raharijaona, T., Kerhuel, L., <strong>Serres, J. R.<\/strong>, Roubieu, F., Expert, F., Viollet, S., Ruffier, F., &amp; Franceschini, N. (2014). <a href=\"https:\/\/hal.archives-ouvertes.fr\/hal-02294399\/\" data-type=\"URL\" data-id=\"https:\/\/hal.archives-ouvertes.fr\/hal-02294399\/\">Insect inspired visual motion sensing and flying robots<\/a>. <em>Handbook of Biomimetics and Bioinspiration: 2 Electromechanical Systems<\/em>, 565-611.<br>DOI: <a href=\"https:\/\/doi.org\/10.1142\/9789814354936_0022\">10.1142\/9789814354936_0022<\/a><br><\/li>\n\n\n\n<li>Franceschini, N., Ruffier, F., &amp; <strong>Serres, J. R.<\/strong> (2010). <a href=\"https:\/\/hal.archives-ouvertes.fr\/hal-01985038\/\" data-type=\"URL\" data-id=\"https:\/\/hal.archives-ouvertes.fr\/hal-01985038\/\">Aerial Navigation and Optic Flow Sensing: A Biorobotic Approach<\/a>.  <em><em>Motor Control: Theories, Experiments, and Applications<\/em><\/em>, F. Danion &amp; M. L. Latash (Eds.), Oxford University Press, 19, 451\u2013447, ISBN: 978-019-539-5273.<br><\/li>\n\n\n\n<li>Franceschini, N., Ruffier, F., <strong>Serres, J. R.<\/strong>, &amp; Viollet, S. (2009). <a href=\"https:\/\/hal.archives-ouvertes.fr\/hal-03042183\/\" data-type=\"URL\" data-id=\"https:\/\/hal.archives-ouvertes.fr\/hal-03042183\/\">Optic Flow Based Visual Guidance: From Flying Insects to Miniature Aerial Vehicles<\/a>. <em>Aerial vehicles<\/em>, InTechOpen, Vienna, 35, 747\u2013770.<br>DOI: <a href=\"https:\/\/doi.org\/10.5772\/6491\" data-type=\"URL\" data-id=\"https:\/\/doi.org\/10.5772\/6491\">10.5772\/6491<\/a><br><\/li>\n\n\n\n<li>Aub\u00e9part, F., <strong>Serres, J. R.<\/strong>, Dilly, A., Ruffier, F., &amp; Franceschini, N. (2009). <a href=\"https:\/\/hal-amu.archives-ouvertes.fr\/hal-03042173\/\" data-type=\"URL\" data-id=\"https:\/\/hal-amu.archives-ouvertes.fr\/hal-03042173\/\">Field Programmable Gate Array (FPGA) for Bio-Inspired Visuo-Motor Control Systems Applied to Micro-Air Vehicles<\/a>. <em>Aerial vehicles<\/em>, InTechOpen, Vienna, 3, 29-54.<br>DOI: <a rel=\"noreferrer noopener\" href=\"https:\/\/dx.doi.org\/10.5772\/6466\" target=\"_blank\">10.5772\/6466<\/a><br><\/li>\n\n\n\n<li>Franceschini, N., Viollet, S., Ruffier, F., &amp; <strong>Serres, J. R.<\/strong> (2008) . The insect compound eye: from micro-optics and neuronics to biorobotics.&nbsp;<em>Nanomaterials and Insect Biomimetics<\/em>, Masatsugu Shimomura &amp; Tateo Shimozawa (Eds.), Tokyo: NTS, 1\u201318, ISBN: 978-486-043-1983.<\/li>\n<\/ul>\n\n\n\n<h3 class=\"wp-block-heading\">Chapitres de vulgarisation scientifique :<\/h3>\n\n\n\n<ul class=\"wp-block-list\">\n<li>Ouvrage collectif (18 juin 2025). Lorsque les insectes inspirent les robots du futur. <em><a href=\"https:\/\/www.clos-luce.com\/fr\/accueil\/491-581-catalogue-2025-le-biomimetisme.html#\/78-langue-francais\" data-type=\"link\" data-id=\"https:\/\/www.clos-luce.com\/fr\/accueil\/491-581-catalogue-2025-le-biomimetisme.html#\/78-langue-francais\">Le biomim\u00e9tisme S&rsquo;inspirer du vivant : de L\u00e9onard de Vinci \u00e0 nos jours<\/a><\/em>, Pascal Brioist et Andrea Bernardoni (Eds.), Skira, Paris, 121-125, ISBN: 978-2-37074-276-6.<br><\/li>\n\n\n\n<li>Jessus, C. (30 mars 2017) (Contributeur). <a href=\"https:\/\/www.cnrseditions.fr\/catalogue\/biologie-et-sante\/etonnant-vivant\/\" data-type=\"URL\" data-id=\"https:\/\/www.cnrseditions.fr\/catalogue\/biologie-et-sante\/etonnant-vivant\/\">\u00c9tonnant vivant. D\u00e9couvertes et promesses du XXI\u00e8me si\u00e8cle<\/a>. CNRS \u00c9ditions, ISBN: 978-227-109-4032.<br><\/li>\n\n\n\n<li>Franceschini, N., Ruffier, F., &amp; Serres, J. R. (5 d\u00e9cembre 2007). Y a-t-il un pilote dans l\u2019insecte ?&nbsp;<em><a href=\"http:\/\/www.omniscience.fr\/collections\/Hors-collection-4\/Voir-linvisible-9.html\" data-type=\"URL\" data-id=\"http:\/\/www.omniscience.fr\/collections\/Hors-collection-4\/Voir-linvisible-9.html\">Voir l\u2019invisible<\/a><\/em>, Jean-Pierre Gex (Ed.), Omniscience, collection Ecrin, Paris, 216-217, ISBN: 978-291-609-7138.<\/li>\n<\/ul>\n\n\n\n<h3 class=\"wp-block-heading\">Monographies :<\/h3>\n\n\n\n<ul class=\"wp-block-list\">\n<li><strong>Serres, J. R.<\/strong> (2020).&nbsp;<a href=\"https:\/\/tel.archives-ouvertes.fr\/tel-03085410\/\" data-type=\"URL\" data-id=\"https:\/\/tel.archives-ouvertes.fr\/tel-03085410\/\">Des Propri\u00e9t\u00e9s Physiques du Monde \u00e0 la Navigation Bioinspir\u00e9e<\/a>.&nbsp;Doctoral dissertation, Habilitation \u00e0 Diriger des Recherches (HDR), \u00c9cole doctorale Sciences du Mouvement Humain (SMH) &#8211; ED463, Aix Marseille Universit\u00e9.<br><\/li>\n\n\n\n<li><strong>Serres, J. R.<\/strong> (2010).&nbsp;<a href=\"https:\/\/tel.archives-ouvertes.fr\/tel-00645272\/\" data-type=\"URL\" data-id=\"https:\/\/tel.archives-ouvertes.fr\/tel-00645272\/\">De l&rsquo;abeille au robot : la r\u00e9gulation du flux optique. Contr\u00f4le conjoint de vitesse et d&rsquo;\u00e9vitements d&rsquo;obstacles lat\u00e9raux pour v\u00e9hicules totalement actionn\u00e9s<\/a>. \u00c9ditions Universitaires Europ\u00e9ennes EUE. ISBN: 978-613-1543-050.<br><\/li>\n\n\n\n<li><strong>Serres, J. R. <\/strong>(2008).&nbsp;<a href=\"https:\/\/tel.archives-ouvertes.fr\/tel-00645272\/\" data-type=\"URL\" data-id=\"https:\/\/tel.archives-ouvertes.fr\/tel-00645272\/\">De l&rsquo;abeille au robot : la r\u00e9gulation du flux optique. Contr\u00f4le conjoint de vitesse et d&rsquo;\u00e9vitements d&rsquo;obstacles lat\u00e9raux pour v\u00e9hicules totalement actionn\u00e9s<\/a>.&nbsp;Doctoral dissertation, \u00c9cole doctorale Information, Structures et Syst\u00e8mes (I2S -) ED166, Universit\u00e9 Montpellier II-Sciences et Techniques du Languedoc.<\/li>\n<\/ul>\n\n\n\n<h3 class=\"wp-block-heading\">Brevets :<\/h3>\n\n\n\n<ul class=\"wp-block-list\">\n<li><strong>Serres, J. R.<\/strong>, Gattaux, G., Ruffier, F, &amp; Wystrach, A. (2025).&nbsp;<a href=\"https:\/\/data.inpi.fr\/brevets\/FR3151085?q=2307407#FR3151085\">Proc\u00e9d\u00e9 de guidage vers une destination<\/a>. Patent FR3151085 \/ WO2025012244A1, January 17.<br><\/li>\n\n\n\n<li>Kronland-Martinet, T., Viollet, S., Pasquinelli, M., <strong>Serres, J. R.<\/strong>, Duch\u00e9, D. (2023). <a href=\"https:\/\/data.inpi.fr\/brevets\/WO2024235733\" data-type=\"link\" data-id=\"https:\/\/data.inpi.fr\/brevets\/WO2024235733\">Proc\u00e9d\u00e9 de d\u00e9termination des invariances temporelles du degr\u00e9 de polarisation lin\u00e9aire dans le ciel pour un syst\u00e8me de navigation<\/a>. Patent FR2304747 \/ WO2024235733, May 12.<br><\/li>\n\n\n\n<li>Poughon, L., Mafrica, S., Monnoyer, J., Pradere, L., <strong>Serres J. R.<\/strong>, Viollet S. (2022). <a href=\"https:\/\/patents.google.com\/patent\/FR3128528A1\/fr?oq=FR3128528A1\" data-type=\"link\" data-id=\"https:\/\/patents.google.com\/patent\/FR3128528A1\/fr?oq=FR3128528A1\">Proc\u00e9d\u00e9 et syst\u00e8me pour d\u00e9terminer des donn\u00e9es caract\u00e9risant un cap suivi par un v\u00e9hicule automobile \u00e0 un instant courant<\/a>. <em>Patent FR2111209 (FR)<\/em>, d\u00e9pos\u00e9 le 21\/10\/2021.<br><\/li>\n\n\n\n<li>Monnoyer, J., Dupeyroux, J., Viollet, S., &amp; <strong>Serres, J. R. <\/strong>(2020). <a href=\"https:\/\/hal.archives-ouvertes.fr\/hal-02529413\/\" data-type=\"URL\" data-id=\"https:\/\/hal.archives-ouvertes.fr\/hal-02529413\/\">Dispositif de d\u00e9tection d\u2019un cap d\u2019un v\u00e9hicule par d\u00e9tection de photons polaris\u00e9s lin\u00e9airement<\/a>.&nbsp;<em>Patent FR3086088A1 (FR)<\/em>, 20 March, 48.<\/li>\n<\/ul>\n","protected":false},"excerpt":{"rendered":"<p>Autres publications Chapitres de livres : Chapitres de vulgarisation scientifique : Monographies : Brevets :<\/p>\n","protected":false},"author":1,"featured_media":0,"parent":37,"menu_order":4,"comment_status":"closed","ping_status":"closed","template":"","meta":{"footnotes":""},"class_list":["post-327","page","type-page","status-publish","hentry","entry"],"_links":{"self":[{"href":"https:\/\/serres-lab.com\/fr\/wp-json\/wp\/v2\/pages\/327","targetHints":{"allow":["GET"]}}],"collection":[{"href":"https:\/\/serres-lab.com\/fr\/wp-json\/wp\/v2\/pages"}],"about":[{"href":"https:\/\/serres-lab.com\/fr\/wp-json\/wp\/v2\/types\/page"}],"author":[{"embeddable":true,"href":"https:\/\/serres-lab.com\/fr\/wp-json\/wp\/v2\/users\/1"}],"replies":[{"embeddable":true,"href":"https:\/\/serres-lab.com\/fr\/wp-json\/wp\/v2\/comments?post=327"}],"version-history":[{"count":23,"href":"https:\/\/serres-lab.com\/fr\/wp-json\/wp\/v2\/pages\/327\/revisions"}],"predecessor-version":[{"id":3126,"href":"https:\/\/serres-lab.com\/fr\/wp-json\/wp\/v2\/pages\/327\/revisions\/3126"}],"up":[{"embeddable":true,"href":"https:\/\/serres-lab.com\/fr\/wp-json\/wp\/v2\/pages\/37"}],"wp:attachment":[{"href":"https:\/\/serres-lab.com\/fr\/wp-json\/wp\/v2\/media?parent=327"}],"curies":[{"name":"wp","href":"https:\/\/api.w.org\/{rel}","templated":true}]}}