{"id":39,"date":"2022-03-09T16:38:18","date_gmt":"2022-03-09T15:38:18","guid":{"rendered":"https:\/\/serres-lab.com\/?page_id=39"},"modified":"2023-10-06T18:53:05","modified_gmt":"2023-10-06T16:53:05","slug":"sensibilisation-du-public","status":"publish","type":"page","link":"https:\/\/serres-lab.com\/fr\/sensibilisation-du-public\/","title":{"rendered":"Sensibilisation du public"},"content":{"rendered":"\n<div style=\"height:102px\" aria-hidden=\"true\" class=\"wp-block-spacer\"><\/div>\n\n\n\n<section class=\"wp-block-group alignwide blockHomeNewsWrapper is-layout-flow wp-block-group-is-layout-flow\">\n<h2 class=\"wp-block-heading\"><strong>Actualit\u00e9s<\/strong><\/h2>\n\n\n<div class=\"listOfPosts\"><div class=\"postInList \">\n\n    \n\n\t<a class=\"postThumbnailLink\" href=\"https:\/\/serres-lab.com\/fr\/academie-daix-marseille-le-biomimetisme-au-service-de-linnovation-rencontre-avec-julien-serres-ingenieur-chercheur\/\">\n            <div class=\"postThumbnailWrapper\">\n                        \n                                <img loading=\"lazy\" decoding=\"async\" src=\"https:\/\/serres-lab.com\/wp-content\/uploads\/2026\/01\/logo-schoolab-2.jpg\" width=\"505\" height=\"222\" alt=\"\" class=\"lazyload\" \/>\n            \n                        <\/div>\n            <div class=\"postInfos\">\n                                <p class=\"postCategories\"><span>Sensibilisation du public<\/span>  <span class=\"postDate\"><i class=\"far fa-clock\"><\/i> 10 janvier 2026<\/span><\/p>\n                <h4 class=\"postTitle\">[Acad\u00e9mie d&rsquo;Aix-Marseille] \u00ab\u00a0Le biomim\u00e9tisme au service de l\u2019innovation : rencontre avec Julien Serres, ing\u00e9nieur-chercheur.\u00a0\u00bb<\/h4>\n                <span class=\"fakeBtn\">Lire la suite <i class=\"fas fa-arrow-right\"><\/i><\/span>\n                \n            <\/div>\n            \n            \n           \n            \n        <\/a>\n\n<\/div><!-- postInList -->\n<div class=\"postInList \">\n\n    \n\n\t<a class=\"postThumbnailLink\" href=\"https:\/\/serres-lab.com\/fr\/the-conversation-france-sinspirer-des-insectes-pour-rendre-les-vehicules-autonomes-plus-intelligents\/\">\n            <div class=\"postThumbnailWrapper\">\n                        \n                                <img loading=\"lazy\" decoding=\"async\" src=\"https:\/\/serres-lab.com\/wp-content\/uploads\/2025\/04\/TheConversation.png\" width=\"281\" height=\"180\" alt=\"\" class=\"lazyload\" \/>\n            \n                        <\/div>\n            <div class=\"postInfos\">\n                                <p class=\"postCategories\"><span>Presse<\/span> <span>Sensibilisation du public<\/span>  <span class=\"postDate\"><i class=\"far fa-clock\"><\/i> 17 avril 2025<\/span><\/p>\n                <h4 class=\"postTitle\">[The Conversation France] \u00ab\u00a0S\u2019inspirer des insectes pour rendre les v\u00e9hicules autonomes plus intelligents\u00a0\u00bb<\/h4>\n                <span class=\"fakeBtn\">Lire la suite <i class=\"fas fa-arrow-right\"><\/i><\/span>\n                \n            <\/div>\n            \n            \n           \n            \n        <\/a>\n\n<\/div><!-- postInList -->\n<div class=\"postInList \">\n\n    \n\n\t<a class=\"postThumbnailLink\" href=\"https:\/\/serres-lab.com\/fr\/biorobotique-a-luminy-des-scientifiques-concoivent-les-machines-du-futurs-des-abeilles-et-des-fourmis\/\">\n            <div class=\"postThumbnailWrapper\">\n                        \n                                <img loading=\"lazy\" decoding=\"async\" src=\"https:\/\/serres-lab.com\/wp-content\/uploads\/2023\/07\/logo-La-Provence.jpg\" width=\"1600\" height=\"900\" alt=\"\" class=\"lazyload\" \/>\n            \n                        <\/div>\n            <div class=\"postInfos\">\n                                <p class=\"postCategories\"><span>Presse<\/span> <span>Sensibilisation du public<\/span>  <span class=\"postDate\"><i class=\"far fa-clock\"><\/i> 15 janvier 2024<\/span><\/p>\n                <h4 class=\"postTitle\">[Biorobotique \u00e0 Luminy] Pour imaginer les machines du futur, des abeilles et des fourmis<\/h4>\n                <span class=\"fakeBtn\">Lire la suite <i class=\"fas fa-arrow-right\"><\/i><\/span>\n                \n            <\/div>\n            \n            \n           \n            \n        <\/a>\n\n<\/div><!-- postInList -->\n<div class=\"postInList \">\n\n    \n\n\t<a class=\"postThumbnailLink\" href=\"https:\/\/serres-lab.com\/fr\/infuse-science-makes-senselabeille-survolant-un-miroir-perd-son-altitude-et-secrase\/\">\n            <div class=\"postThumbnailWrapper\">\n                        \n                                <img loading=\"lazy\" decoding=\"async\" src=\"https:\/\/serres-lab.com\/wp-content\/uploads\/2023\/11\/logo-infuse-en.jpg\" width=\"891\" height=\"565\" alt=\"\" class=\"lazyload\" \/>\n            \n                        <\/div>\n            <div class=\"postInfos\">\n                                <p class=\"postCategories\"><span>Presse<\/span> <span>Sensibilisation du public<\/span>  <span class=\"postDate\"><i class=\"far fa-clock\"><\/i> 3 novembre 2023<\/span><\/p>\n                <h4 class=\"postTitle\">[Infuse &#8211; Science Makes Sense]L&rsquo;abeille survolant un miroir perd son altitude et s\u2019\u00e9crase<\/h4>\n                <span class=\"fakeBtn\">Lire la suite <i class=\"fas fa-arrow-right\"><\/i><\/span>\n                \n            <\/div>\n            \n            \n           \n            \n        <\/a>\n\n<\/div><!-- postInList -->\n<div class=\"postInList \">\n\n    \n\n\t<a class=\"postThumbnailLink\" href=\"https:\/\/serres-lab.com\/fr\/infuse-science-makes-senseskypole-localiser-le-nord-grace-a-la-lumiere-du-ciel\/\">\n            <div class=\"postThumbnailWrapper\">\n                        \n                                <img loading=\"lazy\" decoding=\"async\" src=\"https:\/\/serres-lab.com\/wp-content\/uploads\/2023\/11\/logo-infuse-en.jpg\" width=\"891\" height=\"565\" alt=\"\" class=\"lazyload\" \/>\n            \n                        <\/div>\n            <div class=\"postInfos\">\n                                <p class=\"postCategories\"><span>Presse<\/span> <span>Sensibilisation du public<\/span>  <span class=\"postDate\"><i class=\"far fa-clock\"><\/i> 3 novembre 2023<\/span><\/p>\n                <h4 class=\"postTitle\">[Infuse &#8211; Science Makes Sense]Skypole : localiser le Nord gr\u00e2ce \u00e0 la lumi\u00e8re du ciel<\/h4>\n                <span class=\"fakeBtn\">Lire la suite <i class=\"fas fa-arrow-right\"><\/i><\/span>\n                \n            <\/div>\n            \n            \n           \n            \n        <\/a>\n\n<\/div><!-- postInList -->\n<div class=\"postInList \">\n\n    \n\n\t<a class=\"postThumbnailLink\" href=\"https:\/\/serres-lab.com\/fr\/marcelle-le-media-de-solutions-sinspirer-des-oiseaux-pour-se-geolocaliser\/\">\n            <div class=\"postThumbnailWrapper\">\n                        \n                                <img loading=\"lazy\" decoding=\"async\" src=\"https:\/\/serres-lab.com\/wp-content\/uploads\/2023\/10\/logo-marcelle-1.png\" width=\"358\" height=\"130\" alt=\"\" class=\"lazyload\" \/>\n            \n                        <\/div>\n            <div class=\"postInfos\">\n                                <p class=\"postCategories\"><span>Presse<\/span> <span>Sensibilisation du public<\/span>  <span class=\"postDate\"><i class=\"far fa-clock\"><\/i> 13 octobre 2023<\/span><\/p>\n                <h4 class=\"postTitle\">[Marcelle &#8211; Le m\u00e9dia de solutions] S\u2019inspirer des oiseaux pour se g\u00e9olocaliser<\/h4>\n                <span class=\"fakeBtn\">Lire la suite <i class=\"fas fa-arrow-right\"><\/i><\/span>\n                \n            <\/div>\n            \n            \n           \n            \n        <\/a>\n\n<\/div><!-- postInList -->\n<\/div>\n<\/section>\n\n\n\n<div class=\"wp-block-group alignwide is-layout-flow wp-block-group-is-layout-flow\">\n<h2 class=\"wp-block-heading\"><strong>M\u00e9diation scientifique et sensibilisation du public<\/strong><\/h2>\n\n\n\n<ul class=\"wp-block-list\">\n<li>29 septembre 2023 &#8211; <a href=\"https:\/\/www.univ-amu.fr\/fr\/public\/actualites\/nuit-europeenne-des-chercheures-2023\" data-type=\"link\" data-id=\"https:\/\/www.univ-amu.fr\/fr\/public\/actualites\/nuit-europeenne-des-chercheures-2023\">La Nuit Europ\u00e9enne des Chercheur.e.s : Nos futurs<\/a><br><a href=\"https:\/\/nuitdeschercheurs-france.eu\/?MarseillE\" data-type=\"link\" data-id=\"https:\/\/nuitdeschercheurs-france.eu\/?MarseillE\">Stand au labo des objets<\/a><br><a href=\"https:\/\/www.dock-des-suds.org\/agenda\/nuit-europeenne-des-chercheur%C2%B7e%C2%B7s-2023\/image1\/\" data-type=\"URL\" data-id=\"https:\/\/www.cepacsilo-marseille.fr\/\">Dock des Suds<\/a> &#8211; Marseille (13002)<br>Au moins 80 personnes sont pass\u00e9es par mon stand sur un \u00e9v\u00e8nement impliquant 1500 personnes<br><\/li>\n<\/ul>\n\n\n\n<div class=\"wp-block-columns is-layout-flex wp-container-core-columns-is-layout-28f84493 wp-block-columns-is-layout-flex\">\n<div class=\"wp-block-column is-layout-flow wp-block-column-is-layout-flow\">\n<figure class=\"wp-block-gallery has-nested-images columns-default is-cropped wp-block-gallery-1 is-layout-flex wp-block-gallery-is-layout-flex\">\n<figure class=\"wp-block-image size-full\"><a href=\"https:\/\/openbadgefactory.com\/v1\/assertion\/099b63d2cab4c2cfcbca3fe718337b755aa6b362.html\"><img loading=\"lazy\" decoding=\"async\" width=\"561\" height=\"563\" data-id=\"2480\" src=\"https:\/\/serres-lab.com\/wp-content\/uploads\/2023\/10\/Badge-Nuit-Europeenne-des-chercheur.e.s-2023-Nos-futurs-1.png\" alt=\"\" class=\"wp-image-2480\" style=\"object-fit:cover\" srcset=\"https:\/\/serres-lab.com\/wp-content\/uploads\/2023\/10\/Badge-Nuit-Europeenne-des-chercheur.e.s-2023-Nos-futurs-1.png 561w, https:\/\/serres-lab.com\/wp-content\/uploads\/2023\/10\/Badge-Nuit-Europeenne-des-chercheur.e.s-2023-Nos-futurs-1-400x400.png 400w\" sizes=\"auto, (max-width: 561px) 100vw, 561px\" \/><\/a><figcaption class=\"wp-element-caption\">Ce badge reconnait mon intervention pour avoir partag\u00e9 mes connaissances avec des publics lors de la Nuit Europ\u00e9enne des Chercheur\u00b7e\u00b7s 2023 : \u00ab\u00a0No(s) Futur(s)\u00a0\u00bb<\/figcaption><\/figure>\n<\/figure>\n<\/div>\n\n\n\n<div class=\"wp-block-column is-layout-flow wp-block-column-is-layout-flow\">\n<figure class=\"wp-block-gallery has-nested-images columns-default is-cropped wp-block-gallery-2 is-layout-flex wp-block-gallery-is-layout-flex\">\n<figure class=\"wp-block-image size-full is-resized\"><a href=\"https:\/\/www.linkedin.com\/posts\/aix-marseille-universite_marseille-recherche-activity-7113569931308191744-7eZk?utm_source=share&amp;utm_medium=member_desktop\"><img decoding=\"async\" data-id=\"2477\" src=\"https:\/\/serres-lab.com\/wp-content\/uploads\/2023\/10\/Julien-Serres-Eric-Berton-HEXABOT-Nuit-Europeenne-des-Chercheurs-29-sept.-2023-1.jpg\" alt=\"\" class=\"wp-image-2477\" style=\"width:550px\" width=\"550\"\/><\/a><figcaption class=\"wp-element-caption\">Pr\u00e9sentation de mon stand labo des objets \u00e0 \u00c9ric Berton, Pr\u00e9sident d&rsquo;Aix Marseille Universit\u00e9, Dock des Suds, le 29 septembre 2023<\/figcaption><\/figure>\n<\/figure>\n<\/div>\n<\/div>\n\n\n\n<ul class=\"wp-block-list\">\n<li>22 novembre 2022 &#8211; <a href=\"https:\/\/www.univ-amu.fr\/fr\/public\/lumieres-sur-amu-retour-sur-les-10-ans-daix-marseille-universite-0\" data-type=\"URL\" data-id=\"https:\/\/www.univ-amu.fr\/fr\/public\/lumieres-sur-amu-retour-sur-les-10-ans-daix-marseille-universite-0\">F\u00eate des 10 ans d&rsquo;Aix Marseille Universit\u00e9<\/a><br><a href=\"https:\/\/youtu.be\/s0-Um8o0GY4\" data-type=\"URL\" data-id=\"https:\/\/youtu.be\/s0-Um8o0GY4\">Stand-up de 6 minutes sur mes travaux de recherche : robotique et biomim\u00e9tisme<\/a><br><a href=\"https:\/\/www.cepacsilo-marseille.fr\/\" data-type=\"URL\" data-id=\"https:\/\/www.cepacsilo-marseille.fr\/\">Th\u00e9\u00e2tre du CEPAC Silo<\/a> &#8211; Marseille (13002)<br>300 personnels d&rsquo;Aix Marseille Universit\u00e9<\/li>\n<\/ul>\n\n\n\n<ul class=\"wp-block-list\">\n<li>7-8 octobre 2022- F\u00eate de la Science, pr\u00e9sentation et repr\u00e9sentation th\u00e9\u00e2trale du <strong><a href=\"https:\/\/www.youtube.com\/channel\/UCJ0kF4HxxwFfFafy_CagGBw\" data-type=\"URL\" data-id=\"https:\/\/www.youtube.com\/channel\/UCJ0kF4HxxwFfFafy_CagGBw\">projet NOVABOT<\/a><\/strong><br><a href=\"https:\/\/velotheatre.com\/6-8-octobre-bivouac-scientifique-2022\/#cout\" data-type=\"URL\" data-id=\"https:\/\/velotheatre.com\/6-8-octobre-bivouac-scientifique-2022\/#cout\">Bivouac scientifique au V\u00e9lo Th\u00e9\u00e2tre<\/a> &#8211; Apt (84400)<br>30 personnes<br><\/li>\n\n\n\n<li>25 juin 2022 &#8211; <a href=\"https:\/\/www.ville-draguignan.fr\/actualites\/5535-drones-en-dracenie\" data-type=\"URL\" data-id=\"https:\/\/www.ville-draguignan.fr\/actualites\/5535-drones-en-dracenie\">Conf\u00e9rence \u00ab\u00a0Drone en Drac\u00e9nie\u00a0\u00bb<\/a> \u00e0 Draguignan (83300)<br>20 personnes<br><\/li>\n\n\n\n<li>21 juin 2022 &#8211; Participation au Forum des m\u00e9tiers organis\u00e9 par <a href=\"https:\/\/www.lespetitsdebrouillardspaca.org\/\" data-type=\"URL\" data-id=\"https:\/\/www.lespetitsdebrouillardspaca.org\/\">les Petits D\u00e9brouillards<\/a> au coll\u00e8ge Renoir &#8211; Malpass\u00e9 &#8211; Marseille (13013)<br>30 coll\u00e9giens de 4\u00e8me<br><\/li>\n\n\n\n<li>18 juin 2022 &#8211; <a href=\"https:\/\/www.univ-amu.fr\/fr\/public\/actualites\/scientifica-une-journee-artssciences\" data-type=\"URL\" data-id=\"https:\/\/www.univ-amu.fr\/fr\/public\/actualites\/scientifica-une-journee-artssciences\">Scientifica, une journe\u0301e Arts&amp;Sciences<\/a> au Cube.<br>Pr\u00e9sentation et repr\u00e9sentation th\u00e9\u00e2trale du <strong><a href=\"https:\/\/www.youtube.com\/channel\/UCJ0kF4HxxwFfFafy_CagGBw\" data-type=\"URL\" data-id=\"https:\/\/www.youtube.com\/channel\/UCJ0kF4HxxwFfFafy_CagGBw\">projet NOVABOT<\/a><\/strong> &#8211; Campus Schuman, Aix-en-Provence (13100)<br>50 personnes<br><\/li>\n\n\n\n<li>21 septembre 2019 &#8211; Journ\u00e9es europ\u00e9ennes du patrimoine.<br>Dans le cadre de l\u2019exposition temporaire \u00ab Biomim\u00e9tisme, quand la Nature inspire l\u2019innovation \u00bb au Mus\u00e9um d\u2019Histoire Naturel de N\u00eemes (30000), pr\u00e9sentation du <strong><a href=\"https:\/\/serres-lab.com\/recherche\/projets-de-recherche-acheves\/antbot-hexapod-robot\/\" data-type=\"URL\" data-id=\"https:\/\/serres-lab.com\/recherche\/projets-de-recherche-acheves\/antbot-hexapod-robot\/\">projet AntBot<\/a><\/strong><br>200 personnes<br><\/li>\n\n\n\n<li>30 mai 2019 &#8211; <a href=\"https:\/\/www.youtube.com\/watch?v=UIddj7_A_gg&amp;t=1723s\" data-type=\"URL\" data-id=\"https:\/\/www.youtube.com\/watch?v=UIddj7_A_gg&amp;t=1723s\">Grand entretien<\/a> avec <a href=\"https:\/\/fr.wikipedia.org\/wiki\/Enki_Bilal\" data-type=\"URL\" data-id=\"https:\/\/fr.wikipedia.org\/wiki\/Enki_Bilal\">Enki Bilal<\/a> <br>Entretien anim\u00e9 par Tewfik Hakem (France Culture)<br>La Cri\u00e9e &#8211; th\u00e9\u00e2tre national de Marseille (13001), dans le cadre de la 3\u00e8me \u00e9dition du festival <a href=\"https:\/\/ohlesbeauxjours.fr\/\" data-type=\"URL\" data-id=\"https:\/\/ohlesbeauxjours.fr\/\">Oh les beaux jours !<\/a><br>800 personnes<\/li>\n<\/ul>\n\n\n\n<h2 class=\"wp-block-heading\"><strong>Documentaires scientifiques et interviews<\/strong><\/h2>\n\n\n\n<ul class=\"wp-block-list\">\n<li>10 f\u00e9vrier 2020 &#8211; La Petite Question. <a href=\"https:\/\/www.youtube.com\/watch?v=VGYAjpw_DZQ\" data-type=\"URL\" data-id=\"https:\/\/www.youtube.com\/watch?v=VGYAjpw_DZQ\">Cha\u00eene YouTube d\u2019Aix Marseille Universit\u00e9<\/a>. <br><a href=\"https:\/\/www.youtube.com\/watch?v=uX9JvDG25ys\" data-type=\"URL\" data-id=\"https:\/\/www.youtube.com\/watch?v=uX9JvDG25ys\">Peut-on vivre sans GPS? Oui, je suis une fourmi<\/a><br><\/li>\n\n\n\n<li>Juin 2017 &#8211; <a href=\"https:\/\/www.youtube.com\/watch?v=hfckgsS0DVM\">L\u2019envol\u00e9e scientifique<\/a>. Documentaire audiovisuel expliquant ma th\u00e9matique de recherche et r\u00e9alis\u00e9 par Kenza Chatar, Sciences Arts et Techniques de l\u2019Image et du Son (SATIS) &#8211; Aix Marseille Universit\u00e9.<\/li>\n<\/ul>\n\n\n\n<h2 class=\"wp-block-heading\"><strong>Presse scientifique<\/strong><\/h2>\n\n\n\n<ul class=\"wp-block-list\">\n<li><a href=\"https:\/\/www.epresse.fr\/magazine\/science-et-vie-hors-serie?fbclid=IwAR2DTq9ukyxibxLETd0xUfNXr2xbfHMzVXUsW2e5MdLfvHcyROTswlQKnb0%E2%80%A6\" data-type=\"URL\" data-id=\"https:\/\/www.epresse.fr\/magazine\/science-et-vie-hors-serie?fbclid=IwAR2DTq9ukyxibxLETd0xUfNXr2xbfHMzVXUsW2e5MdLfvHcyROTswlQKnb0%E2%80%A6\">Science &amp; Vie Hors-s\u00e9rie n\u00b0308 juin 2023<\/a>. Kheira Bettayeb. L&rsquo;inspiration derri\u00e8re les robots, pp. 78-81.<\/li>\n<\/ul>\n<\/div>\n\n\n\n<div class=\"wp-block-group is-layout-flow wp-block-group-is-layout-flow\"><\/div>\n\n\n\n<div style=\"height:100px\" aria-hidden=\"true\" class=\"wp-block-spacer\"><\/div>\n","protected":false},"excerpt":{"rendered":"<p>Actualit\u00e9s M\u00e9diation scientifique et sensibilisation du public Documentaires scientifiques et interviews Presse scientifique<\/p>\n","protected":false},"author":1,"featured_media":0,"parent":0,"menu_order":8,"comment_status":"closed","ping_status":"closed","template":"","meta":{"footnotes":""},"class_list":["post-39","page","type-page","status-publish","hentry","entry"],"_links":{"self":[{"href":"https:\/\/serres-lab.com\/fr\/wp-json\/wp\/v2\/pages\/39","targetHints":{"allow":["GET"]}}],"collection":[{"href":"https:\/\/serres-lab.com\/fr\/wp-json\/wp\/v2\/pages"}],"about":[{"href":"https:\/\/serres-lab.com\/fr\/wp-json\/wp\/v2\/types\/page"}],"author":[{"embeddable":true,"href":"https:\/\/serres-lab.com\/fr\/wp-json\/wp\/v2\/users\/1"}],"replies":[{"embeddable":true,"href":"https:\/\/serres-lab.com\/fr\/wp-json\/wp\/v2\/comments?post=39"}],"version-history":[{"count":38,"href":"https:\/\/serres-lab.com\/fr\/wp-json\/wp\/v2\/pages\/39\/revisions"}],"predecessor-version":[{"id":2487,"href":"https:\/\/serres-lab.com\/fr\/wp-json\/wp\/v2\/pages\/39\/revisions\/2487"}],"wp:attachment":[{"href":"https:\/\/serres-lab.com\/fr\/wp-json\/wp\/v2\/media?parent=39"}],"curies":[{"name":"wp","href":"https:\/\/api.w.org\/{rel}","templated":true}]}}