{"id":563,"date":"2020-04-26T14:00:00","date_gmt":"2020-04-26T12:00:00","guid":{"rendered":"https:\/\/serres-lab.com\/?page_id=563"},"modified":"2022-10-14T17:32:01","modified_gmt":"2022-10-14T15:32:01","slug":"ruches","status":"publish","type":"page","link":"https:\/\/serres-lab.com\/fr\/equipement\/ruches\/","title":{"rendered":"Ruches"},"content":{"rendered":"\n<h2 class=\"wp-block-heading\"><strong>Ruches<\/strong><\/h2>\n\n\n\n<div class=\"wp-block-columns is-layout-flex wp-container-core-columns-is-layout-28f84493 wp-block-columns-is-layout-flex\">\n<div class=\"wp-block-column is-layout-flow wp-block-column-is-layout-flow\">\n<p>L&rsquo;\u00e9quipe poss\u00e8de un rucher \u00e0 proximit\u00e9 de ses installations lui permettant d&rsquo;exp\u00e9rimenter sur l&rsquo;abeille domestique durant une p\u00e9riode de 6 mois (de mai \u00e0 octobre).<br>Les ruches sont entretenues par l&rsquo;association APIS AMU <\/p>\n\n\n\n<p>L\u2019association APIS AMU a pour vocation de d\u00e9velopper la pratique de l\u2019apiculture et des activit\u00e9s apicoles sur tous les campus&nbsp;d\u2019Aix-Marseille Universit\u00e9 (AMU).&nbsp;<\/p>\n\n\n\n<p>Contact APIS AMU :<br><br><strong>Association APIS AMU<\/strong><br>Direction du d\u00e9veloppement durable<br>3 pl, Victor Hugo \u2013 case 28<br>13331 MARSEILLE cedex 03<br><strong>Courriel : <\/strong><a href=\"mailto:apisamu2021(at)outlook.fr\" data-type=\"mailto\" data-id=\"mailto:apisamu2021(at)outlook.fr\">apisamu2021(at)outlook.fr<\/a><br><br><strong>Philippe CINZIA-CASTALDO \u2013 Pr\u00e9sident<\/strong><br><strong>Courriel : <\/strong><a href=\"mailto:philippe.cinzia-castaldo@univ-amu.fr\" data-type=\"mailto\" data-id=\"mailto:philippe.cinzia-castaldo@univ-amu.fr\">philippe.cinzia-castaldo(at)univ-amu.fr<\/a><br><strong>T\u00e9l :<\/strong> +33 (0) 4 13 55 06 17<br><strong>Mobile :<\/strong> +33 (0) 6 61 33 30 85<\/p>\n\n\n\n<div class=\"wp-block-columns is-layout-flex wp-container-core-columns-is-layout-28f84493 wp-block-columns-is-layout-flex\">\n<div class=\"wp-block-column is-layout-flow wp-block-column-is-layout-flow\">\n<figure class=\"wp-block-gallery has-nested-images columns-default is-cropped wp-block-gallery-1 is-layout-flex wp-block-gallery-is-layout-flex\">\n<figure class=\"wp-block-image size-full\"><img loading=\"lazy\" decoding=\"async\" width=\"465\" height=\"250\" data-id=\"1077\" src=\"https:\/\/serres-lab.com\/wp-content\/uploads\/2022\/10\/logo-APIS-AMU-1.png\" alt=\"\" class=\"wp-image-1077\"\/><figcaption>Logo APIS AMU<\/figcaption><\/figure>\n<\/figure>\n<\/div>\n\n\n\n<div class=\"wp-block-column is-layout-flow wp-block-column-is-layout-flow\"><\/div>\n<\/div>\n<\/div>\n\n\n\n<div class=\"wp-block-column is-layout-flow wp-block-column-is-layout-flow\">\n<figure class=\"wp-block-gallery has-nested-images columns-default is-cropped wp-block-gallery-2 is-layout-flex wp-block-gallery-is-layout-flex\">\n<figure class=\"wp-block-image size-full\" style=\"border-radius:0px\"><img loading=\"lazy\" decoding=\"async\" width=\"953\" height=\"1453\" data-id=\"1047\" src=\"https:\/\/serres-lab.com\/wp-content\/uploads\/2022\/10\/Ruche-APIS-AMU-2.jpg\" alt=\"\" class=\"wp-image-1047\" srcset=\"https:\/\/serres-lab.com\/wp-content\/uploads\/2022\/10\/Ruche-APIS-AMU-2.jpg 953w, https:\/\/serres-lab.com\/wp-content\/uploads\/2022\/10\/Ruche-APIS-AMU-2-525x800.jpg 525w, https:\/\/serres-lab.com\/wp-content\/uploads\/2022\/10\/Ruche-APIS-AMU-2-768x1171.jpg 768w\" sizes=\"auto, (max-width: 953px) 100vw, 953px\" \/><figcaption>Ruche APIS AMU sur le campus de Luminy<\/figcaption><\/figure>\n<figcaption class=\"blocks-gallery-caption\">Ruche APIS AMU sur le campus de Luminy<\/figcaption><\/figure>\n<\/div>\n<\/div>\n","protected":false},"excerpt":{"rendered":"<p>L\u2019\u00e9quipe poss\u00e8de un rucher \u00e0 proximit\u00e9 de ses installations lui permettant d\u2019exp\u00e9rimenter sur l\u2019abeille domestique durant une p\u00e9riode de 6 mois (de mai \u00e0 octobre).<\/p>\n","protected":false},"author":2,"featured_media":1424,"parent":31,"menu_order":4,"comment_status":"closed","ping_status":"closed","template":"","meta":{"footnotes":""},"class_list":["post-563","page","type-page","status-publish","has-post-thumbnail","hentry","entry"],"_links":{"self":[{"href":"https:\/\/serres-lab.com\/fr\/wp-json\/wp\/v2\/pages\/563","targetHints":{"allow":["GET"]}}],"collection":[{"href":"https:\/\/serres-lab.com\/fr\/wp-json\/wp\/v2\/pages"}],"about":[{"href":"https:\/\/serres-lab.com\/fr\/wp-json\/wp\/v2\/types\/page"}],"author":[{"embeddable":true,"href":"https:\/\/serres-lab.com\/fr\/wp-json\/wp\/v2\/users\/2"}],"replies":[{"embeddable":true,"href":"https:\/\/serres-lab.com\/fr\/wp-json\/wp\/v2\/comments?post=563"}],"version-history":[{"count":19,"href":"https:\/\/serres-lab.com\/fr\/wp-json\/wp\/v2\/pages\/563\/revisions"}],"predecessor-version":[{"id":1405,"href":"https:\/\/serres-lab.com\/fr\/wp-json\/wp\/v2\/pages\/563\/revisions\/1405"}],"up":[{"embeddable":true,"href":"https:\/\/serres-lab.com\/fr\/wp-json\/wp\/v2\/pages\/31"}],"wp:featuredmedia":[{"embeddable":true,"href":"https:\/\/serres-lab.com\/fr\/wp-json\/wp\/v2\/media\/1424"}],"wp:attachment":[{"href":"https:\/\/serres-lab.com\/fr\/wp-json\/wp\/v2\/media?parent=563"}],"curies":[{"name":"wp","href":"https:\/\/api.w.org\/{rel}","templated":true}]}}