{"id":783,"date":"2022-09-22T11:22:12","date_gmt":"2022-09-22T09:22:12","guid":{"rendered":"https:\/\/serres-lab.com\/?page_id=783"},"modified":"2023-01-24T12:55:21","modified_gmt":"2023-01-24T11:55:21","slug":"collaborations-internationales","status":"publish","type":"page","link":"https:\/\/serres-lab.com\/fr\/collaborations\/collaborations-internationales\/","title":{"rendered":"Collaborations internationales"},"content":{"rendered":"\n<h2 class=\"wp-block-heading\"><strong>Collaborations<\/strong> internationales<\/h2>\n\n\n\n<div class=\"wp-block-columns alignwide formationCols is-layout-flex wp-container-core-columns-is-layout-28f84493 wp-block-columns-is-layout-flex\">\n<div class=\"wp-block-column is-layout-flow wp-block-column-is-layout-flow\" style=\"flex-basis:120px\">\n<p class=\"has-grey-color has-text-color has-medium-font-size\" id=\"2008\"><strong>2020-2022<\/strong><\/p>\n<\/div>\n\n\n\n<div class=\"wp-block-column is-layout-flow wp-block-column-is-layout-flow\" style=\"flex-basis:90%\">\n<p class=\"has-large-font-size\"><strong>Coordinateur d&rsquo;une collaboration europ\u00e9enne<\/strong> <\/p>\n\n\n\n<p>autour de la robotique hexapode visant \u00e0 terme le d\u00e9p\u00f4t d\u2019une ERC SYNERGY impliquant <a href=\"https:\/\/scholar.google.com\/citations?user=ZQ93_SQAAAAJ&amp;hl=fr&amp;oi=ao\" data-type=\"URL\" data-id=\"https:\/\/scholar.google.com\/citations?user=ZQ93_SQAAAAJ&amp;hl=fr&amp;oi=ao\">Prof. Poramate Manoonpong<\/a> de l\u2019universit\u00e9 du Sud du Danemark, <a href=\"https:\/\/scholar.google.com\/citations?user=3pf4D_8AAAAJ&amp;hl=fr&amp;oi=ao\" data-type=\"URL\" data-id=\"https:\/\/scholar.google.com\/citations?user=3pf4D_8AAAAJ&amp;hl=fr&amp;oi=ao\">Prof. Paolo Arena<\/a> de l\u2019universit\u00e9 de Catania (Italie), et <a href=\"https:\/\/scholar.google.com\/citations?user=TpMB_eoAAAAJ&amp;hl=fr&amp;oi=ao\" data-type=\"URL\" data-id=\"https:\/\/scholar.google.com\/citations?user=TpMB_eoAAAAJ&amp;hl=fr&amp;oi=ao\">Prof. Luca Patan\u00e8<\/a> de l\u2019universit\u00e9 de Messine (Italie).<\/p>\n\n\n\n<p>Supervision d\u2019un num\u00e9ro sp\u00e9cial <a href=\"https:\/\/www.mdpi.com\/journal\/sensors\/special_issues\/bio_inspired_robotics\" data-type=\"URL\" data-id=\"https:\/\/www.mdpi.com\/journal\/sensors\/special_issues\/bio_inspired_robotics\">MDPI Sensors \u00ab\u00a0Sensors, Motor Coordination, and High-Level Cognition in Bio-Inspired Robotics\u00a0\u00bb<\/a>.<\/p>\n\n\n\n<p>R\u00e9daction d\u2019un article de synth\u00e8se en commun de 46 pages.<\/p>\n\n\n\n<div class=\"wp-block-group has-light-background-color has-background is-layout-flow wp-block-group-is-layout-flow\">\n<p class=\"has-grey-color has-text-color\"><strong>Publication :<\/strong><\/p>\n\n\n\n<ul class=\"wp-block-list\">\n<li>Manoonpong, P., Patan\u00e8, L., Xiong, X., Brodoline, I., Dupeyroux, J., Viollet, S., Arena, P., &amp;&nbsp;<strong>Serres, J. R.<\/strong>&nbsp;(2021).&nbsp;<a href=\"https:\/\/hal.archives-ouvertes.fr\/hal-03430897\/\">Insect-inspired robots: Bridging biological and artificial systems<\/a>.&nbsp;<em>Sensors<\/em>,&nbsp;<em>21<\/em>(22), 7609.DOI:&nbsp;<a href=\"https:\/\/doi.org\/10.3390\/s21227609\">10.3390\/s21227609<\/a><\/li>\n<\/ul>\n<\/div>\n\n\n\n<div class=\"wp-block-columns is-layout-flex wp-container-core-columns-is-layout-28f84493 wp-block-columns-is-layout-flex\">\n<div class=\"wp-block-column is-layout-constrained wp-block-column-is-layout-constrained\" style=\"flex-basis:200px\">\n<figure class=\"wp-block-gallery has-nested-images columns-default is-cropped wp-block-gallery-1 is-layout-flex wp-block-gallery-is-layout-flex\">\n<figure class=\"wp-block-image size-large\"><img loading=\"lazy\" decoding=\"async\" width=\"1353\" height=\"720\" data-id=\"1652\" src=\"https:\/\/serres-lab.com\/wp-content\/uploads\/2022\/10\/logo-SDU.png\" alt=\"\" class=\"wp-image-1652\" srcset=\"https:\/\/serres-lab.com\/wp-content\/uploads\/2022\/10\/logo-SDU.png 1353w, https:\/\/serres-lab.com\/wp-content\/uploads\/2022\/10\/logo-SDU-800x426.png 800w, https:\/\/serres-lab.com\/wp-content\/uploads\/2022\/10\/logo-SDU-768x409.png 768w\" sizes=\"auto, (max-width: 1353px) 100vw, 1353px\" \/><\/figure>\n<\/figure>\n<\/div>\n\n\n\n<div class=\"wp-block-column is-layout-constrained wp-block-column-is-layout-constrained\" style=\"flex-basis:200px\">\n<figure class=\"wp-block-gallery has-nested-images columns-default is-cropped wp-block-gallery-2 is-layout-flex wp-block-gallery-is-layout-flex\">\n<figure class=\"wp-block-image size-large\"><img decoding=\"async\" data-id=\"1654\" src=\"https:\/\/serres-lab.com\/wp-content\/uploads\/2022\/10\/Logo-unict-Catania-1800x776.png\" alt=\"\" class=\"wp-image-1654\"\/><\/figure>\n<\/figure>\n<\/div>\n\n\n\n<div class=\"wp-block-column is-layout-constrained wp-block-column-is-layout-constrained\" style=\"flex-basis:220px\">\n<figure class=\"wp-block-gallery has-nested-images columns-default is-cropped wp-block-gallery-3 is-layout-flex wp-block-gallery-is-layout-flex\">\n<figure class=\"wp-block-image size-full\"><img loading=\"lazy\" decoding=\"async\" width=\"603\" height=\"229\" data-id=\"1664\" src=\"https:\/\/serres-lab.com\/wp-content\/uploads\/2022\/10\/logo-univ-messina-1.jpg\" alt=\"\" class=\"wp-image-1664\"\/><\/figure>\n<\/figure>\n<\/div>\n<\/div>\n<\/div>\n<\/div>\n\n\n\n<div class=\"wp-block-columns alignwide formationCols is-layout-flex wp-container-core-columns-is-layout-28f84493 wp-block-columns-is-layout-flex\">\n<div class=\"wp-block-column is-layout-flow wp-block-column-is-layout-flow\" style=\"flex-basis:120px\">\n<p class=\"has-grey-color has-text-color has-medium-font-size\" id=\"2008\"><strong>2015-2019<\/strong><\/p>\n<\/div>\n\n\n\n<div class=\"wp-block-column is-layout-flow wp-block-column-is-layout-flow\" style=\"flex-basis:90%\">\n<p class=\"has-large-font-size\"><strong>Coordinateur d&rsquo;une collaboration europ\u00e9enne<\/strong> <\/p>\n\n\n\n<p>avec les profs. <a href=\"https:\/\/scholar.google.com\/citations?user=wCt_GFkAAAAJ&amp;hl=fr&amp;oi=ao\" data-type=\"URL\" data-id=\"https:\/\/scholar.google.com\/citations?user=wCt_GFkAAAAJ&amp;hl=fr&amp;oi=ao\">S. \u00c5kesson<\/a> et <a href=\"https:\/\/scholar.google.com\/citations?user=BAje388AAAAJ&amp;hl=fr&amp;oi=ao\" data-type=\"URL\" data-id=\"https:\/\/scholar.google.com\/citations?user=BAje388AAAAJ&amp;hl=fr&amp;oi=ao\">A. Hedenstr\u00f6m<\/a> de l&rsquo;universit\u00e9 de Lund, <a href=\"https:\/\/scholar.google.com\/citations?user=qLNgmJkAAAAJ&amp;hl=fr&amp;oi=sra\" data-type=\"URL\" data-id=\"https:\/\/scholar.google.com\/citations?user=qLNgmJkAAAAJ&amp;hl=fr&amp;oi=sra\">Dr Judy Shamoun-Baranes<\/a> de l&rsquo;universit\u00e9 d&rsquo;Amsterdam, <a href=\"https:\/\/scholar.google.com\/citations?user=yspbFegAAAAJ&amp;hl=fr&amp;oi=ao\" data-type=\"URL\" data-id=\"https:\/\/scholar.google.com\/citations?user=yspbFegAAAAJ&amp;hl=fr&amp;oi=ao\">Dr Olivier Duriez<\/a> de l&rsquo;universit\u00e9 de Montpellier et le <a href=\"https:\/\/scholar.google.com\/citations?user=Wc0rVdcAAAAJ&amp;hl=fr&amp;oi=sra\" data-type=\"URL\" data-id=\"https:\/\/scholar.google.com\/citations?user=Wc0rVdcAAAAJ&amp;hl=fr&amp;oi=sra\">Dr Thomas J. Evans<\/a> du Marine Scotland Science. <\/p>\n\n\n\n<p>Sujet : Mod\u00e9lisation du syst\u00e8me de contr\u00f4le d&rsquo;altitude bas\u00e9 sur la vision chez les oiseaux de mer.<\/p>\n\n\n\n<div class=\"wp-block-group has-light-background-color has-background is-layout-flow wp-block-group-is-layout-flow\">\n<p class=\"has-grey-color has-text-color\"><strong>Publications : <\/strong><\/p>\n\n\n\n<ul class=\"wp-block-list\">\n<li><strong>Serres, J. R.<\/strong>, Evans, T., Akesson, S., Duriez, O., Shamoun-Baranes, J., Hedenstrom, A., &amp; Ruffier, F.&nbsp;(2019).&nbsp;<a href=\"https:\/\/hal-amu.archives-ouvertes.fr\/hal-02309725v1\">Optic flow cues help explain altitude control over sea in freely flying gulls<\/a>.&nbsp;<em>Journal of the Royal Society Interface, the Royal Society<\/em>, 2019, 16 (159), pp.20190486.<br>DOI:&nbsp;<a href=\"https:\/\/doi.org\/10.1098\/rsif.2019.0486\">10.1098\/rsif.2019.0486<\/a><br><\/li>\n\n\n\n<li><strong>Serres, J. R.<\/strong>, Evans, T. J., \u00c5kesson, S., Duriez, O., Shamoun-Baranes, J., Ruffier, F., &amp; Hedenstr\u00f6m, A. (2017).&nbsp;<a href=\"https:\/\/hal.archives-ouvertes.fr\/hal-02078084\/\">Optic flow and energy invariants combined may explain gulls\u2019 altitude profiles during offshore takeoff<\/a>.&nbsp;<em>The 6th International Bio\u2010logging Science Symposium (BLS6)<\/em>.<br>25-29 September 2017, Konstanz, Germany<\/li>\n<\/ul>\n<\/div>\n\n\n\n<div class=\"wp-block-columns is-layout-flex wp-container-core-columns-is-layout-28f84493 wp-block-columns-is-layout-flex\">\n<div class=\"wp-block-column is-layout-flow wp-block-column-is-layout-flow\">\n<div class=\"wp-block-columns is-layout-flex wp-container-core-columns-is-layout-28f84493 wp-block-columns-is-layout-flex\">\n<div class=\"wp-block-column is-layout-flow wp-block-column-is-layout-flow\">\n<figure class=\"wp-block-gallery has-nested-images columns-default is-cropped wp-block-gallery-4 is-layout-flex wp-block-gallery-is-layout-flex\">\n<figure class=\"wp-block-image size-full\"><img loading=\"lazy\" decoding=\"async\" width=\"399\" height=\"178\" data-id=\"1682\" src=\"https:\/\/serres-lab.com\/wp-content\/uploads\/2022\/10\/logo-Univ-Lund-1.png\" alt=\"\" class=\"wp-image-1682\"\/><\/figure>\n<\/figure>\n<\/div>\n\n\n\n<div class=\"wp-block-column is-layout-constrained wp-block-column-is-layout-constrained\" style=\"flex-basis:220px\">\n<figure class=\"wp-block-gallery has-nested-images columns-default is-cropped wp-block-gallery-5 is-layout-flex wp-block-gallery-is-layout-flex\">\n<figure class=\"wp-block-image size-full\"><img loading=\"lazy\" decoding=\"async\" width=\"599\" height=\"172\" data-id=\"1678\" src=\"https:\/\/serres-lab.com\/wp-content\/uploads\/2022\/10\/logo-univ-amsterdam-1.png\" alt=\"\" class=\"wp-image-1678\"\/><\/figure>\n<\/figure>\n<\/div>\n\n\n\n<div class=\"wp-block-column is-layout-flow wp-block-column-is-layout-flow\">\n<figure class=\"wp-block-gallery has-nested-images columns-default is-cropped wp-block-gallery-6 is-layout-flex wp-block-gallery-is-layout-flex\">\n<figure class=\"wp-block-image size-large\"><img loading=\"lazy\" decoding=\"async\" width=\"372\" height=\"135\" data-id=\"1672\" src=\"https:\/\/serres-lab.com\/wp-content\/uploads\/2022\/10\/logo-univ-montpellier.png\" alt=\"\" class=\"wp-image-1672\"\/><\/figure>\n<\/figure>\n<\/div>\n\n\n\n<div class=\"wp-block-column is-layout-flow wp-block-column-is-layout-flow\">\n<figure class=\"wp-block-gallery has-nested-images columns-default is-cropped wp-block-gallery-7 is-layout-flex wp-block-gallery-is-layout-flex\">\n<figure class=\"wp-block-image size-large\"><img loading=\"lazy\" decoding=\"async\" width=\"406\" height=\"115\" data-id=\"1674\" src=\"https:\/\/serres-lab.com\/wp-content\/uploads\/2022\/10\/logo-Marine-Scotland-Science.png\" alt=\"\" class=\"wp-image-1674\"\/><\/figure>\n<\/figure>\n<\/div>\n<\/div>\n<\/div>\n<\/div>\n<\/div>\n<\/div>\n","protected":false},"excerpt":{"rendered":"<p>Collaborations internationales 2020-2022 Coordinateur d&rsquo;une collaboration europ\u00e9enne autour de la robotique hexapode visant \u00e0 terme le d\u00e9p\u00f4t d\u2019une ERC SYNERGY [&hellip;]<\/p>\n","protected":false},"author":1,"featured_media":0,"parent":33,"menu_order":1,"comment_status":"closed","ping_status":"closed","template":"","meta":{"footnotes":""},"class_list":["post-783","page","type-page","status-publish","hentry","entry"],"_links":{"self":[{"href":"https:\/\/serres-lab.com\/fr\/wp-json\/wp\/v2\/pages\/783","targetHints":{"allow":["GET"]}}],"collection":[{"href":"https:\/\/serres-lab.com\/fr\/wp-json\/wp\/v2\/pages"}],"about":[{"href":"https:\/\/serres-lab.com\/fr\/wp-json\/wp\/v2\/types\/page"}],"author":[{"embeddable":true,"href":"https:\/\/serres-lab.com\/fr\/wp-json\/wp\/v2\/users\/1"}],"replies":[{"embeddable":true,"href":"https:\/\/serres-lab.com\/fr\/wp-json\/wp\/v2\/comments?post=783"}],"version-history":[{"count":15,"href":"https:\/\/serres-lab.com\/fr\/wp-json\/wp\/v2\/pages\/783\/revisions"}],"predecessor-version":[{"id":2107,"href":"https:\/\/serres-lab.com\/fr\/wp-json\/wp\/v2\/pages\/783\/revisions\/2107"}],"up":[{"embeddable":true,"href":"https:\/\/serres-lab.com\/fr\/wp-json\/wp\/v2\/pages\/33"}],"wp:attachment":[{"href":"https:\/\/serres-lab.com\/fr\/wp-json\/wp\/v2\/media?parent=783"}],"curies":[{"name":"wp","href":"https:\/\/api.w.org\/{rel}","templated":true}]}}