{"id":787,"date":"2022-09-22T11:23:16","date_gmt":"2022-09-22T09:23:16","guid":{"rendered":"https:\/\/serres-lab.com\/?page_id=787"},"modified":"2025-04-21T11:10:34","modified_gmt":"2025-04-21T09:10:34","slug":"collaborations-industrielles","status":"publish","type":"page","link":"https:\/\/serres-lab.com\/fr\/collaborations\/collaborations-industrielles\/","title":{"rendered":"Collaborations industrielles"},"content":{"rendered":"\n<h2 class=\"wp-block-heading has-x-large-font-size\"><strong>Collaborations <\/strong>industrielles<\/h2>\n\n\n\n<p>Ils nous font confiance. N&rsquo;h\u00e9sitez pas \u00e0 nous contacter pour d\u00e9velopper votre projet de recherche partenariale.<\/p>\n\n\n\n<div class=\"wp-block-columns is-layout-flex wp-container-core-columns-is-layout-28f84493 wp-block-columns-is-layout-flex\">\n<div class=\"wp-block-column is-layout-flow wp-block-column-is-layout-flow\">\n<figure class=\"wp-block-gallery has-nested-images columns-default is-cropped wp-block-gallery-1 is-layout-flex wp-block-gallery-is-layout-flex\">\n<figure class=\"wp-block-image size-full\"><a href=\"https:\/\/www.stellantis.com\/fr\/groupe\/a-propos-de-nous\"><img loading=\"lazy\" decoding=\"async\" width=\"700\" height=\"400\" data-id=\"1744\" src=\"https:\/\/serres-lab.com\/wp-content\/uploads\/2022\/10\/logo-stellantis-2.png\" alt=\"\" class=\"wp-image-1744\"\/><\/a><\/figure>\n<\/figure>\n<\/div>\n\n\n\n<div class=\"wp-block-column is-vertically-aligned-center is-layout-flow wp-block-column-is-layout-flow\">\n<figure class=\"wp-block-gallery has-nested-images columns-default is-cropped wp-block-gallery-2 is-layout-flex wp-block-gallery-is-layout-flex\">\n<figure class=\"wp-block-image size-full\"><a href=\"https:\/\/www.safran-group.com\/fr\/societes\/safran-electronics-defense\"><img loading=\"lazy\" decoding=\"async\" width=\"581\" height=\"165\" data-id=\"2982\" src=\"https:\/\/serres-lab.com\/wp-content\/uploads\/2025\/04\/logo-SAFRAN-1.png\" alt=\"\" class=\"wp-image-2982\"\/><\/a><\/figure>\n<\/figure>\n<\/div>\n<\/div>\n\n\n\n<div class=\"wp-block-columns is-layout-flex wp-container-core-columns-is-layout-28f84493 wp-block-columns-is-layout-flex\">\n<div class=\"wp-block-column is-vertically-aligned-center is-layout-constrained wp-container-core-column-is-layout-f05e5cf5 wp-block-column-is-layout-constrained\">\n<figure class=\"wp-block-gallery has-nested-images columns-default is-cropped wp-block-gallery-3 is-layout-flex wp-block-gallery-is-layout-flex\">\n<figure class=\"wp-block-image size-full\"><a href=\"https:\/\/solnil.com\/\"><img loading=\"lazy\" decoding=\"async\" width=\"1333\" height=\"385\" data-id=\"3004\" src=\"https:\/\/serres-lab.com\/wp-content\/uploads\/2025\/04\/logo-SOLNIL-4.png\" alt=\"\" class=\"wp-image-3004\" srcset=\"https:\/\/serres-lab.com\/wp-content\/uploads\/2025\/04\/logo-SOLNIL-4.png 1333w, https:\/\/serres-lab.com\/wp-content\/uploads\/2025\/04\/logo-SOLNIL-4-800x231.png 800w, https:\/\/serres-lab.com\/wp-content\/uploads\/2025\/04\/logo-SOLNIL-4-768x222.png 768w\" sizes=\"auto, (max-width: 1333px) 100vw, 1333px\" \/><\/a><\/figure>\n<\/figure>\n<\/div>\n\n\n\n<div class=\"wp-block-column is-layout-constrained wp-container-core-column-is-layout-cf909228 wp-block-column-is-layout-constrained\">\n<figure class=\"wp-block-gallery has-nested-images columns-default is-cropped wp-block-gallery-4 is-layout-flex wp-block-gallery-is-layout-flex\">\n<figure class=\"wp-block-image size-full\"><a href=\"https:\/\/www.twinswheel.fr\/\"><img loading=\"lazy\" decoding=\"async\" width=\"256\" height=\"104\" data-id=\"1724\" src=\"https:\/\/serres-lab.com\/wp-content\/uploads\/2022\/10\/logo-TwinswHeel.png\" alt=\"\" class=\"wp-image-1724\"\/><\/a><\/figure>\n<\/figure>\n<\/div>\n<\/div>\n\n\n\n<div class=\"wp-block-columns is-layout-flex wp-container-core-columns-is-layout-28f84493 wp-block-columns-is-layout-flex\">\n<div class=\"wp-block-column is-vertically-aligned-center is-layout-constrained wp-container-core-column-is-layout-f05e5cf5 wp-block-column-is-layout-constrained\">\n<figure class=\"wp-block-gallery has-nested-images columns-default is-cropped wp-block-gallery-5 is-layout-flex wp-block-gallery-is-layout-flex\">\n<figure class=\"wp-block-image size-full\"><a href=\"https:\/\/nexvision.fr\/fr\/\"><img loading=\"lazy\" decoding=\"async\" width=\"800\" height=\"600\" data-id=\"2990\" src=\"https:\/\/serres-lab.com\/wp-content\/uploads\/2025\/04\/logo-NEXVISON.jpg\" alt=\"\" class=\"wp-image-2990\" srcset=\"https:\/\/serres-lab.com\/wp-content\/uploads\/2025\/04\/logo-NEXVISON.jpg 800w, https:\/\/serres-lab.com\/wp-content\/uploads\/2025\/04\/logo-NEXVISON-768x576.jpg 768w\" sizes=\"auto, (max-width: 800px) 100vw, 800px\" \/><\/a><\/figure>\n<\/figure>\n<\/div>\n\n\n\n<div class=\"wp-block-column is-layout-constrained wp-container-core-column-is-layout-cf909228 wp-block-column-is-layout-constrained\">\n<figure class=\"wp-block-gallery has-nested-images columns-default is-cropped wp-block-gallery-6 is-layout-flex wp-block-gallery-is-layout-flex\">\n<figure class=\"wp-block-image size-full\"><a href=\"https:\/\/taur-site.webflow.io\/\"><img loading=\"lazy\" decoding=\"async\" width=\"200\" height=\"200\" data-id=\"2988\" src=\"https:\/\/serres-lab.com\/wp-content\/uploads\/2025\/04\/logo-TAUR.png\" alt=\"\" class=\"wp-image-2988\"\/><\/a><\/figure>\n<\/figure>\n<\/div>\n<\/div>\n\n\n\n<p><\/p>\n","protected":false},"excerpt":{"rendered":"<p>Collaborations industrielles Ils nous font confiance. N&rsquo;h\u00e9sitez pas \u00e0 nous contacter pour d\u00e9velopper votre projet de recherche partenariale.<\/p>\n","protected":false},"author":1,"featured_media":0,"parent":33,"menu_order":3,"comment_status":"closed","ping_status":"closed","template":"","meta":{"footnotes":""},"class_list":["post-787","page","type-page","status-publish","hentry","entry"],"_links":{"self":[{"href":"https:\/\/serres-lab.com\/fr\/wp-json\/wp\/v2\/pages\/787","targetHints":{"allow":["GET"]}}],"collection":[{"href":"https:\/\/serres-lab.com\/fr\/wp-json\/wp\/v2\/pages"}],"about":[{"href":"https:\/\/serres-lab.com\/fr\/wp-json\/wp\/v2\/types\/page"}],"author":[{"embeddable":true,"href":"https:\/\/serres-lab.com\/fr\/wp-json\/wp\/v2\/users\/1"}],"replies":[{"embeddable":true,"href":"https:\/\/serres-lab.com\/fr\/wp-json\/wp\/v2\/comments?post=787"}],"version-history":[{"count":18,"href":"https:\/\/serres-lab.com\/fr\/wp-json\/wp\/v2\/pages\/787\/revisions"}],"predecessor-version":[{"id":3013,"href":"https:\/\/serres-lab.com\/fr\/wp-json\/wp\/v2\/pages\/787\/revisions\/3013"}],"up":[{"embeddable":true,"href":"https:\/\/serres-lab.com\/fr\/wp-json\/wp\/v2\/pages\/33"}],"wp:attachment":[{"href":"https:\/\/serres-lab.com\/fr\/wp-json\/wp\/v2\/media?parent=787"}],"curies":[{"name":"wp","href":"https:\/\/api.w.org\/{rel}","templated":true}]}}