{"id":86,"date":"2022-03-10T13:42:10","date_gmt":"2022-03-10T12:42:10","guid":{"rendered":"https:\/\/serres-lab.com\/?page_id=86"},"modified":"2023-10-12T17:25:32","modified_gmt":"2023-10-12T15:25:32","slug":"contact","status":"publish","type":"page","link":"https:\/\/serres-lab.com\/fr\/contact\/","title":{"rendered":"Contact"},"content":{"rendered":"\n<div style=\"height:100px\" aria-hidden=\"true\" class=\"wp-block-spacer\"><\/div>\n\n\n\n<div class=\"wp-block-columns alignfull is-layout-flex wp-container-core-columns-is-layout-28f84493 wp-block-columns-is-layout-flex\">\n<div class=\"wp-block-column is-layout-flow wp-block-column-is-layout-flow\">\n<p><strong>Courriel<\/strong><br>j<a href=\"mailto:ulien.serres@univ-amu.fr\">ulien.serres@univ-amu.fr<\/a><\/p>\n\n\n\n<p><strong>Tel<\/strong>.<br>+33 (0) 4 13 94 60 99<\/p>\n\n\n\n<p><strong>Adresse<\/strong><br><strong>Julien Serres &#8211; Ma\u00eetre de Conf\u00e9rences<\/strong><br>Institut des Sciences du Mouvement &#8211; \u00c9tienne-Jules Marey UMR7287<br>\u00c9quipe Syst\u00e8mes Bio-Inspir\u00e9s (SBI)<br>Facult\u00e9 des Sciences du Sport<br>CP910<br>163 Avenue de Luminy<br>13009 MARSEILLE, FRANCE<\/p>\n\n\n\n<figure class=\"wp-block-gallery has-nested-images columns-default is-cropped wp-block-gallery-1 is-layout-flex wp-block-gallery-is-layout-flex\">\n<figure class=\"wp-block-image size-large\"><img loading=\"lazy\" decoding=\"async\" width=\"1800\" height=\"1273\" data-id=\"2499\" src=\"https:\/\/serres-lab.com\/wp-content\/uploads\/2023\/10\/AccessMap_ISM_SBI_Luminy_2023-1800x1273.png\" alt=\"\" class=\"wp-image-2499\" srcset=\"https:\/\/serres-lab.com\/wp-content\/uploads\/2023\/10\/AccessMap_ISM_SBI_Luminy_2023-1800x1273.png 1800w, https:\/\/serres-lab.com\/wp-content\/uploads\/2023\/10\/AccessMap_ISM_SBI_Luminy_2023-800x566.png 800w, https:\/\/serres-lab.com\/wp-content\/uploads\/2023\/10\/AccessMap_ISM_SBI_Luminy_2023-768x543.png 768w, https:\/\/serres-lab.com\/wp-content\/uploads\/2023\/10\/AccessMap_ISM_SBI_Luminy_2023-1536x1086.png 1536w, https:\/\/serres-lab.com\/wp-content\/uploads\/2023\/10\/AccessMap_ISM_SBI_Luminy_2023-2048x1448.png 2048w\" sizes=\"auto, (max-width: 1800px) 100vw, 1800px\" \/><\/figure>\n<\/figure>\n<\/div>\n\n\n\n<div class=\"wp-block-column is-layout-flow wp-block-column-is-layout-flow\">\n<iframe src=\"https:\/\/www.google.com\/maps\/embed?pb=!1m18!1m12!1m3!1d46509.724126813715!2d5.410000630301533!3d43.23344184948797!2m3!1f0!2f0!3f0!3m2!1i1024!2i768!4f13.1!3m3!1m2!1s0x12c9b990771b8d69%3A0xaa8f16dc96297279!2sBiorobotics-ISM!5e0!3m2!1sfr!2sfr!4v1667561377963!5m2!1sfr!2sfr\" width=\"100%\" height=\"550\" style=\"border:0;\" allowfullscreen=\"\" loading=\"lazy\" referrerpolicy=\"no-referrer-when-downgrade\"><\/iframe>\n<\/div>\n<\/div>\n","protected":false},"excerpt":{"rendered":"<p>Courrieljulien.serres@univ-amu.fr Tel.+33 (0) 4 13 94 60 99 AdresseJulien Serres &#8211; Ma\u00eetre de Conf\u00e9rencesInstitut des Sciences du Mouvement &#8211; \u00c9tienne-Jules [&hellip;]<\/p>\n","protected":false},"author":1,"featured_media":0,"parent":0,"menu_order":20,"comment_status":"closed","ping_status":"closed","template":"","meta":{"footnotes":""},"class_list":["post-86","page","type-page","status-publish","hentry","entry"],"_links":{"self":[{"href":"https:\/\/serres-lab.com\/fr\/wp-json\/wp\/v2\/pages\/86","targetHints":{"allow":["GET"]}}],"collection":[{"href":"https:\/\/serres-lab.com\/fr\/wp-json\/wp\/v2\/pages"}],"about":[{"href":"https:\/\/serres-lab.com\/fr\/wp-json\/wp\/v2\/types\/page"}],"author":[{"embeddable":true,"href":"https:\/\/serres-lab.com\/fr\/wp-json\/wp\/v2\/users\/1"}],"replies":[{"embeddable":true,"href":"https:\/\/serres-lab.com\/fr\/wp-json\/wp\/v2\/comments?post=86"}],"version-history":[{"count":13,"href":"https:\/\/serres-lab.com\/fr\/wp-json\/wp\/v2\/pages\/86\/revisions"}],"predecessor-version":[{"id":2504,"href":"https:\/\/serres-lab.com\/fr\/wp-json\/wp\/v2\/pages\/86\/revisions\/2504"}],"wp:attachment":[{"href":"https:\/\/serres-lab.com\/fr\/wp-json\/wp\/v2\/media?parent=86"}],"curies":[{"name":"wp","href":"https:\/\/api.w.org\/{rel}","templated":true}]}}